{"id":18112,"date":"2019-12-11T16:41:27","date_gmt":"2019-12-11T16:41:27","guid":{"rendered":"https:\/\/www.orlan.eu\/18112-2\/"},"modified":"2024-03-13T13:19:04","modified_gmt":"2024-03-13T13:19:04","slug":"","status":"publish","type":"page","link":"https:\/\/www.orlan.eu\/en\/","title":{"rendered":""},"content":{"rendered":"\n<p><img data-recalc-dims=\"1\" loading=\"lazy\" decoding=\"async\" class=\"aligncenter size-full wp-image-19266\" src=\"https:\/\/i0.wp.com\/www.orlan.eu\/wp-content\/uploads\/2024\/03\/mozaic-total-copie2-scaled.jpg?resize=1810%2C2560\" alt=\"\" width=\"1810\" height=\"2560\" srcset=\"https:\/\/i0.wp.com\/www.orlan.eu\/wp-content\/uploads\/2024\/03\/mozaic-total-copie2-scaled.jpg?w=1810&amp;ssl=1 1810w, https:\/\/i0.wp.com\/www.orlan.eu\/wp-content\/uploads\/2024\/03\/mozaic-total-copie2-scaled.jpg?resize=71%2C100&amp;ssl=1 71w, https:\/\/i0.wp.com\/www.orlan.eu\/wp-content\/uploads\/2024\/03\/mozaic-total-copie2-scaled.jpg?resize=768%2C1086&amp;ssl=1 768w, https:\/\/i0.wp.com\/www.orlan.eu\/wp-content\/uploads\/2024\/03\/mozaic-total-copie2-scaled.jpg?resize=1086%2C1536&amp;ssl=1 1086w, https:\/\/i0.wp.com\/www.orlan.eu\/wp-content\/uploads\/2024\/03\/mozaic-total-copie2-scaled.jpg?resize=1448%2C2048&amp;ssl=1 1448w\" sizes=\"auto, (max-width: 1000px) 100vw, 1000px\" \/><\/p>\n<h1 style=\"text-align: center;\"><span style=\"color: #000000;\"><strong>Discover ORLAN&#8217;s new series :&nbsp;<\/strong><\/span><\/h1>\n<h1 style=\"text-align: center;\"><span style=\"text-decoration: underline;\"><span style=\"color: #000000;\"><span style=\"color: #0000ff;\"><em><strong><a style=\"color: #0000ff; text-decoration: underline;\" href=\"https:\/\/www.orlan.eu\/works\/photo-2\/\">I allow you to be me, I allow myself to be you, 2024<\/a><\/strong><\/em><\/span><\/span><\/span><\/h1>\n<p>&nbsp;<\/p>\n<p><!-- \/wp:post-content --><!-- wp:tadv\/classic-paragraph \/--><\/p>\n<p><!-- wp:tadv\/classic-paragraph --><\/p>\n<p><img data-recalc-dims=\"1\" loading=\"lazy\" decoding=\"async\" class=\"aligncenter size-full wp-image-19162\" src=\"https:\/\/i0.wp.com\/www.orlan.eu\/wp-content\/uploads\/2024\/02\/Capture-decran-2024-02-20-a-14.08.20.png?resize=2978%2C2160\" alt=\"\" width=\"2978\" height=\"2160\" srcset=\"https:\/\/i0.wp.com\/www.orlan.eu\/wp-content\/uploads\/2024\/02\/Capture-decran-2024-02-20-a-14.08.20.png?w=2978&amp;ssl=1 2978w, https:\/\/i0.wp.com\/www.orlan.eu\/wp-content\/uploads\/2024\/02\/Capture-decran-2024-02-20-a-14.08.20.png?resize=100%2C73&amp;ssl=1 100w, https:\/\/i0.wp.com\/www.orlan.eu\/wp-content\/uploads\/2024\/02\/Capture-decran-2024-02-20-a-14.08.20.png?resize=768%2C557&amp;ssl=1 768w, https:\/\/i0.wp.com\/www.orlan.eu\/wp-content\/uploads\/2024\/02\/Capture-decran-2024-02-20-a-14.08.20.png?resize=1536%2C1114&amp;ssl=1 1536w, https:\/\/i0.wp.com\/www.orlan.eu\/wp-content\/uploads\/2024\/02\/Capture-decran-2024-02-20-a-14.08.20.png?resize=2048%2C1485&amp;ssl=1 2048w\" sizes=\"auto, (max-width: 1000px) 100vw, 1000px\" \/><\/p>\n<h2 style=\"text-align: center;\"><span style=\"color: #000000;\"><strong><em>The endangered polar bear and new robots made from recycled objects and materials.  <\/em><\/strong><strong><em>Version 2, 2024<\/em><\/strong><\/span><\/h2>\n<h2 style=\"text-align: center;\">&nbsp;<\/h2>\n<p>&nbsp;<\/p>\n<p><img data-recalc-dims=\"1\" loading=\"lazy\" decoding=\"async\" class=\"aligncenter size-full wp-image-19124\" src=\"https:\/\/i0.wp.com\/www.orlan.eu\/wp-content\/uploads\/2024\/02\/Capture-decran-2024-02-15-a-14.36.15.png?resize=1122%2C956\" alt=\"\" width=\"1122\" height=\"956\" srcset=\"https:\/\/i0.wp.com\/www.orlan.eu\/wp-content\/uploads\/2024\/02\/Capture-decran-2024-02-15-a-14.36.15.png?w=1122&amp;ssl=1 1122w, https:\/\/i0.wp.com\/www.orlan.eu\/wp-content\/uploads\/2024\/02\/Capture-decran-2024-02-15-a-14.36.15.png?resize=100%2C85&amp;ssl=1 100w, https:\/\/i0.wp.com\/www.orlan.eu\/wp-content\/uploads\/2024\/02\/Capture-decran-2024-02-15-a-14.36.15.png?resize=768%2C654&amp;ssl=1 768w\" sizes=\"auto, (max-width: 1000px) 100vw, 1000px\" \/><\/p>\n<h2 style=\"text-align: center;\"><span style=\"color: #000000;\"><strong>Defiguration-Refiguration, Mayan Self-Hybridizations: ORLAN hybridized with Mayan anthropomorphic figures N\u00b013, Photo Montage, 2022<\/strong><\/span><\/h2>\n<p>&nbsp;<\/p>\n<p>&nbsp;<\/p>\n<p><img data-recalc-dims=\"1\" loading=\"lazy\" decoding=\"async\" class=\"aligncenter size-full wp-image-19046\" src=\"https:\/\/i0.wp.com\/www.orlan.eu\/wp-content\/uploads\/2024\/02\/2023_nov_ORLAN_001_137_Retouchee-scaled.jpg?resize=1920%2C2560\" alt=\"\" width=\"1920\" height=\"2560\" srcset=\"https:\/\/i0.wp.com\/www.orlan.eu\/wp-content\/uploads\/2024\/02\/2023_nov_ORLAN_001_137_Retouchee-scaled.jpg?w=1920&amp;ssl=1 1920w, https:\/\/i0.wp.com\/www.orlan.eu\/wp-content\/uploads\/2024\/02\/2023_nov_ORLAN_001_137_Retouchee-scaled.jpg?resize=75%2C100&amp;ssl=1 75w, https:\/\/i0.wp.com\/www.orlan.eu\/wp-content\/uploads\/2024\/02\/2023_nov_ORLAN_001_137_Retouchee-scaled.jpg?resize=768%2C1024&amp;ssl=1 768w, https:\/\/i0.wp.com\/www.orlan.eu\/wp-content\/uploads\/2024\/02\/2023_nov_ORLAN_001_137_Retouchee-scaled.jpg?resize=1152%2C1536&amp;ssl=1 1152w, https:\/\/i0.wp.com\/www.orlan.eu\/wp-content\/uploads\/2024\/02\/2023_nov_ORLAN_001_137_Retouchee-scaled.jpg?resize=1536%2C2048&amp;ssl=1 1536w\" sizes=\"auto, (max-width: 1000px) 100vw, 1000px\" \/><\/p>\n<p>&nbsp;<\/p>\n<p>&nbsp;<\/p>\n<h2 style=\"text-align: center;\"><span style=\"color: #000000;\"><strong>ORLAN X CHARLIE LE MINDU&nbsp;<\/strong><\/span><\/h2>\n<p>&nbsp;<\/p>\n<p>&nbsp;<\/p>\n<p><img data-recalc-dims=\"1\" loading=\"lazy\" decoding=\"async\" class=\"aligncenter size-full wp-image-15305\" src=\"https:\/\/i0.wp.com\/www.orlan.eu\/wp-content\/uploads\/2023\/09\/Capture-decran-2023-09-21-a-14.11.09-1.png?resize=884%2C892\" alt=\"\" width=\"884\" height=\"892\" srcset=\"https:\/\/i0.wp.com\/www.orlan.eu\/wp-content\/uploads\/2023\/09\/Capture-decran-2023-09-21-a-14.11.09-1.png?w=884&amp;ssl=1 884w, https:\/\/i0.wp.com\/www.orlan.eu\/wp-content\/uploads\/2023\/09\/Capture-decran-2023-09-21-a-14.11.09-1.png?resize=100%2C100&amp;ssl=1 100w, https:\/\/i0.wp.com\/www.orlan.eu\/wp-content\/uploads\/2023\/09\/Capture-decran-2023-09-21-a-14.11.09-1.png?resize=768%2C775&amp;ssl=1 768w\" sizes=\"auto, (max-width: 884px) 100vw, 884px\" \/><\/p>\n<h2 style=\"text-align: center;\"><span style=\"color: #000000;\"><strong><img data-recalc-dims=\"1\" loading=\"lazy\" decoding=\"async\" class=\"aligncenter size-full wp-image-15684\" src=\"https:\/\/i0.wp.com\/www.orlan.eu\/wp-content\/uploads\/2023\/10\/CamilleFournetXORLAN_SayWho_SherazDebbich2023-0042.jpg?resize=1207%2C805\" alt=\"\" width=\"1207\" height=\"805\" srcset=\"https:\/\/i0.wp.com\/www.orlan.eu\/wp-content\/uploads\/2023\/10\/CamilleFournetXORLAN_SayWho_SherazDebbich2023-0042.jpg?w=1207&amp;ssl=1 1207w, https:\/\/i0.wp.com\/www.orlan.eu\/wp-content\/uploads\/2023\/10\/CamilleFournetXORLAN_SayWho_SherazDebbich2023-0042.jpg?resize=100%2C67&amp;ssl=1 100w, https:\/\/i0.wp.com\/www.orlan.eu\/wp-content\/uploads\/2023\/10\/CamilleFournetXORLAN_SayWho_SherazDebbich2023-0042.jpg?resize=768%2C512&amp;ssl=1 768w\" sizes=\"auto, (max-width: 1000px) 100vw, 1000px\" \/><\/strong><\/span><\/h2>\n<h1 style=\"text-align: center;\">&nbsp;<\/h1>\n<h1 style=\"text-align: center;\"><span style=\"color: #000000;\"><strong>ORLAN X CAMILLE FOURNET<\/strong><\/span><\/h1>\n<h2 style=\"text-align: center;\"><span style=\"color: #000000;\"><strong>COLLECTION CAPSULE &#8220;De corps en corps<\/strong><em>&#8220;<\/em><\/span><\/h2>\n<h2 style=\"text-align: center;\"><em><span style=\"color: #000000;\">The endangered African forest elephant and new robots made from recycled objects and materials<\/span><\/em><\/h2>\n<h2 style=\"text-align: center;\"><span style=\"color: #000000;\"><strong>&nbsp;<\/strong><\/span><\/h2>\n<p style=\"text-align: center;\">&nbsp;<\/p>\n<p><!-- \/wp:tadv\/classic-paragraph --><\/p>\n<p><!-- wp:tadv\/classic-paragraph --><\/p>\n<p><img data-recalc-dims=\"1\" loading=\"lazy\" decoding=\"async\" class=\"aligncenter size-full wp-image-15300\" src=\"https:\/\/i0.wp.com\/www.orlan.eu\/wp-content\/uploads\/2023\/09\/Sesc-Avenida-Paulista_20230831_Entrevista-ORLAN_FT-Matheus-JosA%C2%A9-Maria-26-1-scaled.jpg?resize=2560%2C1920\" alt=\"\" width=\"2560\" height=\"1920\"><img data-recalc-dims=\"1\" loading=\"lazy\" decoding=\"async\" class=\"aligncenter size-full wp-image-15299\" src=\"https:\/\/i0.wp.com\/www.orlan.eu\/wp-content\/uploads\/2023\/09\/Sesc-Avenida-Paulista_20230831_Entrevista-ORLAN_FT-Matheus-JosA%C2%A9-Maria-85-scaled.jpg?resize=2397%2C2560\" alt=\"\" width=\"2397\" height=\"2560\"><\/p>\n<h3><img data-recalc-dims=\"1\" loading=\"lazy\" decoding=\"async\" class=\"aligncenter size-full wp-image-15245\" src=\"https:\/\/i0.wp.com\/www.orlan.eu\/wp-content\/uploads\/2023\/08\/2018_05_ORLAN_ORLANOIDE_IMG_5001_Virgile_Novarina-r1-scaled.jpg?resize=2560%2C1581\" alt=\"\" width=\"2560\" height=\"1581\" srcset=\"https:\/\/i0.wp.com\/www.orlan.eu\/wp-content\/uploads\/2023\/08\/2018_05_ORLAN_ORLANOIDE_IMG_5001_Virgile_Novarina-r1-scaled.jpg?w=2560&amp;ssl=1 2560w, https:\/\/i0.wp.com\/www.orlan.eu\/wp-content\/uploads\/2023\/08\/2018_05_ORLAN_ORLANOIDE_IMG_5001_Virgile_Novarina-r1-scaled.jpg?resize=100%2C62&amp;ssl=1 100w, https:\/\/i0.wp.com\/www.orlan.eu\/wp-content\/uploads\/2023\/08\/2018_05_ORLAN_ORLANOIDE_IMG_5001_Virgile_Novarina-r1-scaled.jpg?resize=768%2C474&amp;ssl=1 768w, https:\/\/i0.wp.com\/www.orlan.eu\/wp-content\/uploads\/2023\/08\/2018_05_ORLAN_ORLANOIDE_IMG_5001_Virgile_Novarina-r1-scaled.jpg?resize=1536%2C949&amp;ssl=1 1536w, https:\/\/i0.wp.com\/www.orlan.eu\/wp-content\/uploads\/2023\/08\/2018_05_ORLAN_ORLANOIDE_IMG_5001_Virgile_Novarina-r1-scaled.jpg?resize=2048%2C1265&amp;ssl=1 2048w, https:\/\/i0.wp.com\/www.orlan.eu\/wp-content\/uploads\/2023\/08\/2018_05_ORLAN_ORLANOIDE_IMG_5001_Virgile_Novarina-r1-scaled.jpg?resize=600%2C370&amp;ssl=1 600w\" sizes=\"auto, (max-width: 1000px) 100vw, 1000px\" \/><\/h3>\n<h2 style=\"text-align: center;\"><strong><span style=\"color: #000000;\">BECOMING ORLAN. CREATION AND EMANCIPATION, SESC PAULISTA S\u00c3O PAULO<\/span><\/strong><\/h2>\n<p>&nbsp;<\/p>\n<p>&nbsp;<\/p>\n<p><!-- \/wp:tadv\/classic-paragraph --><\/p>\n<h1 style=\"text-align: center;\"><img data-recalc-dims=\"1\" loading=\"lazy\" decoding=\"async\" class=\"alignnone wp-image-15083\" src=\"https:\/\/i0.wp.com\/www.orlan.eu\/wp-content\/uploads\/2023\/07\/LibroORLAN-1280x1581-1-81x100.jpg?resize=674%2C832\" alt=\"\" width=\"674\" height=\"832\" srcset=\"https:\/\/i0.wp.com\/www.orlan.eu\/wp-content\/uploads\/2023\/07\/LibroORLAN-1280x1581-1.jpg?resize=81%2C100&amp;ssl=1 81w, https:\/\/i0.wp.com\/www.orlan.eu\/wp-content\/uploads\/2023\/07\/LibroORLAN-1280x1581-1.jpg?resize=768%2C949&amp;ssl=1 768w, https:\/\/i0.wp.com\/www.orlan.eu\/wp-content\/uploads\/2023\/07\/LibroORLAN-1280x1581-1.jpg?resize=1244%2C1536&amp;ssl=1 1244w, https:\/\/i0.wp.com\/www.orlan.eu\/wp-content\/uploads\/2023\/07\/LibroORLAN-1280x1581-1.jpg?w=1280&amp;ssl=1 1280w\" sizes=\"auto, (max-width: 674px) 100vw, 674px\" \/><\/h1>\n<h2 style=\"text-align: center;\"><span style=\"color: #000000;\"><strong><span style=\"font-size: revert;\">ORLAN &#8211; Visiting M\u00e9rida<\/span><\/strong><\/span><\/h2>\n<h2 style=\"text-align: center;\"><strong><span style=\"color: #000000;\">Edited by Le\u00cfla Voight<\/span><\/strong><\/h2>\n<p style=\"text-align: center;\"><a class=\"button\" style=\"background-color: #b51616;\" href=\"http:\/\/lacupulamerida.org\/wp-content\/uploads\/2023\/06\/LibroORLAN_Merida.pdf\">DOWNLOAD THE BOOK<\/a><\/p>\n<p style=\"text-align: center;\"><a class=\"button\" style=\"background-color: #b51616;\" href=\"http:\/\/lacupulamerida.org\/wp-content\/uploads\/2023\/07\/LivreORLANaMeridaES_FR.pdf\" data-wplink-edit=\"true\">DOWNLOAD THE BOOK<\/a><\/p>\n<p><img data-recalc-dims=\"1\" loading=\"lazy\" decoding=\"async\" class=\" wp-image-15089 aligncenter\" src=\"https:\/\/i0.wp.com\/www.orlan.eu\/wp-content\/uploads\/2023\/07\/TRACKLIST-FINALS-1-Large-100x50.jpeg?resize=894%2C447\" alt=\"\" width=\"894\" height=\"447\" srcset=\"https:\/\/i0.wp.com\/www.orlan.eu\/wp-content\/uploads\/2023\/07\/TRACKLIST-FINALS-1-Large.jpeg?resize=100%2C50&amp;ssl=1 100w, https:\/\/i0.wp.com\/www.orlan.eu\/wp-content\/uploads\/2023\/07\/TRACKLIST-FINALS-1-Large.jpeg?resize=768%2C384&amp;ssl=1 768w, https:\/\/i0.wp.com\/www.orlan.eu\/wp-content\/uploads\/2023\/07\/TRACKLIST-FINALS-1-Large.jpeg?w=1280&amp;ssl=1 1280w\" sizes=\"auto, (max-width: 894px) 100vw, 894px\" \/><\/p>\n<h3><iframe loading=\"lazy\" style=\"border-radius: 12px;\" src=\"https:\/\/open.spotify.com\/embed\/album\/6Utf4s23XeMJhodWLl4uDl?utm_source=generator\" width=\"100%\" height=\"352\" frameborder=\"0\" allowfullscreen=\"allowfullscreen\"><\/iframe><\/h3>\n<p><img data-recalc-dims=\"1\" loading=\"lazy\" decoding=\"async\" class=\"wp-image-15095 aligncenter\" src=\"https:\/\/i0.wp.com\/www.orlan.eu\/wp-content\/uploads\/2023\/07\/image-OLYMPIA-71x100.jpeg?resize=794%2C1118\" alt=\"\" width=\"794\" height=\"1118\"><\/p>\n<h3>&nbsp;<\/h3>\n<h3 style=\"text-align: center;\"><span style=\"color: #000000;\"><strong>&nbsp;LE SLOW DE L&#8217;ARTISTE 2022-2023<\/strong><\/span><\/h3>\n<p>&nbsp;<\/p>\n<p><img data-recalc-dims=\"1\" loading=\"lazy\" decoding=\"async\" class=\" wp-image-15086 aligncenter\" src=\"https:\/\/i0.wp.com\/www.orlan.eu\/wp-content\/uploads\/2023\/07\/81OYN27nY8L._SL1500_-82x100.jpg?resize=568%2C693\" alt=\"\" width=\"568\" height=\"693\" srcset=\"https:\/\/i0.wp.com\/www.orlan.eu\/wp-content\/uploads\/2023\/07\/81OYN27nY8L._SL1500_.jpg?resize=82%2C100&amp;ssl=1 82w, https:\/\/i0.wp.com\/www.orlan.eu\/wp-content\/uploads\/2023\/07\/81OYN27nY8L._SL1500_.jpg?resize=768%2C936&amp;ssl=1 768w, https:\/\/i0.wp.com\/www.orlan.eu\/wp-content\/uploads\/2023\/07\/81OYN27nY8L._SL1500_.jpg?w=1231&amp;ssl=1 1231w\" sizes=\"auto, (max-width: 568px) 100vw, 568px\" \/><\/p>\n<p>&nbsp;<\/p>\n<h2 style=\"text-align: center;\"><span style=\"color: #000000;\"><strong>ORLAN: SIX DECADES<\/strong><\/span><\/h2>\n<h2 style=\"text-align: center;\"><strong><span style=\"color: #000000;\">PUBLISHED BY THE VERBUND COLLECTION AND HATJE CANTZ&nbsp;<\/span><\/strong><\/h2>\n<p style=\"text-align: center;\"><a class=\"button\" style=\"background-color: #b51616;\" href=\"https:\/\/www.amazon.fr\/Orlan-Six-Decades-Gabriele-Schor\/dp\/3775754326\">GET THE BOOK<\/a><\/p>\n<h2 style=\"text-align: center;\"><img data-recalc-dims=\"1\" loading=\"lazy\" decoding=\"async\" class=\"alignnone wp-image-15118\" src=\"https:\/\/i0.wp.com\/www.orlan.eu\/wp-content\/uploads\/2023\/07\/ORIGINE--100x85.png?resize=701%2C595\" alt=\"\" width=\"701\" height=\"595\" srcset=\"https:\/\/i0.wp.com\/www.orlan.eu\/wp-content\/uploads\/2023\/07\/ORIGINE-.png?resize=100%2C85&amp;ssl=1 100w, https:\/\/i0.wp.com\/www.orlan.eu\/wp-content\/uploads\/2023\/07\/ORIGINE-.png?w=624&amp;ssl=1 624w\" sizes=\"auto, (max-width: 701px) 100vw, 701px\" \/><\/h2>\n<h2>&nbsp;<\/h2>\n<h2 style=\"text-align: center;\"><span style=\"color: #000000;\"><em><strong>The origin of war<\/strong><\/em><\/span><\/h2>\n<p>&nbsp;<\/p>\n<p><img data-recalc-dims=\"1\" loading=\"lazy\" decoding=\"async\" class=\"wp-image-15090 aligncenter\" src=\"https:\/\/i0.wp.com\/www.orlan.eu\/wp-content\/uploads\/2023\/07\/Circulo_Bellas_Artes_RDP_Photoespana_2023_JOR2315-100x67.jpg?resize=690%2C462\" alt=\"\" width=\"690\" height=\"462\" srcset=\"https:\/\/i0.wp.com\/www.orlan.eu\/wp-content\/uploads\/2023\/07\/Circulo_Bellas_Artes_RDP_Photoespana_2023_JOR2315.jpg?resize=100%2C67&amp;ssl=1 100w, https:\/\/i0.wp.com\/www.orlan.eu\/wp-content\/uploads\/2023\/07\/Circulo_Bellas_Artes_RDP_Photoespana_2023_JOR2315.jpg?resize=768%2C514&amp;ssl=1 768w, https:\/\/i0.wp.com\/www.orlan.eu\/wp-content\/uploads\/2023\/07\/Circulo_Bellas_Artes_RDP_Photoespana_2023_JOR2315.jpg?resize=1536%2C1029&amp;ssl=1 1536w, https:\/\/i0.wp.com\/www.orlan.eu\/wp-content\/uploads\/2023\/07\/Circulo_Bellas_Artes_RDP_Photoespana_2023_JOR2315.jpg?resize=2048%2C1371&amp;ssl=1 2048w\" sizes=\"auto, (max-width: 690px) 100vw, 690px\" \/><\/p>\n<h2 style=\"text-align: center;\">&nbsp;<\/h2>\n<h2 style=\"text-align: center;\"><span style=\"color: #000000;\"><strong>ORLAN: Ceci est mon histoire&#8230; de l&#8217;art, PhotoESPA\u00d1A2023 , Rocio Santa Cruz gallery<\/strong><\/span><\/h2>\n<p>`<img data-recalc-dims=\"1\" loading=\"lazy\" decoding=\"async\" class=\"wp-image-15091 aligncenter\" src=\"https:\/\/i0.wp.com\/www.orlan.eu\/wp-content\/uploads\/2023\/07\/Capture-decran-2023-02-01-a-14.44.19-72x100.png?resize=457%2C635\" alt=\"\" width=\"457\" height=\"635\"><\/p>\n<h2 style=\"text-align: center;\">&nbsp;<\/h2>\n<h2 style=\"text-align: center;\"><span style=\"color: #000000;\"><strong><em>ORLAN hybridizes with Empress Eug\u00e9nie and continues in her wake<\/em>, for the exhibition Ch\u00e8re Eug\u00e9nie, Maison Guerlain, Paris2022<\/strong><\/span><\/h2>\n<p>&nbsp;<\/p>\n<p><img data-recalc-dims=\"1\" loading=\"lazy\" decoding=\"async\" class=\" wp-image-15092 aligncenter\" src=\"https:\/\/i0.wp.com\/www.orlan.eu\/wp-content\/uploads\/2023\/07\/unnamed-100x75.jpg?resize=865%2C648\" alt=\"\" width=\"865\" height=\"648\" srcset=\"https:\/\/i0.wp.com\/www.orlan.eu\/wp-content\/uploads\/2023\/07\/unnamed.jpg?resize=100%2C75&amp;ssl=1 100w, https:\/\/i0.wp.com\/www.orlan.eu\/wp-content\/uploads\/2023\/07\/unnamed.jpg?resize=768%2C576&amp;ssl=1 768w, https:\/\/i0.wp.com\/www.orlan.eu\/wp-content\/uploads\/2023\/07\/unnamed.jpg?w=800&amp;ssl=1 800w\" sizes=\"auto, (max-width: 865px) 100vw, 865px\" \/><\/p>\n<h2 style=\"text-align: center;\">&nbsp;<\/h2>\n<h2 style=\"text-align: center;\"><span style=\"color: #000000;\"><strong>  This is my body&#8230; This is my software&#8230;<br \/>Galerie Ceysson &amp; B\u00e9n\u00e9ti\u00e8re , Luxembourg, 2023<\/strong><\/span><\/h2>\n<p>&nbsp;<\/p>\n<p><img data-recalc-dims=\"1\" loading=\"lazy\" decoding=\"async\" class=\" wp-image-15085 aligncenter\" src=\"https:\/\/i0.wp.com\/www.orlan.eu\/wp-content\/uploads\/2023\/07\/Capture-decran-2023-02-01-a-14.26.55-68x100.png?resize=602%2C885\" alt=\"\" width=\"602\" height=\"885\"><\/p>\n<h2 style=\"text-align: center;\"><span style=\"color: #000000;\"><strong><br \/><em>Maya self-hybridization<\/em>, 2022-2023<\/strong><\/span><\/h2>\n<p>&nbsp;<\/p>\n<p><img data-recalc-dims=\"1\" loading=\"lazy\" decoding=\"async\" class=\" wp-image-15111 aligncenter\" src=\"https:\/\/i0.wp.com\/www.orlan.eu\/wp-content\/uploads\/2023\/07\/Capture-decran-2023-04-07-a-17.39.59-100x100.png?resize=710%2C710\" alt=\"\" width=\"710\" height=\"710\" srcset=\"https:\/\/i0.wp.com\/www.orlan.eu\/wp-content\/uploads\/2023\/07\/Capture-decran-2023-04-07-a-17.39.59.png?resize=100%2C100&amp;ssl=1 100w, https:\/\/i0.wp.com\/www.orlan.eu\/wp-content\/uploads\/2023\/07\/Capture-decran-2023-04-07-a-17.39.59.png?w=529&amp;ssl=1 529w\" sizes=\"auto, (max-width: 710px) 100vw, 710px\" \/><\/p>\n<h2 style=\"text-align: center;\">&nbsp;<\/h2>\n<h2 style=\"text-align: center;\"><strong><span style=\"color: #000000;\">Face Lace campaign, 2023<\/span><\/strong><\/h2>\n<h3 style=\"text-align: center;\"><strong><span style=\"color: #000000;\">PHOTO BY ALI MAHDAVI<\/span><\/strong><\/h3>\n<p>&nbsp;<\/p>\n<p><img data-recalc-dims=\"1\" loading=\"lazy\" decoding=\"async\" class=\" wp-image-15114 aligncenter\" src=\"https:\/\/i0.wp.com\/www.orlan.eu\/wp-content\/uploads\/2023\/07\/Capture-decran-2023-02-02-a-13.34.45-66x100.png?resize=676%2C1024\" alt=\"\" width=\"676\" height=\"1024\" srcset=\"https:\/\/i0.wp.com\/www.orlan.eu\/wp-content\/uploads\/2023\/07\/Capture-decran-2023-02-02-a-13.34.45.png?resize=66%2C100&amp;ssl=1 66w, https:\/\/i0.wp.com\/www.orlan.eu\/wp-content\/uploads\/2023\/07\/Capture-decran-2023-02-02-a-13.34.45.png?w=350&amp;ssl=1 350w\" sizes=\"auto, (max-width: 676px) 100vw, 676px\" \/><\/p>\n<h2>&nbsp;<\/h2>\n<h2 style=\"text-align: center;\"><span style=\"color: #000000;\"><strong><em><span style=\"color: #000000;\">Endangered animals and new robots made of recycled objects and materials, 2022<\/span><\/em><br \/><\/strong><\/span><\/h2>\n<h2 style=\"text-align: center;\">&nbsp;<\/h2>\n<p>&nbsp;<\/p>\n<p><img data-recalc-dims=\"1\" loading=\"lazy\" decoding=\"async\" class=\"wp-image-15113 aligncenter\" src=\"https:\/\/i0.wp.com\/www.orlan.eu\/wp-content\/uploads\/2023\/07\/JPG_CYBER_LOGO_06-80x100.jpg?resize=671%2C839\" alt=\"\" width=\"671\" height=\"839\" srcset=\"https:\/\/i0.wp.com\/www.orlan.eu\/wp-content\/uploads\/2023\/07\/JPG_CYBER_LOGO_06-scaled.jpg?resize=80%2C100&amp;ssl=1 80w, https:\/\/i0.wp.com\/www.orlan.eu\/wp-content\/uploads\/2023\/07\/JPG_CYBER_LOGO_06-scaled.jpg?resize=768%2C960&amp;ssl=1 768w, https:\/\/i0.wp.com\/www.orlan.eu\/wp-content\/uploads\/2023\/07\/JPG_CYBER_LOGO_06-scaled.jpg?resize=1229%2C1536&amp;ssl=1 1229w, https:\/\/i0.wp.com\/www.orlan.eu\/wp-content\/uploads\/2023\/07\/JPG_CYBER_LOGO_06-scaled.jpg?resize=1638%2C2048&amp;ssl=1 1638w, https:\/\/i0.wp.com\/www.orlan.eu\/wp-content\/uploads\/2023\/07\/JPG_CYBER_LOGO_06-scaled.jpg?w=2048&amp;ssl=1 2048w\" sizes=\"auto, (max-width: 671px) 100vw, 671px\" \/><\/p>\n<h2 style=\"text-align: center;\"><strong><span style=\"color: #000000;\">&nbsp;<\/span><\/strong><\/h2>\n<h2 style=\"text-align: center;\"><strong><span style=\"color: #000000;\">Cyber campaign for Jean-Paul Gaultier, 2022<\/span><br \/><\/strong><\/h2>\n<p>&nbsp;<\/p>\n<p><img data-recalc-dims=\"1\" loading=\"lazy\" decoding=\"async\" class=\"aligncenter\" src=\"https:\/\/i0.wp.com\/www.orlan.eu\/wp-content\/gallery\/les-femmes-qui-pleurent-sont-en-colere-par-femme-avec-tetes-1\/Les-Femmes-qui-pleurent-sont-en-col%C3%A8re-n%C2%B01-e1576083316440.png?resize=747%2C508\" alt=\"Les-Femmes-qui-pleurent-sont-en-col\u00e8re-n\u00b01-e1576083316440\" width=\"747\" height=\"508\"><\/p>\n<h2 style=\"text-align: center;\">&nbsp;<\/h2>\n<h2 style=\"text-align: center;\"><strong><span style=\"color: #000000;\"><em>&nbsp;Women Who Cry Are Angry<\/em>&nbsp;<em>by Femme avec t\u00eate(s<\/em>), 2019-2020<\/span><\/strong><\/h2>\n<p>&nbsp;<\/p>\n<p><img data-recalc-dims=\"1\" loading=\"lazy\" decoding=\"async\" class=\"aligncenter size-full wp-image-13776\" src=\"https:\/\/i0.wp.com\/www.orlan.eu\/wp-content\/uploads\/2023\/03\/ORLAN-lORLANoide.Strip-tease-artistique-electronique-et-verbal-2018-installation-robotique-et-video.-Vues-de-lexposition-Artistes-et-Robots-Paris-Grand-Palais-%C2%A9ORLANSTUDIO-scaled-1.jpg?resize=2560%2C1768\" alt=\"\" width=\"2560\" height=\"1768\"><\/p>\n<h2>&nbsp;<\/h2>\n<h2 style=\"text-align: center;\"><span style=\"color: #000000;\"><a style=\"color: #000000;\" href=\"https:\/\/www.orlan.eu\/sdm_downloads\/8656\/\"><strong>ORLANo\u00efde at the Grand Palais, 2018<\/strong><\/a><\/span><\/h2>\n<p>&nbsp;<\/p>\n<p><img data-recalc-dims=\"1\" loading=\"lazy\" decoding=\"async\" class=\" wp-image-15115 aligncenter\" src=\"https:\/\/i0.wp.com\/www.orlan.eu\/wp-content\/uploads\/2023\/07\/Baiser-de-lartiste-souriante-Large-71x100.jpeg?resize=622%2C877\" alt=\"\" width=\"622\" height=\"877\"><\/p>\n<h2 style=\"text-align: center;\"><strong><span style=\"color: #000000;\">The Artist&#8217;s Kiss, 1977<\/span><\/strong><\/h2>\n<p>&nbsp;<\/p>\n<p><img data-recalc-dims=\"1\" loading=\"lazy\" decoding=\"async\" class=\"aligncenter size-full wp-image-12556\" src=\"https:\/\/i0.wp.com\/www.orlan.eu\/wp-content\/uploads\/2023\/02\/1__orlan_juggling__a11_jongle5_video3_-2.png?resize=4096%2C4096\" alt=\"\" width=\"4096\" height=\"4096\" srcset=\"https:\/\/i0.wp.com\/www.orlan.eu\/wp-content\/uploads\/2023\/02\/1__orlan_juggling__a11_jongle5_video3_-2.png?w=4096&amp;ssl=1 4096w, https:\/\/i0.wp.com\/www.orlan.eu\/wp-content\/uploads\/2023\/02\/1__orlan_juggling__a11_jongle5_video3_-2.png?resize=100%2C100&amp;ssl=1 100w, https:\/\/i0.wp.com\/www.orlan.eu\/wp-content\/uploads\/2023\/02\/1__orlan_juggling__a11_jongle5_video3_-2.png?resize=768%2C768&amp;ssl=1 768w, https:\/\/i0.wp.com\/www.orlan.eu\/wp-content\/uploads\/2023\/02\/1__orlan_juggling__a11_jongle5_video3_-2.png?resize=1536%2C1536&amp;ssl=1 1536w, https:\/\/i0.wp.com\/www.orlan.eu\/wp-content\/uploads\/2023\/02\/1__orlan_juggling__a11_jongle5_video3_-2.png?resize=2048%2C2048&amp;ssl=1 2048w, https:\/\/i0.wp.com\/www.orlan.eu\/wp-content\/uploads\/2023\/02\/1__orlan_juggling__a11_jongle5_video3_-2.png?w=3000&amp;ssl=1 3000w\" sizes=\"auto, (max-width: 1000px) 100vw, 1000px\" \/><\/p>\n<h2 style=\"text-align: center;\"><strong>Avatar of masks of the peking opera, 2014<\/strong><\/h2>\n<p><img data-recalc-dims=\"1\" loading=\"lazy\" decoding=\"async\" class=\"aligncenter size-full wp-image-12552\" src=\"https:\/\/i0.wp.com\/www.orlan.eu\/wp-content\/uploads\/2023\/02\/IMG_0854.jpg?resize=800%2C534\" alt=\"\" width=\"800\" height=\"534\" srcset=\"https:\/\/i0.wp.com\/www.orlan.eu\/wp-content\/uploads\/2023\/02\/IMG_0854.jpg?w=800&amp;ssl=1 800w, https:\/\/i0.wp.com\/www.orlan.eu\/wp-content\/uploads\/2023\/02\/IMG_0854.jpg?resize=100%2C67&amp;ssl=1 100w, https:\/\/i0.wp.com\/www.orlan.eu\/wp-content\/uploads\/2023\/02\/IMG_0854.jpg?resize=768%2C513&amp;ssl=1 768w\" sizes=\"auto, (max-width: 800px) 100vw, 800px\" \/><\/p>\n<h2 style=\"text-align: center;\">&nbsp;<\/h2>\n<h2 style=\"text-align: center;\"><strong><span style=\"color: #000000;\">Differences and repetitions, Robes sans corps : Sculptures de plis, Exhibition view at the Boghossian Foundation, Brussels, Belgium, &#8220;Pudeurs et Col\u00e8res de Femmes&#8221;, 2011<\/span><\/strong><\/h2>\n<p>&nbsp;<\/p>\n<p><!-- wp:tadv\/classic-paragraph --><\/p>\n<h3>&nbsp;<\/h3>\n<h2 style=\"text-align: center;\"><strong>&nbsp;<\/strong><\/h2>\n<h2 style=\"text-align: center;\">&nbsp;<\/h2>\n<div style=\"text-align: center;\">&nbsp;<\/div>\n<p><!-- \/wp:tadv\/classic-paragraph --><\/p>\n","protected":false},"excerpt":{"rendered":"<p>Discover ORLAN&#8217;s new series :&nbsp; I allow you to be me, I allow myself to be you, 2024 &nbsp; The endangered polar bear and new robots made from recycled objects and materials. Version 2, 2024 &nbsp; &nbsp; Defiguration-Refiguration, Mayan Self-Hybridizations: ORLAN hybridized with Mayan anthropomorphic figures N\u00b013, Photo Montage, 2022 &nbsp; &nbsp; &nbsp; &nbsp; ORLAN [&hellip;]<\/p>\n","protected":false},"author":1,"featured_media":0,"parent":0,"menu_order":0,"comment_status":"closed","ping_status":"closed","template":"","meta":{"_eb_attr":"","_monsterinsights_skip_tracking":false,"_monsterinsights_sitenote_active":false,"_monsterinsights_sitenote_note":"","_monsterinsights_sitenote_category":0,"_s2mail":"yes","ngg_post_thumbnail":0,"footnotes":""},"class_list":["post-18112","page","type-page","status-publish","hentry"],"jetpack_sharing_enabled":true,"_links":{"self":[{"href":"https:\/\/www.orlan.eu\/en\/wp-json\/wp\/v2\/pages\/18112","targetHints":{"allow":["GET"]}}],"collection":[{"href":"https:\/\/www.orlan.eu\/en\/wp-json\/wp\/v2\/pages"}],"about":[{"href":"https:\/\/www.orlan.eu\/en\/wp-json\/wp\/v2\/types\/page"}],"author":[{"embeddable":true,"href":"https:\/\/www.orlan.eu\/en\/wp-json\/wp\/v2\/users\/1"}],"replies":[{"embeddable":true,"href":"https:\/\/www.orlan.eu\/en\/wp-json\/wp\/v2\/comments?post=18112"}],"version-history":[{"count":11,"href":"https:\/\/www.orlan.eu\/en\/wp-json\/wp\/v2\/pages\/18112\/revisions"}],"predecessor-version":[{"id":19727,"href":"https:\/\/www.orlan.eu\/en\/wp-json\/wp\/v2\/pages\/18112\/revisions\/19727"}],"wp:attachment":[{"href":"https:\/\/www.orlan.eu\/en\/wp-json\/wp\/v2\/media?parent=18112"}],"curies":[{"name":"wp","href":"https:\/\/api.w.org\/{rel}","templated":true}]}}