{"id":18122,"date":"2023-08-28T16:12:32","date_gmt":"2023-08-28T16:12:32","guid":{"rendered":"http:\/\/www.orlan.eu\/design-stylisme\/"},"modified":"2024-03-13T13:03:47","modified_gmt":"2024-03-13T13:03:47","slug":"design-stylisme","status":"publish","type":"page","link":"https:\/\/www.orlan.eu\/en\/design-stylisme\/","title":{"rendered":"Design \/ Styling"},"content":{"rendered":"\n<p style=\"text-align: left;\">&nbsp;<\/p>\n<p style=\"text-align: left;\"><em>\n  <strong>ORLAN X &nbsp;CAMILLE FOURNET, <\/strong>\n<\/em><strong>capsule collection <\/strong> <em><strong>&#8220;From body to body  &nbsp; &nbsp; &nbsp; &nbsp; &nbsp; &nbsp; &nbsp; &nbsp; &nbsp; &nbsp; &nbsp; &nbsp; &nbsp; &nbsp; &nbsp; &nbsp; &nbsp; &nbsp; &nbsp; &nbsp; &nbsp; &nbsp; &nbsp; &nbsp; &nbsp; &nbsp; &nbsp; &nbsp; &nbsp; &nbsp; &nbsp; &nbsp; &nbsp; &nbsp; &nbsp; &nbsp; &nbsp; &nbsp; &nbsp; &nbsp; &nbsp; &nbsp; &nbsp; &nbsp; &nbsp; &nbsp; &nbsp; &nbsp; &nbsp; &nbsp; &nbsp; &nbsp;<\/strong><\/em><\/p>\n<table style=\"width: 100%; border-collapse: collapse; background-color: #ebebeb; border-style: none; height: 607px;\">\n<tbody>\n<tr style=\"height: 634px;\">\n<td style=\"width: 100%; height: 634px;\">\n<p style=\"text-align: left;\">An eye, a mouth, a nose: &#8220;the body is a bag, the body is a suit&#8221;. With this new creation, ORLAN becomes part of the leather and flesh of the Camille Fournet house. This encounter enables the artist to break down the ice walls between practices, creating porosities between the visual arts, luxury goods and leather goods.<br>An international artist, carnal, feminist and always in capital letters, ORLAN has created an exceptional collection for the Maison, featuring fragments of her body in quotations from her landmark work &#8220;Se vendre sur les march\u00e9s en petits morceaux&#8221; (&#8220;Selling oneself in small pieces on the market&#8221;).<\/p>\n<div class=\"bg-margin-for-link\"><input type='hidden' bg_collapse_expand='69f7db4e551044045136188' value='69f7db4e551044045136188'><input type='hidden' id='bg-show-more-text-69f7db4e551044045136188' value='Show More'><input type='hidden' id='bg-show-less-text-69f7db4e551044045136188' value='Show Less'><div id='bg-showmore-hidden-69f7db4e551044045136188' >\n<p style=\"text-align: left\">ORLAN has long used the representation of her body to question current social phenomena from a critical distance. When we designate handbags and backpacks, we&#8217;re referring to the body. The bag is carried by the hand, but its name could lead us to believe that it contains hands, hence the idea of inscribing parts of the artist&#8217;s body on the bags, whether they are hand-held, back-held or other (impressions of the face, eye, ear, ear, hand&#8230;). The bag is like a prosthesis that allows us to carry the things we need. It is the development, the continuation of our pockets.<\/p>\n<p style=\"text-align: left\"><\/div><\/div><a id='bg-showmore-action-69f7db4e551044045136188' class='bg-showmore-plg-link bg-arrow '  style=\" color:#b51616;;\" href='#'>Show More<\/a>\n<\/td>\n<\/tr>\n<\/tbody>\n<\/table>\nngg_shortcode_0_placeholder\n<p style=\"text-align: left;\">Artist&#8217;s Slow costume, by Be\u00f1at Moreno,2023<\/p>\n<table style=\"width: 100%; border-collapse: collapse; background-color: #ebebeb; border-style: none;\">\n<tbody>\n<tr>\n<td style=\"width: 100%; text-align: left;\">For the launch of her first musical album, Le Slow de l&#8217;Artiste, ORLAN collaborated with Be\u00f1at Moreno to create a costume that she uses for promotion, clips and live performances. He created a lycra dress and muslin cape with a textile print featuring the project&#8217;s slogans, &#8220;JE SUIS SLOWSEXUEL.LE&#8221;, &#8220;NOUS SOMMES SLOWSEXUEL.LE.S&#8221;, &#8220;JE SUIS ARTSEXUEL.LE&#8221;, &#8220;NOUS SOMMES ARTSEXUEL.LE.S&#8221;, all in black and white. With this costume, ORLAN becomes a manifesto, visually embodying her concept.<\/td>\n<\/tr>\n<\/tbody>\n<\/table>\nngg_shortcode_1_placeholder\n<p style=\"text-align: left;\">Prototype shoes, motifs from self-hybridization between women 2022<\/p>\n<table style=\"width: 100%; border-collapse: collapse; background-color: #ebebeb; border-style: none;\">\n<tbody>\n<tr>\n<td style=\"width: 100%; text-align: left;\">ORLAN has always had a conflictual relationship with fashion, which very often feeds the beauty stereotypes she fights against. Nevertheless, it&#8217;s a creative tool that ORLAN sometimes questions with the right concept and critical distance.  <br>In 2022, she creates shoe prototypes with her self-hybridizations between women.<\/td>\n<\/tr>\n<\/tbody>\n<\/table>\nngg_shortcode_2_placeholder\n<p style=\"text-align: left;\">MASKS OF ORLAN, 1984-2020 <\/p>\n<table style=\"width: 100%; border-collapse: collapse; background-color: #ebebeb; border-style: none;\">\n<tbody>\n<tr>\n<td style=\"width: 100%;\">\n<p style=\"text-align: left;\">For ORLAN, the body is just a bag, the body is just a costume. She has worked extensively on the subject, and in particular on the mask in her work.&nbsp;<\/p>\n<div class=\"bg-margin-for-link\"><input type='hidden' bg_collapse_expand='69f7db4e552879085864135' value='69f7db4e552879085864135'><input type='hidden' id='bg-show-more-text-69f7db4e552879085864135' value='Show More'><input type='hidden' id='bg-show-less-text-69f7db4e552879085864135' value='Show Less'><div id='bg-showmore-hidden-69f7db4e552879085864135' >\n<p style=\"text-align: left\">Already in 1964, in the CORPS-SCULPTURES series, she presented her naked body for the first time, most often without identity because hair, a mask or the position of her body concealed her face. In 1984, ORLAN created a mask printed with a photo of her vulva for her video performance, Mise en sc\u00e8ne pour un grand fiat. She would later use this accessory on numerous occasions, notably in her Kiss on pussy performance. In her 1st Operation-Surgery-Performance, known as Sheriff&#8217;s Block, in 1986, she underwent surgery masked at times. Of course, in her self-hybridations with the masks of the Peking Opera in 2014, ORLAN uses Chinese masks to reclaim her place as a woman in a place where they are outlawed. Finally, with COVID21 , ORLAN has created several works based on the mask and the virus, creating usable masks with a photo of her vulva and her harlequinade on the inside of her body, with bacteria, cells and so on.<\/div><\/div><a id='bg-showmore-action-69f7db4e552879085864135' class='bg-showmore-plg-link bg-arrow '  style=\" color:#b51616;;\" href='#'>Show More<\/a>\n<\/td>\n<\/tr>\n<\/tbody>\n<\/table>\n<p style=\"text-align: left;\"><strong>&nbsp; &nbsp; &nbsp; &nbsp; &nbsp; &nbsp; &nbsp; &nbsp; &nbsp; &nbsp; &nbsp; &nbsp; &nbsp; &nbsp; &nbsp; &nbsp; &nbsp; &nbsp; &nbsp; &nbsp; &nbsp; &nbsp; &nbsp; &nbsp; &nbsp; &nbsp; &nbsp; &nbsp; &nbsp; &nbsp; &nbsp; &nbsp; &nbsp; &nbsp; &nbsp; &nbsp; &nbsp; &nbsp; &nbsp; &nbsp; &nbsp; &nbsp; &nbsp; &nbsp; &nbsp; &nbsp; &nbsp; &nbsp;<\/strong><\/p>\nngg_shortcode_3_placeholder\n<p><strong><br>MUGS, 2014-2023<\/strong><\/p>\n<table style=\"width: 100%; border-collapse: collapse; background-color: #ebebeb; border-style: none;\">\n<tbody>\n<tr>\n<td style=\"width: 100%;\">\n<p style=\"text-align: left;\">ORLAN has produced mugs as merchandising for her work on several occasions.<\/p>\n<p style=\"text-align: left;\">In 2014, she made her first mugs around her series on Le Plan du Film for her solo show at the Museum of Decorative Arts and Design in Riga, Latvia, European City of Culture, curated by Inese Baranovska.<\/p>\n<p style=\"text-align: left;\">In 2018, she is making mugs with each of the works from her Self-hybridations between women.<\/p>\n<p style=\"text-align: left;\">In 2023, she produced two new models to mark the launch of her album Le Slow de l&#8217;Artiste, as well as condoms.<\/p>\n<\/td>\n<\/tr>\n<\/tbody>\n<\/table>\nngg_shortcode_4_placeholder\n<p><em>\n  <span style=\"color: #000000;\">\n    <strong>New OMICS Buildings, <\/strong>\n  <\/span>\n<\/em><span style=\"color: #000000;\">\n  <strong>Institut PASTEUR, artistic intervention, invitation as part of Fabrice Hyber&#8217;s <em>ORGANO\u00cfDE<\/em> <\/strong>\n<\/span><em>\n  <span style=\"color: #000000;\">\n    <strong>LES PHAGES D&#8217;ORLAN&#8221;, <\/strong>\n  <\/span>\n<\/em><span style=\"color: #000000;\">\n  <strong>2018<\/strong>\n<\/span><\/p>\n<table style=\"width: 100%; border-collapse: collapse; background-color: #ebebeb; border-style: none;\">\n<tbody>\n<tr>\n<td style=\"width: 100%;\">\n<p style=\"text-align: left;\">Following her exhibition <i>Le boeuf sur la langue <\/i>(2010), ORLAN had the pleasure of being invited to take part in the ORGANO\u00cfDE project created by her friend and academician Fabrice Hyber and Olivier Schwartz. This is a database of images created by artists to support Institut Pasteur&#8217;s scientific research.&nbsp;<\/p>\n<p style=\"text-align: left;\">As part of this project, she had the opportunity to collaborate with researcher Shahragim Tajbakhsh, head and expert of the Stem Cells and Development unit, which ORLAN is passionate about.<\/p>\n<div class=\"bg-margin-for-link\"><input type='hidden' bg_collapse_expand='69f7db4e5535f3078945427' value='69f7db4e5535f3078945427'><input type='hidden' id='bg-show-more-text-69f7db4e5535f3078945427' value='Show More'><input type='hidden' id='bg-show-less-text-69f7db4e5535f3078945427' value='Show Less'><div id='bg-showmore-hidden-69f7db4e5535f3078945427' >\n<p style=\"text-align: left\">After a long discussion with him, she wanted to work with her own stem cells, and she proposed a project along these lines to the Institut Pasteur, which was refused by the ethics committee because it is forbidden in France to work with these cells. The body and its use are political and social. Our bodies don&#8217;t belong to us.<\/p>\n<p style=\"text-align: left\">Finally, the Institut Pasteur, through Fabrice Hyber, invited him to work artistically in their new OMICS building, in the lobby of the Simone Veil and Alexandre Yersin buildings.<\/p>\n<p style=\"text-align: left\">ORLAN has created a complete environment from colorful images of her cells and viruses, as in <i>Le b\u0153uf sur la langue<\/i>, but in a different version. The words included in these colorful harlequinoid images were, for example, &#8220;rabies&#8221;, &#8220;pasteurella pestis&#8221;, &#8220;vaccine&#8221;, or &#8220;researcher&#8221;, a term that ORLAN greatly appreciates as it underlines the feminization of professional names, whereas Marie Curie, as a woman, suffered greatly from being a researcher among researchers.<\/p>\n<p style=\"text-align: left\">The images were installed in light boxes and on a floor covering, on and under bleachers and on high round tables covered with this print. The final touch is a very large tondo, installed at the top of the white wall opposite the bleachers.  <\/div><\/div><a id='bg-showmore-action-69f7db4e5535f3078945427' class='bg-showmore-plg-link bg-arrow '  style=\" color:#b51616;;\" href='#'>Show More<\/a>\n<\/td>\n<\/tr>\n<\/tbody>\n<\/table>\nngg_shortcode_5_placeholder\n<p><em><strong>ORLAN X NUBI, From drape to digital fold, &nbsp;2<\/strong><\/em><strong>016 Animated digital brooch OLED screen, stainless steel and black glass paste 3.8cm x 3.8cm x 1.6cm Limited edition of 12.<\/strong><em><strong>  \/ CELLS,  <\/strong><\/em><strong>2016 Animated digital necklace OLED screen, stainless steel and black glass paste 3.8cm x 3.8cm x 1.6cm 222 copies made<\/strong><\/p>\n<p><img data-recalc-dims=\"1\" loading=\"lazy\" decoding=\"async\" class=\"aligncenter wp-image-18469 size-full\" src=\"https:\/\/i0.wp.com\/www.orlan.eu\/wp-content\/uploads\/2023\/12\/444d70_7abd1093c295428b80af7d6265f24372mv2.webp.gif?resize=728%2C538\" alt=\"\" width=\"728\" height=\"538\"><\/p>\nngg_shortcode_6_placeholder\n<p><strong>&nbsp;<\/strong><\/p>\n<p>&nbsp;<\/p>\n<p><em>\n  <strong>\n    <span style=\"color: #000000;\">ORLAN x Brochier Soieries, <\/span>\n  <\/strong>\n<\/em><strong>\n  <span style=\"color: #000000;\">Carr\u00e9e de soie, <\/span>\n<\/strong><em>\n  <strong>\n    <span style=\"color: #000000;\">Self-hybridisations Masques de l&#8217;Op\u00e9ra de P\u00e9kin, <\/span>\n  <\/strong>\n<\/em><strong>\n  <span style=\"color: #000000;\">Facing Designs and augmented reality n\u00b01<\/span>\n<\/strong><strong>\n  <span style=\"color: #000000;\">2016, 90&#215;90 cm<\/span>\n<\/strong><\/p>\n<table style=\"width: 100%; border-collapse: collapse; background-color: #ebebeb; border-style: none;\">\n<tbody>\n<tr>\n<td style=\"width: 100%;\">\n<p style=\"text-align: left;\">ORLAN and Brochier silks collaborated to create silk scarves based on her series of Self-hybridations of Peking Opera masks, 2014. In this opera, women are outlawed and men play their roles.&nbsp;<\/p>\n<p style=\"text-align: left;\">Like the artwork, the scarf serves as a QR code. The customer can scan it and see an ORLAN avatar appear, stepping out of the frame of the work and performing the acrobatics of the Peking Opera.&nbsp;<\/p>\n<p style=\"text-align: left;\">You can then take photos of yourself, your friends and your avatar, and send them around the world just like any other selfie.<\/p>\n<\/td>\n<\/tr>\n<\/tbody>\n<\/table>\nngg_shortcode_7_placeholder\n<p>&nbsp;<\/p>\n<p>DEUX DOIGTS BAROQUE POUR UNE BELLE MAIN, Ring in sterling silver, 4.3 x 6 x 3.2 cm, Edition of 12,2015<\/p>\n<table style=\"width: 100%; border-collapse: collapse; background-color: #ebebeb; border-style: none;\">\n<tbody>\n<tr>\n<td style=\"width: 100%; text-align: left;\">\n<p>In 2015, ORLAN created DEUX DOIGTS BAROQUE POUR UNE BELLE MAIN, a solid silver ring in keeping with her work on Baroque drapery. She creates volumes with organic shapes, curves and counter-curves&#8230;<\/p>\n<\/td>\n<\/tr>\n<\/tbody>\n<\/table>\n<p>&nbsp;<\/p>\nngg_shortcode_8_placeholder\n<div class=\"gmail_default\">&nbsp;<\/div>\n<div class=\"gmail_default\">ORLAN x Diane Venet, T\u00eate de fou, 2010, gold and silver, 8.5&#215;10.5&#215;3 cm<\/div>\n<div class=\"gmail_default\"><span style=\"color: #000000;\">Brooch from the work Disfiguration-Refiguration, African self-hybridization, Ejagham Nigeria ancient dance crest and Euro-Stephanoise woman&#8217;s face<\/span><\/div>\n<div>&nbsp;<\/div>\n<div>\n<table style=\"width: 100%; border-collapse: collapse; background-color: #ebebeb; border-style: none; height: 118px;\">\n<tbody>\n<tr style=\"height: 118px;\">\n<td style=\"width: 100%; height: 118px;\">\n<div>\n<div style=\"text-align: left;\">\n<div class=\"gmail_default\" style=\"text-align: left;\">This series consists of a series of black and white photographs based on ethnographic photography, the first photos in which the Other is photographed. In 2010, ORLAN collaborates with Diane Venet. These are the gold and silver T\u00eate de fou brooches created from the work D\u00e9figuration-Refuguration, Self-hybridations Africaines, Cimier ancien de danse Ejagham Nig\u00e9ria and visage de femme euro-st\u00e9phanoise.<\/div>\n<\/div>\n<\/div>\n<\/td>\n<\/tr>\n<\/tbody>\n<\/table>\n<\/div>\n<div class=\"gmail_default\">\nngg_shortcode_9_placeholder\n<\/div>\n<div>&nbsp;<\/div>\n<p><strong><span style=\"color: #000000;\">Un Boeuf Sur La Langue, Mus\u00e9e des Beaux Arts de Nantes, Chapelle de l&#8217;Oratoire, France, 2010<\/span><\/strong><\/p>\n<table style=\"width: 100%; border-collapse: collapse; background-color: #ebebeb; border-style: none;\">\n<tbody>\n<tr>\n<td style=\"width: 100%;\">\n<p style=\"text-align: left;\">In 2010, ORLAN created the exhibition <i>Un boeuf sur la langue (An ox on the tongue<\/i>).for which she created a silk velvet printed by Brochier silk mills with a design showing viruses, phages, blood, skin and muscle cells, almost purely for the pleasure of touching and seeing this highly vibratory, highly pictorial material with which she created seats, dresses, works and spaces imitating stained glass.<\/p>\n<p style=\"text-align: left;\"><div class=\"bg-margin-for-link\"><input type='hidden' bg_collapse_expand='69f7db4e554c01010484413' value='69f7db4e554c01010484413'><input type='hidden' id='bg-show-more-text-69f7db4e554c01010484413' value='Show More'><input type='hidden' id='bg-show-less-text-69f7db4e554c01010484413' value='Show Less'><div id='bg-showmore-hidden-69f7db4e554c01010484413' >\n<p style=\"text-align: left\">These dresses were worn by black models and were black on the back, but very colorful on the front. The furniture included a table with a revolving top and a very large semi-circular bench made up of interlocking stools on castors, on which the public sat during the many discussions organized during the exhibition about the words featured in the space. Participants could either stay in the conversation collectively, or roll up their seats and detach themselves from the group, and the conversation became individual again.<\/p>\n<p style=\"text-align: left\">The concept of the exhibition was to blend design, fashion, art, sculpture, texts and medical imagery in a single venue, the Mus\u00e9e des Beaux-Arts in Nantes.<\/p>\n<p style=\"text-align: left\">When we entered the installation, everything was black and we couldn&#8217;t understand what the mannequins were holding. The atmosphere was heavy, inquisitive, almost morbid. Moving into the oratory chapel, little by little it was possible to read texts like &#8220;dire&#8221;, &#8220;ath\u00e9e&#8221;, &#8220;sur-femme&#8221;, &#8220;symbiotique&#8221;&#8230; And, at the same time, see the front of the garments made from this very colorful silk velvet, like a harlequinade.  <\/div><\/div><a id='bg-showmore-action-69f7db4e554c01010484413' class='bg-showmore-plg-link bg-arrow '  style=\" color:#b51616;;\" href='#'>Show More<\/a>\n<\/td>\n<\/tr>\n<\/tbody>\n<\/table>\nngg_shortcode_10_placeholder\n<p style=\"text-align: left;\"><span style=\"color: #000000;\"><strong>Suture-Hybridization-Recycling, Espacio Artes Visuales, Murcia, Spain,2009<\/strong><\/span><\/p>\n<table style=\"width: 100%; border-collapse: collapse; background-color: #ebebeb; border-style: none;\">\n<tbody>\n<tr>\n<td style=\"width: 100%;\">\n<p style=\"text-align: left;\">Virtually all of ORLAN&#8217;s work can be read through the prism of dress, costume and cross-dressing. For the artist, clothing is a better interface than skin. You can&#8217;t choose your skin, but thanks to clothing, you can create a second skin, a calling card as close as possible to who you are, to the image you want to produce, to your culture, to your tastes, to build your calling card and who you want to be.&nbsp;<\/p>\n<p style=\"text-align: left;\"><div class=\"bg-margin-for-link\"><input type='hidden' bg_collapse_expand='69f7db4e555a80020131825' value='69f7db4e555a80020131825'><input type='hidden' id='bg-show-more-text-69f7db4e555a80020131825' value='Show More'><input type='hidden' id='bg-show-less-text-69f7db4e555a80020131825' value='Show Less'><div id='bg-showmore-hidden-69f7db4e555a80020131825' >\n<p style=\"text-align: left\">In 2009, ORLAN created the installation Suture-Hybridation-Recyclage, in which she hybridized her wardrobe following the same protocol with David Delfin, Maroussia Rebecq and Agatha Ruiz de la Prada, asking them to find a way of assembling two of her different garments to bring together times, materials, designers and moments in her history. Maroussia Rebecq has cut two garments and attached a small fluorescent yellow lace to bring them together, while David Delfin has attached ribbons full of staples, enabling them to be detached and reattached to another garment, creating a hybridization, or rather a temporary assembly and multiple shifting hybridizations.<\/p>\n<p style=\"text-align: left\">Agatha Ruiz de la Prada proposed a more radical solution. She carefully selected beautiful dresses from her museum, cut them in half and then split ORLAN&#8217;s garments in half from the waist down and assembled them.<\/p>\n<p style=\"text-align: left\">So each dress was recomposed with half an Agatha Ruiz de la Prada dress, and half dresses from ORLAN&#8217;s wardrobe, whose designer I don&#8217;t necessarily know. ORLAN has kept her entire wardrobe since adolescence.  <\/div><\/div><a id='bg-showmore-action-69f7db4e555a80020131825' class='bg-showmore-plg-link bg-arrow '  style=\" color:#b51616;;\" href='#'>Show More<\/a>\n<\/td>\n<\/tr>\n<\/tbody>\n<\/table>\n<p style=\"text-align: left;\">ngg_shortcode_11_placeholder\n<p style=\"text-align: left;\"><span style=\"color: #000000;\"><strong>Pi\u00e8ce \u00c0 Conviction,1993<\/strong><\/span><\/p>\n<table style=\"width: 100%; border-collapse: collapse; background-color: #ebebeb; border-style: none;\">\n<tbody>\n<tr>\n<td style=\"width: 100%;\">\n<p style=\"text-align: left;\">On May 30, 1990, in a desecrated church called &#8220;All Saints&#8221; in Newcastle, England, ORLAN announced her decision to undertake Op\u00e9rations-Chirurgicales-Performances in an inaugural performance-ritual, reading from her manifesto of Charnel Art, which she had written in 1989.&nbsp;<\/p>\n<p style=\"text-align: left;\"><div class=\"bg-margin-for-link\"><input type='hidden' bg_collapse_expand='69f7db4e556708054415680' value='69f7db4e556708054415680'><input type='hidden' id='bg-show-more-text-69f7db4e556708054415680' value='Show More'><input type='hidden' id='bg-show-less-text-69f7db4e556708054415680' value='Show Less'><div id='bg-showmore-hidden-69f7db4e556708054415680' >\n<p style=\"text-align: left\">LA R\u00c9INCARNATION DE SAINTE-ORLAN OU IMAGES NOUVELLES-IMAGES DITES OP\u00c9RATIONS-CHIRURGICALES-PERFORMANCES, is a series of 9 performances created by ORLAN between 1990 and 1993 in Paris, Brussels and New York. ORLAN created this series to derail surgery from its habits of enhancement and rejuvenation, and to perform surgical operations that weren&#8217;t supposed to bring beauty, but ugliness, monstrosity and indesirability.&nbsp;<\/p>\n<p style=\"text-align: left\">The central idea behind these surgical operations was to combat stereotypes and models. ORLAN is not against cosmetic surgery, but against what we do with it. She uses this technique to invent the self-love by attacking the mask of the innate. The first condition with the different surgeons was no pain, because ORLAN is all for BODY-PLEASURE. For each performance, ORLAN decorated the operating theatre, turning it into her artist&#8217;s studio. She and the rest of the medical staff were costumed by a renowned designer working in collaboration with the artist. The performances were orchestrated by readings, and when the surgical gesture allowed it, ORLAN produced images, films, videos, photos, drawings with her blood and fingers, reliquaries with her fat and flesh, &#8220;holy-suaries&#8221; of sorts made with her dried blood and medical gauze from the operation onto which she made photographic transfers, and objects subsequently exhibited in museums and galleries.  <\/div><\/div><a id='bg-showmore-action-69f7db4e556708054415680' class='bg-showmore-plg-link bg-arrow '  style=\" color:#b51616;;\" href='#'>Show More<\/a>\n<\/td>\n<\/tr>\n<\/tbody>\n<\/table>\nngg_shortcode_12_placeholder\n<p style=\"text-align: left;\"><span style=\"color: #000000;\"><strong>Dressing in your own nakedness, Caldas da Rainha, Portugal, 1976-77<\/strong><\/span><\/p>\n<table style=\"width: 100%; border-collapse: collapse; background-color: #ebebeb; border-style: none;\">\n<tbody>\n<tr>\n<td style=\"width: 100%;\">\n<p style=\"text-align: left;\">In the performance<i> S&#8217;habiller de sa propre nudit\u00e9 <\/i>(1976-77), ORLAN wanders through public gardens in Portugal, wearing a photograph of her naked body in the form of a photographic canvas dress covering her entirely.<\/p>\n<p style=\"text-align: left;\"><div class=\"bg-margin-for-link\"><input type='hidden' bg_collapse_expand='69f7db4e557222085959907' value='69f7db4e557222085959907'><input type='hidden' id='bg-show-more-text-69f7db4e557222085959907' value='Show More'><input type='hidden' id='bg-show-less-text-69f7db4e557222085959907' value='Show Less'><div id='bg-showmore-hidden-69f7db4e557222085959907' >\n<p style=\"text-align: left\">Police officers wanted to charge her with exhibitionism, but it was impossible because ORLAN was dressed from head to toe and had her identity papers in her bag.&nbsp;<\/p>\n<p style=\"text-align: left\">In the public space, others are confronted with the representation of her nudity, without her actually being naked. ORLAN highlights this same gap in public life, where others represent rather than present themselves. In this sense, performance acts on real space, disrupting the relationship with the other and making the encounter critical. ORLAN seeks to get closer to the environment, to objects that mediate encounters with the other, and to create by challenging and disrupting the law without condemning it.  <\/div><\/div><a id='bg-showmore-action-69f7db4e557222085959907' class='bg-showmore-plg-link bg-arrow '  style=\" color:#b51616;;\" href='#'>Show More<\/a>\n<\/td>\n<\/tr>\n<\/tbody>\n<\/table>\nngg_shortcode_13_placeholder\n","protected":false},"excerpt":{"rendered":"<p>&nbsp; ORLAN X &nbsp;CAMILLE FOURNET, capsule collection &#8220;From body to body &nbsp; &nbsp; &nbsp; &nbsp; &nbsp; &nbsp; &nbsp; &nbsp; &nbsp; &nbsp; &nbsp; &nbsp; &nbsp; &nbsp; &nbsp; &nbsp; &nbsp; &nbsp; &nbsp; &nbsp; &nbsp; &nbsp; &nbsp; &nbsp; &nbsp; &nbsp; &nbsp; &nbsp; &nbsp; &nbsp; &nbsp; &nbsp; &nbsp; &nbsp; &nbsp; &nbsp; &nbsp; &nbsp; &nbsp; &nbsp; &nbsp; &nbsp; &nbsp; &nbsp; [&hellip;]<\/p>\n","protected":false},"author":1,"featured_media":0,"parent":0,"menu_order":0,"comment_status":"closed","ping_status":"closed","template":"","meta":{"_eb_attr":"","_monsterinsights_skip_tracking":false,"_monsterinsights_sitenote_active":false,"_monsterinsights_sitenote_note":"","_monsterinsights_sitenote_category":0,"_s2mail":"yes","ngg_post_thumbnail":0,"footnotes":""},"class_list":["post-18122","page","type-page","status-publish","hentry"],"jetpack_sharing_enabled":true,"_links":{"self":[{"href":"https:\/\/www.orlan.eu\/en\/wp-json\/wp\/v2\/pages\/18122","targetHints":{"allow":["GET"]}}],"collection":[{"href":"https:\/\/www.orlan.eu\/en\/wp-json\/wp\/v2\/pages"}],"about":[{"href":"https:\/\/www.orlan.eu\/en\/wp-json\/wp\/v2\/types\/page"}],"author":[{"embeddable":true,"href":"https:\/\/www.orlan.eu\/en\/wp-json\/wp\/v2\/users\/1"}],"replies":[{"embeddable":true,"href":"https:\/\/www.orlan.eu\/en\/wp-json\/wp\/v2\/comments?post=18122"}],"version-history":[{"count":5,"href":"https:\/\/www.orlan.eu\/en\/wp-json\/wp\/v2\/pages\/18122\/revisions"}],"predecessor-version":[{"id":19717,"href":"https:\/\/www.orlan.eu\/en\/wp-json\/wp\/v2\/pages\/18122\/revisions\/19717"}],"wp:attachment":[{"href":"https:\/\/www.orlan.eu\/en\/wp-json\/wp\/v2\/media?parent=18122"}],"curies":[{"name":"wp","href":"https:\/\/api.w.org\/{rel}","templated":true}]}}