{"id":18136,"date":"2022-11-14T13:58:45","date_gmt":"2022-11-14T13:58:45","guid":{"rendered":"https:\/\/www.orlan.eu\/collaboration\/"},"modified":"2024-03-13T12:58:05","modified_gmt":"2024-03-13T12:58:05","slug":"collaboration","status":"publish","type":"page","link":"https:\/\/www.orlan.eu\/en\/works\/collaboration\/","title":{"rendered":"Collaborations"},"content":{"rendered":"<div>\n<p><strong><em>ORLAN X Charlie le Mindu, 2023<\/em><\/strong><\/p>\n<\/div>\n<div>\nngg_shortcode_0_placeholder\n<strong>ORLAN X Abel Azcona, by Lekuona,2023<br \/>\n<\/strong><\/p>\n<table style=\"width: 100%; border-collapse: collapse; background-color: #ebebeb; border-style: none;\">\n<tbody>\n<tr>\n<td style=\"width: 100%;\">\n<p style=\"text-align: left;\">Abel Azcona, a promising newcomer to contemporary performance, invites ORLAN for a highly personal collaboration.<\/p>\n<p style=\"text-align: center;\"><div class=\"bg-margin-for-link\"><input type='hidden' bg_collapse_expand='6a0a06a8369463068846986' value='6a0a06a8369463068846986'><input type='hidden' id='bg-show-more-text-6a0a06a8369463068846986' value='Show More'><input type='hidden' id='bg-show-less-text-6a0a06a8369463068846986' value='Show Less'><div id='bg-showmore-hidden-6a0a06a8369463068846986' >\n<p style=\"text-align: left\">An orphaned Spanish artist born to a prostitute and heroin addict mother who abandoned him at birth, he questions this lack and absence in his work. Abel Azcona creates a new protocol in which he invites the great women of the art world who have inspired him for a series of duo photos. They don&#8217;t replace her mother, but represent a guide, a strong, emancipating feminine reference point. At the same time, it&#8217;s a tribute to the mothers of performance. Two generations meet, the historic artists and the new generation. Abel Azcona began this series in Amsterdam with Marina Abramovic, and is now continuing it in Paris with ORLAN.<\/div><\/div><a id='bg-showmore-action-6a0a06a8369463068846986' class='bg-showmore-plg-link bg-arrow '  style=\" color:#b51616;;\" href='#'>Show More<\/a>\n<\/td>\n<\/tr>\n<\/tbody>\n<\/table>\n<\/div>\nngg_shortcode_1_placeholderORLAN X CAMILLE FOURNET, capsule collection&#8221;De corps en corps&#8221;, 2023<\/p>\n<table style=\"width: 100%; border-collapse: collapse; background-color: #ebebeb; border-style: none;\">\n<tbody>\n<tr>\n<td style=\"width: 100%;\">\n<p style=\"text-align: left;\">An eye, a mouth, a nose: &#8220;the body is a bag, the body is a suit&#8221;. With this new creation, ORLAN becomes part of the leather and flesh of the Camille Fournet house. This encounter enables the artist to break down the ice walls between practices, creating porosities between the visual arts, luxury goods and leather goods.<br \/>\nAn international artist, carnal, feminist and always in capital letters, ORLAN has created an exceptional collection for the Maison, featuring fragments of her body in quotations from her landmark work &#8220;Se vendre sur les march\u00e9s en petits morceaux&#8221; (&#8220;Selling oneself in small pieces on the market&#8221;).<\/p>\n<div class=\"bg-margin-for-link\"><input type='hidden' bg_collapse_expand='6a0a06a836a1f7067973638' value='6a0a06a836a1f7067973638'><input type='hidden' id='bg-show-more-text-6a0a06a836a1f7067973638' value='Show More'><input type='hidden' id='bg-show-less-text-6a0a06a836a1f7067973638' value='Show Less'><div id='bg-showmore-hidden-6a0a06a836a1f7067973638' >\n<p style=\"text-align: left\">ORLAN has long used the representation of her body to question current social phenomena from a critical distance. When we designate handbags and backpacks, we&#8217;re referring to the body. The bag is carried by the hand, but its name could lead us to believe that it contains hands, hence the idea of inscribing parts of the artist&#8217;s body on the bags, whether they are hand-held, back-held or other (impressions of the face, eye, ear, ear, hand&#8230;). The bag is like a prosthesis that allows us to carry the things we need. It is the development, the continuation of our pockets.<\/p>\n<\/div><\/div><a id='bg-showmore-action-6a0a06a836a1f7067973638' class='bg-showmore-plg-link bg-arrow '  style=\" color:#b51616;;\" href='#'>Show More<\/a><\/td>\n<\/tr>\n<\/tbody>\n<\/table>\nngg_shortcode_2_placeholder<em><br \/>\n  <span style=\"color: #000000;\"><br \/>\n    <strong>ORLAN X CAMILLE FOURNET, The endangered African forest elephant and new robots made from recycled objects and materials<\/strong><br \/>\n  <\/span><br \/>\n<\/em><span style=\"color: #000000;\"><br \/>\n  <strong>digital photo montage<\/strong><br \/>\n<\/span><\/p>\n<table style=\"width: 100%; border-collapse: collapse; background-color: #ebebeb; border-style: none;\">\n<tbody>\n<tr>\n<td style=\"width: 100%;\">\n<p style=\"text-align: left;\">This work was created by ORLAN in 2023 as part of \u00c9quinoxes 9. \u00c9quinoxes is the vibrant encounter between Camille Fournet and an artist: an exchange of worlds, a space of unrestrained artistic freedom, inspired by the House&#8217;s codes.<\/p>\n<p style=\"text-align: left;\"><div class=\"bg-margin-for-link\"><input type='hidden' bg_collapse_expand='6a0a06a836a9e1038317473' value='6a0a06a836a9e1038317473'><input type='hidden' id='bg-show-more-text-6a0a06a836a9e1038317473' value='Show More'><input type='hidden' id='bg-show-less-text-6a0a06a836a9e1038317473' value='Show Less'><div id='bg-showmore-hidden-6a0a06a836a9e1038317473' >\n<p style=\"text-align: left\">On this occasion, ORLAN creates &#8220;L&#8217;\u00e9l\u00e9phant de la for\u00eat d&#8217;Afrique en voie de disparition et nouveaux robots en objets et mat\u00e9riaux recycl\u00e9s&#8221;. This work is a continuation of the artist&#8217;s questioning of endangered animals, with the particularity that the elephant is hybridized with the skin of a leopard and lizard.<\/p>\n<p style=\"text-align: left\">&#8220;Leather goods take us back to what we call &#8220;the beautiful hand&#8221;, but also to bags made of leather or animal skins (lizard, crocodile&#8230;). Today, we&#8217;re looking at all the materials we use, both natural and man-made, and their carbon footprint. My work questions the disappearance of certain animals and birds. I present these animals, which I hybridize with other animals in their natural environment, surrounded by robots. The robots are made from recycled objects. They are there to question the new technologies that can either destroy or build a more responsible world. &#8220;ORLAN  <\/div><\/div><a id='bg-showmore-action-6a0a06a836a9e1038317473' class='bg-showmore-plg-link bg-arrow '  style=\" color:#b51616;;\" href='#'>Show More<\/a>\n<\/td>\n<\/tr>\n<\/tbody>\n<\/table>\nngg_shortcode_3_placeholder<strong>&nbsp;<\/strong><\/p>\n<p><span style=\"color: #000000;\"><br \/>\n  <strong>SAY WHO X ORLAN: <\/strong><br \/>\n<\/span><em><br \/>\n  <span style=\"color: #000000;\"><br \/>\n    <strong>RELEASE PARTY FOR THE ARTIST&#8217;S SLOW SONG, <\/strong><br \/>\n  <\/span><br \/>\n<\/em><span style=\"color: #000000;\"><br \/>\n  <strong>G<\/strong><br \/>\n<\/span><span style=\"color: #000000;\"><br \/>\n  <strong>RAND PRIX DU JURY, SALLE DU BILLARD, OLYMPIA \/ AFTER-PARTY, SILENCIO CLUB, MAY 31, 2023<\/strong><br \/>\n<\/span><\/p>\n<table style=\"width: 100%; border-collapse: collapse; background-color: #ebebeb; border-style: none;\">\n<tbody>\n<tr>\n<td style=\"width: 100%;\">\n<p style=\"text-align: left;\">To mark the launch of her first musical album &#8220;Le Slow de l&#8217;Artiste&#8221; on May 26, 2023, ORLAN will stage a release party\/performance on May 31, 2023. She orchestrates a double event: The Grand Prix du Slow de l&#8217;Artiste at an album listening session in Olympia&#8217;s historic billiard room, and an After-Party, during the awards ceremony, with live performances and a DJ-set at the Silencio Club.<\/p>\n<p style=\"text-align: left;\"><div class=\"bg-margin-for-link\"><input type='hidden' bg_collapse_expand='6a0a06a836b1b8005816191' value='6a0a06a836b1b8005816191'><input type='hidden' id='bg-show-more-text-6a0a06a836b1b8005816191' value='Show More'><input type='hidden' id='bg-show-less-text-6a0a06a836b1b8005816191' value='Show Less'><div id='bg-showmore-hidden-6a0a06a836b1b8005816191' >\n<p style=\"text-align: left\">ORLAN collaborates with Say Who to photograph the Grand Jury Prize. Laurent de Cernet, director of Olympia, opened the doors of his historic billiard room to ORLAN for this major event. Ruinart teamed up with ORLAN to make the evening even more sparkling, and the artist herself offered her iconic recipe for <em>Lait de Vierge, guaranteed impure, with no colorants or preservatives<\/em>. She proposed a listening session commented and performed by Be\u00f1at Moreno, so that an exceptional jury could vote for the three best slows on the album. The jury included President Mich\u00e8le Lamy, Diane Pernet, Christophe Mecca, Sophie Rosemont, Sophie Duplaix, Elisabeth Couturier, Laurent Goumarre, Florence Tredez, Le\u00efla Voight, Fran\u00e7ois Renard, Rapha\u00ebl Fontang and L\u00e9onard Lasry. A few VIPs joined us for the event, which was followed by an after-party at the Silencio Club. Her costume was designed by Be\u00f1at Moreno, and featured a lycra dress and chiffon cape. He created a textile print using the slogans on the signs, all in black and white. With this costume, ORLAN becomes a manifesto, visually embodying her concept. <\/div><\/div><a id='bg-showmore-action-6a0a06a836b1b8005816191' class='bg-showmore-plg-link bg-arrow '  style=\" color:#b51616;;\" href='#'>Show More<\/a>\n<\/td>\n<\/tr>\n<\/tbody>\n<\/table>\n<table style=\"width: 100%; border-collapse: collapse; background-color: #ebebeb; border-style: none;\">\n<tbody>\n<tr>\n<td style=\"width: 100%;\">\n<p style=\"text-align: left;\">Following her performance le baiser de l&#8217;artiste (the artist&#8217;s kiss) at the FIAC in 1977, ORLAN presents le slow de l&#8217;artiste (the artist&#8217;s slow), her very first &#8220;all slow&#8221; album! She wants to offer what we&#8217;ve missed most since March 17, 2020: human warmth, hugs, body-to-body&#8230; she wants to bring bodies closer together after the physical distancing!<\/p>\n<p style=\"text-align: left;\"><div class=\"bg-margin-for-link\"><input type='hidden' bg_collapse_expand='6a0a06a836b738093933953' value='6a0a06a836b738093933953'><input type='hidden' id='bg-show-more-text-6a0a06a836b738093933953' value='Show More'><input type='hidden' id='bg-show-less-text-6a0a06a836b738093933953' value='Show Less'><div id='bg-showmore-hidden-6a0a06a836b738093933953' >\n<p style=\"text-align: left\">She realized that many of her assistants had never slow-danced before, and decided that she couldn&#8217;t go on like this &#8211; she had to do something for young people! With this project, she hopes to help people discover and revive this dance as a therapeutic treatment in this still difficult period of reconstruction.<\/p>\n<p style=\"text-align: left\">ORLAN wrote the lyrics for each slow, which she then proposed to musicians to create the melody and sing her texts. She then inserted her voice into the music, in collaboration with the guest.<\/p>\n<p style=\"text-align: left\">This album brings together twenty extraordinary slows created by orlan in complete osmosis with fantastic artists.&nbsp;:<b>  Sir Alice, Jean-claude Dreyfus, Terrenoire, Les Tetines Noires, Les Chicks On Speed, Mimosa, Yael Naim, Tentative, Regis Campo, Myope, Blue Carmen, Les Sans Pattes, La Femme, Romain Brau, Charlie Morrow, Demi Mondaine, Charlemagne Palestine, Kat May Et Iury Lech.<\/b><\/p>\n<p style=\"text-align: left\">The vinyl is on sale at FNAC and on all platforms. Several clips have been produced to visually illustrate ORLAN&#8217;s message: she made &#8220;Je suis slowsexuel.le&#8221; with Sir Alice and &#8220;Les corps de m\u00e9tiers m&#8217;excitent&#8221; with Tentative. A book will be published with texts written by the artist. ORLAN&nbsp; has performed on several occasions with musicians including Demi Mondaine on Culture Box.  <\/div><\/div><a id='bg-showmore-action-6a0a06a836b738093933953' class='bg-showmore-plg-link bg-arrow '  style=\" color:#b51616;;\" href='#'>Show More<\/a>\n<\/td>\n<\/tr>\n<\/tbody>\n<\/table>\n<p>Photo : Michael Huard<br \/>\nORLAN&#8217;S Designer : Be\u00f1at Moreno<\/p>\nngg_shortcode_4_placeholder<strong><em><span style=\"color: #000000;\">AFP CAMPAIGN<\/span><\/em><br \/>\n<\/strong><\/p>\n<p>Photo : Joel Saget<br \/>\nStyling : Be\u00f1at Moreno<\/p>\n<table style=\"width: 100%; border-collapse: collapse; background-color: #ebebeb; border-style: none;\">\n<tbody>\n<tr>\n<td style=\"width: 100%; text-align: left;\">ORLAN is invited by Marielle Eudes to work for AFP. Through the prism of photographer Jo\u00ebl Saget, ORLAN presents her new look, still two-tone, but with sleek hair, in performative poses where the body becomes sculpture.<\/td>\n<\/tr>\n<\/tbody>\n<\/table>\nngg_shortcode_5_placeholder<strong><br \/>\n<em><span style=\"color: #000000;\">FACE LACE CAMPAIGN&nbsp;&nbsp;<\/span><\/em><\/strong><\/p>\n<p>Photo: Ali Madhavi<br \/>\nArtistic Director: Laurent Dombrowicz<br \/>\nHairstyle : Christophe Mecca<\/p>\n<table style=\"width: 100%; border-collapse: collapse; background-color: #ebebeb; border-style: none;\">\n<tbody>\n<tr>\n<td style=\"width: 100%; text-align: left;\">Iconic photographer and great friend of ORLAN, Ali Madhavi invited her to take part in a series of portraits of transformation talents, as part of a Face Lace campaign, a brand launched by Phyllis Cohen. Each personality could use Face Lace (self-adhesive make-up) in a creative way to express their uniqueness. Laurent Dombrowicz handled the artistic direction of the shoot, and wigmaker Christophe Mecca styled ORLAN&#8217;s hair. ORLAN poses alongside celebrities such as Mich\u00e8le Lamy, Diane Pernet, Miss Fame, Le M\u00e9n\u00e9strel, Kam Hugh, The Arseniek and Ali Madhavi in self-portrait, among others.<\/td>\n<\/tr>\n<\/tbody>\n<\/table>\nngg_shortcode_6_placeholderORLAN X RUINART, Collaboration 2022<\/p>\n<table style=\"width: 100%; border-collapse: collapse; background-color: #ebebeb; border-style: none;\">\n<tbody>\n<tr>\n<td style=\"width: 100%;\">\n<p style=\"text-align: left;\">Ruinart invited ORLAN to work on the packaging for their famous bottle of Champagne.<\/p>\n<div class=\"gmail_default\" style=\"text-align: left;\">ORLAN takes over the space with multicolored kisses, offering &#8220;a thousand artist&#8217;s kisses&#8221;. A unique and legendary bottle.&nbsp;<\/div>\n<\/td>\n<\/tr>\n<\/tbody>\n<\/table>\nngg_shortcode_7_placeholder\n<p>ORLAN X GUERLAIN, ORLAN hybridizes with the Empress Eugenie and perpetuates her legacy, photo montage<\/p>\n<table style=\"width: 100%; border-collapse: collapse; background-color: #ebebeb; border-style: none;\">\n<tbody>\n<tr>\n<td style=\"width: 100%;\">\n<p style=\"text-align: left;\">Jean Luc Monterosso asked ORLAN to create a work for the &#8220;Ch\u00e8re Eug\u00e9nie&#8221; exhibition organized by Guerlain to mark the anniversary of the bee bottle. It was created in 1853 for the wedding of Empress Eug\u00e9nie and Napoleon III. ORLAN has decided to pay tribute to the Empress through a hybridization that launches the artist&#8217;s new series in which she will hybridize herself with the great women pioneers of feminist history.<\/p>\n<p style=\"text-align: left;\"><div class=\"bg-margin-for-link\"><input type='hidden' bg_collapse_expand='6a0a06a836c388005323188' value='6a0a06a836c388005323188'><input type='hidden' id='bg-show-more-text-6a0a06a836c388005323188' value='Show More'><input type='hidden' id='bg-show-less-text-6a0a06a836c388005323188' value='Show Less'><div id='bg-showmore-hidden-6a0a06a836c388005323188' >\n<p style=\"text-align: left\">Empress Eugenie was very protective of the poor, women and artists. She supported writer George Sand&#8217;s candidacy for the Acad\u00e9mie Fran\u00e7aise and the work of Education Minister Victor Duruy in favor of education for girls. She is also against the censorship of Baudelaire&#8217;s &#8220;Fleurs du mal&#8221;.<\/p>\n<p style=\"text-align: left\">The gesture of hybridization allows ORLAN to make two times, two visual universes, two women coexist. Without these two entities meeting and mingling, the work could not have existed. It exists only through this encounter that breaks down the ice walls between eras, arts and genres&#8230;<\/p>\n<p style=\"text-align: left\">ORLAN says &#8220;I allow myself to resemble her, I allow her to resemble me. We meet despite the mists of time that separate us. An imprint of me in the memory of others.&#8221;  <\/div><\/div><a id='bg-showmore-action-6a0a06a836c388005323188' class='bg-showmore-plg-link bg-arrow '  style=\" color:#b51616;;\" href='#'>Show More<\/a>\n<\/td>\n<\/tr>\n<\/tbody>\n<\/table>\nngg_shortcode_8_placeholderJEAN-PAUL GAULTIER CYBER CAMPAIGN, 2022<\/p>\n<p>Creative Direction: Florence Tetier<br \/>\nDirectors : Torso<br \/>\nStyling : Georgia Pendelebury<br \/>\nHairstyle : Jawara<br \/>\nMakeup : Isamaya Ffrench<br \/>\nProduction: Division<\/p>\n<table style=\"width: 100%; border-collapse: collapse; background-color: #ebebeb; border-style: none;\">\n<tbody>\n<tr>\n<td style=\"width: 100%;\">\n<p style=\"text-align: left;\">The Jean-Paul Gaultier fashion house is opening a wild casting call, on the Internet, for extras in their Cyber ready-to-wear campaign. ORLAN, who met Monsieur Gaultier at the Asvoff festival, when she was Mistress of Ceremonies, and the designer who presided over the jury, introduces herself like any other person at the casting. ORLAN performs under the creative direction of Florence Tetier in a surreal photo shoot, around a circular table, with fake fluorescent food. Performance, fashion and humor mingle, elements that ORLAN had already exploited in artistic series such as &#8220;Femme qui rit&#8221;. Surrounded by the best international teams, ORLAN is made up by Isamaya Ffrench and styled by Jawara. An iconic campaign that perpetuates the artist&#8217;s taste for porosity between creative disciplines.<\/p>\n<\/td>\n<\/tr>\n<\/tbody>\n<\/table>\n<p><iframe loading=\"lazy\" title=\"CYBER CAMPAIGN OF JEAN-PAUL GAULTIER\" width=\"500\" height=\"281\" src=\"https:\/\/www.youtube.com\/embed\/HWLn2oI2MkA?feature=oembed\" frameborder=\"0\" allow=\"accelerometer; autoplay; clipboard-write; encrypted-media; gyroscope; picture-in-picture; web-share\" referrerpolicy=\"strict-origin-when-cross-origin\" allowfullscreen><\/iframe><\/p>\nngg_shortcode_9_placeholder<em><br \/>\n  <span style=\"color: #000000;\"><strong>&#8220;Match Selavy&#8221;<\/strong>, <strong>This raft (is not) lonely <\/strong>, <\/span><br \/>\n<\/em><span style=\"color: #000000;\"><br \/>\n  <strong>Mu.ZEE,<\/strong><br \/>\n<\/span><span style=\"color: #000000;\"><br \/>\n  <strong> Oostende, Belgium, 2017<\/strong><br \/>\n<\/span><\/p>\n<table style=\"width: 100%; border-collapse: collapse; background-color: #ebebeb; border-style: none;\">\n<tbody>\n<tr>\n<td style=\"width: 100%;\">\n<p style=\"text-align: left;\">Match Selavy was a large-scale public performance organized by Yann Fabre in a soccer stadium in Antwerp. Each of his guests was asked to dress as a character from the history of art. ORLAN dressed as Rose Selavy. When she arrived at the stadium, ORLAN&nbsp;  was surprised to find museum director Bart de Baere with a star-shaped tonsure. They immediately became a &#8220;couple&#8221; and while everyone else was trying to kick the ball, ORLAN and Bart de Baere were lying on the lawn playing chess on the checkerboard lining of ORLAN&#8217;s coat. They also walked limply from goal to goal, separately or arm in arm.<\/p>\n<\/td>\n<\/tr>\n<\/tbody>\n<\/table>\nngg_shortcode_10_placeholder\n<p id=\"tw-target-text\" class=\"tw-data-text tw-ta tw-text-small\" dir=\"ltr\" data-placeholder=\"Traduction\"><em><span lang=\"en\" style=\"color: #000000;\"><strong>Self-portrait of ORLAN pronouncing the word self-portrait, 2017<\/strong><\/span><\/em><\/p>\n<table style=\"width: 100%; border-collapse: collapse; background-color: #ebebeb; border-style: none;\">\n<tbody>\n<tr>\n<td style=\"width: 100%;\">\n<p style=\"text-align: left;\">ORLAN realized this collaboration with Virgile Novarina in 2017. The result is a photographic series of ORLAN&#8217;s vocal spectrum saying the word &#8220;self-portrait&#8221;. This abstract representation then becomes a self-portrait of the artist.<\/p>\n<\/td>\n<\/tr>\n<\/tbody>\n<\/table>\n<p dir=\"ltr\" data-placeholder=\"Traduction\">ngg_shortcode_11_placeholder\n<p>ORLAN x Brochier Soieries, Carr\u00e9e de soie, Self-hybridations Masques de l&#8217;Op\u00e9ra de P\u00e9kin, Facing Designs and augmented reality n\u00b01, 2016, 90&#215;90 cm<\/p>\n<table style=\"width: 100%; border-collapse: collapse; background-color: #ebebeb; border-style: none;\">\n<tbody>\n<tr>\n<td style=\"width: 100%;\">\n<p style=\"text-align: left;\">ORLAN and Brochier silks collaborated to create silk scarves based on her series of Self-hybridations of Peking Opera masks, 2014. In this opera, women are outlawed and men play their roles.&nbsp;<\/p>\n<p style=\"text-align: left;\">Like the artwork, the scarf serves as a QR code. The customer can scan it and see an ORLAN avatar appear, stepping out of the frame of the work and performing the acrobatics of the Peking Opera.&nbsp;<\/p>\n<p style=\"text-align: left;\">You can then take photos of yourself, your friends and your avatar, and send them around the world just like any other selfie.<\/p>\n<\/td>\n<\/tr>\n<\/tbody>\n<\/table>\nngg_shortcode_12_placeholder<span style=\"color: #000000;\"><strong>TWIN TWIN X ORLAN &#8211; By my side, 2011<\/strong><\/span><\/p>\n<p><iframe loading=\"lazy\" src=\"\/\/www.youtube.com\/embed\/cunhb_ohIyo\" width=\"560\" height=\"314\" allowfullscreen=\"allowfullscreen\" data-mce-fragment=\"1\"><\/iframe><\/p>\n<p>&nbsp;<\/p>\n<div class=\"gmail_default\">\n<div class=\"gmail_default\">ORLAN x Diane Venet, T\u00eate de fou, 2010, gold and silver, 8.5&#215;10.5&#215;3 cm<\/div>\n<div class=\"gmail_default\">Brooch from the work Disfiguration-Refiguration, African self-hybridization, Ejagham Nigeria ancient dance crest and Euro-Stephanoise woman&#8217;s face<\/div>\n<div>&nbsp;<\/div>\n<div>\n<table style=\"width: 100%; border-collapse: collapse; background-color: #ebebeb; border-style: none; height: 118px;\">\n<tbody>\n<tr style=\"height: 118px;\">\n<td style=\"width: 100%; height: 118px;\">\n<div>\n<div style=\"text-align: left;\">\n<div class=\"gmail_default\" style=\"text-align: left;\">This series consists of a series of black and white photographs based on ethnographic photography, the first photos in which the Other is photographed. In 2010, ORLAN collaborates with Diane Venet. These are the gold and silver T\u00eate de fou brooches created from the work D\u00e9figuration-Refuguration, Self-hybridations Africaines, Cimier ancien de danse Ejagham Nig\u00e9ria and visage de femme euro-st\u00e9phanoise.<\/div>\n<\/div>\n<\/div>\n<\/td>\n<\/tr>\n<\/tbody>\n<\/table>\n<\/div>\n<\/div>\n<div class=\"gmail_default\">\nngg_shortcode_13_placeholder<\/div>\n<div>&nbsp;<\/div>\n<div>\n<p><strong><em>Le corps mutant, ORLAN x Walter Van Beirendonck X Juergen Teller, 2000<\/em><\/strong><\/p>\nngg_shortcode_14_placeholder\n<\/div>\n","protected":false},"excerpt":{"rendered":"<p>ORLAN X Charlie le Mindu, 2023 ORLAN X Abel Azcona, by Lekuona,2023 Abel Azcona, a promising newcomer to contemporary performance, invites ORLAN for a highly personal collaboration. ORLAN X CAMILLE FOURNET, capsule collection&#8221;De corps en corps&#8221;, 2023 An eye, a mouth, a nose: &#8220;the body is a bag, the body is a suit&#8221;. With this [&hellip;]<\/p>\n","protected":false},"author":1,"featured_media":0,"parent":18205,"menu_order":1,"comment_status":"open","ping_status":"closed","template":"","meta":{"_eb_attr":"","_monsterinsights_skip_tracking":false,"_monsterinsights_sitenote_active":false,"_monsterinsights_sitenote_note":"","_monsterinsights_sitenote_category":0,"_s2mail":"","ngg_post_thumbnail":0,"footnotes":""},"class_list":["post-18136","page","type-page","status-publish","hentry"],"jetpack_sharing_enabled":true,"_links":{"self":[{"href":"https:\/\/www.orlan.eu\/en\/wp-json\/wp\/v2\/pages\/18136","targetHints":{"allow":["GET"]}}],"collection":[{"href":"https:\/\/www.orlan.eu\/en\/wp-json\/wp\/v2\/pages"}],"about":[{"href":"https:\/\/www.orlan.eu\/en\/wp-json\/wp\/v2\/types\/page"}],"author":[{"embeddable":true,"href":"https:\/\/www.orlan.eu\/en\/wp-json\/wp\/v2\/users\/1"}],"replies":[{"embeddable":true,"href":"https:\/\/www.orlan.eu\/en\/wp-json\/wp\/v2\/comments?post=18136"}],"version-history":[{"count":1,"href":"https:\/\/www.orlan.eu\/en\/wp-json\/wp\/v2\/pages\/18136\/revisions"}],"predecessor-version":[{"id":19451,"href":"https:\/\/www.orlan.eu\/en\/wp-json\/wp\/v2\/pages\/18136\/revisions\/19451"}],"up":[{"embeddable":true,"href":"https:\/\/www.orlan.eu\/en\/wp-json\/wp\/v2\/pages\/18205"}],"wp:attachment":[{"href":"https:\/\/www.orlan.eu\/en\/wp-json\/wp\/v2\/media?parent=18136"}],"curies":[{"name":"wp","href":"https:\/\/api.w.org\/{rel}","templated":true}]}}