{"id":18141,"date":"2010-03-25T13:52:34","date_gmt":"2010-03-25T13:52:34","guid":{"rendered":"https:\/\/www.orlan.eu\/bio-art\/"},"modified":"2024-03-13T13:02:33","modified_gmt":"2024-03-13T13:02:33","slug":"bio-art","status":"publish","type":"page","link":"https:\/\/www.orlan.eu\/en\/works\/bio-art\/","title":{"rendered":"Bio-art"},"content":{"rendered":"<p><span style=\"font-size: medium;\"><a><strong><br \/>\nBIO-ART<\/strong><\/a><\/span><br \/>\n<span style=\"color: #ffffff;\"><span style=\"font-size: medium;\"><strong>&#8211;<\/strong><\/span><\/span><\/p>\n<p style=\"text-align: left;\"><em><br \/>\n  <strong>Tangible Striptease in Nanosequences, <\/strong><br \/>\n<\/em><strong>Center des Arts, Enghien-les-Bains, Paris-Diderot University, Paris, France, 2016<\/strong><\/p>\n<p>&nbsp;<\/p>\n<table style=\"width: 100%; border-collapse: collapse; background-color: #ebebeb; border-style: none;\">\n<tbody>\n<tr>\n<td style=\"width: 100%;\">\n<p style=\"text-align: left;\">ORLAN performs &#8221; <i>Tangible striptease en nanos\u00e9quences<\/i>&#8221; at the Centre des Arts d&#8217;Enghien-les-Bains and Universit\u00e9 Paris Diderot on Thursday, June 02, 2016 as part of the Bains Num\u00e9riques festival. She works with Mael Le M\u00e9e and Sup&#8217;Biotech.<\/p>\n<p style=\"text-align: left;\"><div class=\"bg-margin-for-link\"><input type='hidden' bg_collapse_expand='69d4d1dc98bab3084634337' value='69d4d1dc98bab3084634337'><input type='hidden' id='bg-show-more-text-69d4d1dc98bab3084634337' value='Show More'><input type='hidden' id='bg-show-less-text-69d4d1dc98bab3084634337' value='Show Less'><div id='bg-showmore-hidden-69d4d1dc98bab3084634337' >\n<p style=\"text-align: left\">This work is a self-portrait in the form of a biotechnological performance, a snapshot of a biological moment.  &nbsp;In this digital experience, the ORLAN-CORPS is measured by the public&#8217;s finger and eye through the mediation of the bacteria that live there in symbiosis, co-authors of all human identity. What we now call <a href=\"https:\/\/fr.wikipedia.org\/wiki\/Microbiote\">the microbiota<\/a>. ORLAN-CORPS becomes a public space for a &#8220;nanoscale striptease&#8221;. ORLAN cultivates its oral, vaginal and intestinal flora.&nbsp;<\/p>\n<p style=\"text-align: left\">ORLAN wishes to demonstrate that, for a woman, striptease is an &#8220;impossible&#8221;, because they cannot undress us from all the images that dress them and all the fantasies, all the standards of beauty, all the  <i>a priori<\/i>  that cover them and prevent them from being seen. These are leaden garments that stick to the skin and act as a screen.  <\/div><\/div><a id='bg-showmore-action-69d4d1dc98bab3084634337' class='bg-showmore-plg-link bg-arrow '  style=\" color:#b51616;;\" href='#'>Show More<\/a>\n<\/td>\n<\/tr>\n<\/tbody>\n<\/table>\n<p style=\"text-align: left;\">ngg_shortcode_0_placeholder\n<p>Harlequin&#8217;s Coat, FACT (Foundation for Art and Creative Technology), 2015, Liverpool<\/p>\n<table style=\"width: 100%; border-collapse: collapse; background-color: #ebebeb; border-style: none;\">\n<tbody>\n<tr>\n<td style=\"width: 100%;\">\n<p style=\"text-align: left;\">This work <i>in progress<\/i>, created in 2007 and exhibited several times, combines video projections of ORLAN&#8217;s cells collected during the <i>Biopsie <\/i>performance and&nbsp; combined with those of other human and animal strains, petri dishes and a bioreactor enabling the <i>in vitro <\/i>culture of these cells. ORLAN created this work with Jens Hauser and a laboratory that kept cells alive.&nbsp;<\/p>\n<div class=\"bg-margin-for-link\"><input type='hidden' bg_collapse_expand='69d4d1dc98dbf0002940827' value='69d4d1dc98dbf0002940827'><input type='hidden' id='bg-show-more-text-69d4d1dc98dbf0002940827' value='Show More'><input type='hidden' id='bg-show-less-text-69d4d1dc98dbf0002940827' value='Show Less'><div id='bg-showmore-hidden-69d4d1dc98dbf0002940827' >\n<p style=\"text-align: left\">ORLAN created a transparent bioreactor that simulates the Harlequin&#8217;s head, showing the red liquid feeding the cells and the three polymers to which they were attached. It was as if a moving face agitated the liquid.&nbsp;<\/p>\n<p style=\"text-align: left\">Inside the fluorescent Plexiglas Harlequin coat, with one side fluorescing yellow and the other red, were Petri dishes designed to hold polymers and dead cells.<\/p>\n<p style=\"text-align: left\">This installation questions the fragility of life by showing living, dead and dying cells, and projections representing cells in these different states. The cells raised in the bioreactor are defenseless, without immunity, and those that survive the longest are the youngest and strongest. We&#8217;re a long way from hybridization.  <\/div><\/div><a id='bg-showmore-action-69d4d1dc98dbf0002940827' class='bg-showmore-plg-link bg-arrow '  style=\" color:#b51616;;\" href='#'>Show More<\/a>\n<\/td>\n<\/tr>\n<\/tbody>\n<\/table>\nngg_shortcode_1_placeholder\n<p>Biospy, The Harlequin Coat, School of Anatomy and Human Biology, Laboratory SymbioticA, Perth University, Australia 2007<\/p>\n<table style=\"width: 100%; border-collapse: collapse; background-color: #ebebeb; border-style: none;\">\n<tbody>\n<tr>\n<td style=\"width: 100%;\">\n<p style=\"text-align: left;\">In the preface to <i>Tiers-instruit<\/i>, entitled &#8220;La\u00efcit\u00e9&#8221;, Michel Serres describes the Harlequin who, having gradually removed all his layers of patchwork clothing during a round-the-world tour, presents a skin that is also in patchwork form. ORLAN was greatly inspired by this work, which she will read during the <i>Biopsie<\/i> performance.<\/p>\n<p style=\"text-align: left;\"><div class=\"bg-margin-for-link\"><input type='hidden' bg_collapse_expand='69d4d1dc98ed20011065739' value='69d4d1dc98ed20011065739'><input type='hidden' id='bg-show-more-text-69d4d1dc98ed20011065739' value='Show More'><input type='hidden' id='bg-show-less-text-69d4d1dc98ed20011065739' value='Show Less'><div id='bg-showmore-hidden-69d4d1dc98ed20011065739' >\n<p style=\"text-align: left\">This performance in the form of a medical intervention was realized in 2007, when ORLAN was invited for a three-month residency at the University of Perth in Australia, where they created the SymbioticA laboratory through Oron Catts and Ionat Zurr in the Department of Human Anatomy and Biology, in collaboration with BioArt technician Jens Hauser.<\/p>\n<p style=\"text-align: left\">The staging was minimal: around the hospital bed on which ORLAN lay, dressed in harlequin cloth, were two sheets of the same fabric, one velvet and the other satin.<\/p>\n<p style=\"text-align: left\">A diamond-shaped incision was made in the groin crease by burn surgeon Fiona Wood.<\/p>\n<p style=\"text-align: left\">Following this medical intervention, the installation &#8220;Le manteau d&#8217;Arlequin&#8221; was created.  <\/div><\/div><a id='bg-showmore-action-69d4d1dc98ed20011065739' class='bg-showmore-plg-link bg-arrow '  style=\" color:#b51616;;\" href='#'>Show More<\/a>\n<\/td>\n<\/tr>\n<\/tbody>\n<\/table>\n<p style=\"text-align: left;\">ngg_shortcode_2_placeholder\n","protected":false},"excerpt":{"rendered":"<p>BIO-ART &#8211; Tangible Striptease in Nanosequences, Center des Arts, Enghien-les-Bains, Paris-Diderot University, Paris, France, 2016 &nbsp; ORLAN performs &#8221; Tangible striptease en nanos\u00e9quences&#8221; at the Centre des Arts d&#8217;Enghien-les-Bains and Universit\u00e9 Paris Diderot on Thursday, June 02, 2016 as part of the Bains Num\u00e9riques festival. She works with Mael Le M\u00e9e and Sup&#8217;Biotech. Harlequin&#8217;s Coat, [&hellip;]<\/p>\n","protected":false},"author":1,"featured_media":0,"parent":18205,"menu_order":7,"comment_status":"open","ping_status":"open","template":"","meta":{"_eb_attr":"","_monsterinsights_skip_tracking":false,"_monsterinsights_sitenote_active":false,"_monsterinsights_sitenote_note":"","_monsterinsights_sitenote_category":0,"_s2mail":"yes","ngg_post_thumbnail":0,"footnotes":""},"class_list":["post-18141","page","type-page","status-publish","hentry"],"jetpack_sharing_enabled":true,"_links":{"self":[{"href":"https:\/\/www.orlan.eu\/en\/wp-json\/wp\/v2\/pages\/18141","targetHints":{"allow":["GET"]}}],"collection":[{"href":"https:\/\/www.orlan.eu\/en\/wp-json\/wp\/v2\/pages"}],"about":[{"href":"https:\/\/www.orlan.eu\/en\/wp-json\/wp\/v2\/types\/page"}],"author":[{"embeddable":true,"href":"https:\/\/www.orlan.eu\/en\/wp-json\/wp\/v2\/users\/1"}],"replies":[{"embeddable":true,"href":"https:\/\/www.orlan.eu\/en\/wp-json\/wp\/v2\/comments?post=18141"}],"version-history":[{"count":3,"href":"https:\/\/www.orlan.eu\/en\/wp-json\/wp\/v2\/pages\/18141\/revisions"}],"predecessor-version":[{"id":19682,"href":"https:\/\/www.orlan.eu\/en\/wp-json\/wp\/v2\/pages\/18141\/revisions\/19682"}],"up":[{"embeddable":true,"href":"https:\/\/www.orlan.eu\/en\/wp-json\/wp\/v2\/pages\/18205"}],"wp:attachment":[{"href":"https:\/\/www.orlan.eu\/en\/wp-json\/wp\/v2\/media?parent=18141"}],"curies":[{"name":"wp","href":"https:\/\/api.w.org\/{rel}","templated":true}]}}