{"id":18207,"date":"2010-03-19T18:17:08","date_gmt":"2010-03-19T18:17:08","guid":{"rendered":"https:\/\/www.orlan.eu\/exhibitions\/"},"modified":"2010-03-19T18:17:08","modified_gmt":"2010-03-19T18:17:08","slug":"exhibitions","status":"publish","type":"page","link":"https:\/\/www.orlan.eu\/en\/exhibitions\/","title":{"rendered":"EXHIBITIONS"},"content":{"rendered":"<h2><strong>MAIN RETROSPECTIVES<\/strong><\/h2>\n<p><strong>Several Retrospectives have been dedicated to ORLAN:<\/strong><\/p>\n<p>Maison Europ\u00e9enne de la Photographie, ORLAN EN CAPITALES, curated by J\u00e9rome Neutres (2017)<\/p>\n<p>Sungkok Art Museum, ORLAN-Techno-Body Retrospective in Seoul (Republic of Korea), curated by Soukyoun Lee (2016)<\/p>\n<p>FRAC Basse-Normandie and Saint-Sauveur Church, ORLAN TODAY in Caen (France), curated by Sylvie Froux (2016)<\/p>\n<p>Museo de Antioquia, ORLAN \/ Arte Carnal y cuerpo en questi\u00f3n in Medellin (Colombia) curated by Ricardo Arcos-Palma (2012)<\/p>\n<p>Museo de Arte Moderno de Bogota, ORLAN \/ Hibridaciones y Refiguraciones, curated by Ricardo Arcos-Palma (2012)<\/p>\n<p>Museum van Hedendaagse Kunst, M HKA,&nbsp;MesuRages (1968-2012) Action: ORLAN-body in Antwerpen (Belgium) curated by Bart de Baere (2012)<\/p>\n<p>Prometeogallery di Ida Pisani in Milan &amp; Lucca (Italy), curated by Eugenio Viola (2010).<\/p>\n<p>Tallina Kunstihoone in Tallinn (Estonia), curated by Eugenio Viola (2008).<\/p>\n<p>Museum of Modern Art of Saint-\u00c9tienne (France), curated by Lorand Hegyi (2007).<\/p>\n<p>CCC (Centre de Cr\u00e9ation Contemporaine) in Tours (France), curated by Alain Julien-Laferri\u00e8re (2004).<\/p>\n<p>Center National de la Photographie in Paris (France), curated by Regis Durand, assisted by Claire Guezengar (2004).<\/p>\n<p>FRAC (Fond R\u00e9gional d&#8217;Art Contemporain) Pays de la Loire (France), curated by Jean Fran\u00e7ois Taddei (2002).<\/p>\n<p>Centro de Fotografia in Salamanca and Centro-Museo Vasco de Arte Contempor\u00e1neo Artium Artium in Victoria (Spain), curated by Olga Guinot and Jan Guardiola (2002).<\/p>\n<h2><strong>BIENNALES<\/strong><\/h2>\n<p><strong>ORLAN&#8217;s work has been featured in several Biennales of Contemporary Art:<\/strong><\/p>\n<p><span style=\"font-weight: 400;\">In Venice at Venice International Art Biennale (2022)  <\/span><\/p>\n<p>In Beijing, ORLAN represents France at the Beijing Biennale in the European Pavillon (2022)<\/p>\n<p>In Pakistan at the Karachi Biennale (2017);<\/p>\n<p>In Peru at the Lima Biennale (2016);<\/p>\n<p>In Senegal at the Dakar Biennale (2016);<\/p>\n<p>In Mali at the Bamako Biennale (2015);<\/p>\n<p>In Italy at the Venice Biennale (1986, 1993, 1997, 2007, 2009, 2013);<\/p>\n<p>In Greece at the Thessaloniki Biennale (2011);<\/p>\n<p>In Russia at the Moscow Biennale (2004, 2009);<\/p>\n<p>In Poland at the Poznan Biennale (2008);<\/p>\n<p>In South Korea at the Busan Biennale (2016, 2008) and the Changwon Biennale (2016);<\/p>\n<p>In Australie at the Sydney Biennale (1992); Biennale of Electronic Arts Perth Stillness (2007);<\/p>\n<p>In Spain at the Valencia Biennale (2003);<\/p>\n<p>In Turkey at the Istanbul Biennale (2001);<\/p>\n<p>In France at FIAC Paris Biennale (1975, 1980), Nice Biennale (1981)<\/p>\n<p>In France at Lyon Biennale (1995, 2000);<\/p>\n<p>In Yugoslavia at the Ljubljana Biennale (1987).<\/p>\n<h2><strong>EXHIBITION PLACES<\/strong><\/h2>\n<p><strong>ORLAN&#8217;s work has been featured in several exhibitions all over the world.  <\/strong><\/p>\n<p><strong>In France :<\/strong>&nbsp;La Topographie de l&#8217;Art, Ch\u00e2teau du Rivau, Centre Georges Pompidou, Palais de Tokyo, Mus\u00e9e d&#8217;Orsay, Maison Europ\u00e9enne de la Photographie, Centre National de la Photographie, Mus\u00e9e Bourdelle (Paris), Centre de Cr\u00e9ation Contemporaine (CCC) de Tours, Mus\u00e9e d&#8217;art contemporain de Marseille, Mus\u00e9e des Beaux-Arts de Nantes, Mus\u00e9e du Nouveau Monde La Rochelle, Mus\u00e9e d&#8217;Art Moderne de Saint-\u00c9tienne, Villa Arson, Nice, etc&#8230;<\/p>\n<p><strong>In the U.S.A :<\/strong> Andy Warhol Museum, Pittsburgh, PA; LACMA and MOCA, Los Angeles, CA; PS1, New York, NY; Bass Museum, Miami, FL; Schmidt Center Gallery Public Space of Florida Atlantic University, Boca Raton, FL; Mildred Lane Kemper Art Museum, Saint-Louis, MO; Sheldon Museum, Lincoln, NE, etc&#8230;<\/p>\n<p><strong>In Canada:<\/strong> Art Galerie of Vancouver, Le lieu, Quebec, MacLuhan Science Center, Toronto.<\/p>\n<p><strong>In Colombia:<\/strong> Museo de Arte Moderno de Bogota; Academia Superior de Artes de Bogota; Museo de Antioquia, Medellin<\/p>\n<p><strong>In Belgium:<\/strong> Museum aan der Stroom, Antwerpen; M HKA Museum, Antwerpen; Mus\u00e9e d&#8217;Art et d&#8217;histoire de Lessines.<\/p>\n<p><strong>In Italy :<\/strong> MADRE Museum, Napoli ; Palazzo Strozzi, Florence ; Palazzo delle Esposizioni, Rome; Palazzo Grassi and Palazzo Franchetti, Venise ; Museo D&#8217;Arte Moderna e Contemporanea di Trento e Rovereto, Rovereto.<\/p>\n<p><strong>In Germany :<\/strong> Gem\u00e4ldegalerie, Berlin ; Kunstmuseum, Ahlen; KW Institute for Contemporary Art, Berlin; St\u00e4dtische Galerie, Karlsruhe; Kunstraum Dreieich, Frankfurt.<\/p>\n<p><strong>In Austria:<\/strong> Kunsthalle and MAK, Vienna.<\/p>\n<p><strong>In Luxembourg:<\/strong> Casino Luxembourg.<\/p>\n<p><strong>In Spain:<\/strong> Fundaci\u00f3n Joan Mir\u00f3, Barcelona; Artium Museum, Vitoria; Museo de la Fotograf\u00eda, Salamanca; MACBA, Madrid.<\/p>\n<p><strong>In Switzerland:<\/strong> Mus\u00e9e de l&#8217;Elys\u00e9e, Lausanne.<\/p>\n<p><strong>In Russia:<\/strong> Maison de la Photographie, Laboratoria Art&amp;Science Space and Manege, Moscow.<\/p>\n<p><strong>In South Korea&nbsp;<\/strong>: National Museum of Contemporary Art, Seoul; Busan Museum, Busan ; Daejeon Museum of Art, Daejeon; Sungkok Museum, Seoul.<\/p>\n<p><strong>In Japan:<\/strong> Red Brick Warehouse, Yokohama; The National Museum of Art, Osaka.<\/p>\n","protected":false},"excerpt":{"rendered":"<p>MAIN RETROSPECTIVES Several Retrospectives have been dedicated to ORLAN: Maison Europ\u00e9enne de la Photographie, ORLAN EN CAPITALES, curated by J\u00e9rome Neutres (2017) Sungkok Art Museum, ORLAN-Techno-Body Retrospective in Seoul (Republic of Korea), curated by Soukyoun Lee (2016) FRAC Basse-Normandie and Saint-Sauveur Church, ORLAN TODAY in Caen (France), curated by Sylvie Froux (2016) Museo de Antioquia, [&hellip;]<\/p>\n","protected":false},"author":1,"featured_media":0,"parent":0,"menu_order":4,"comment_status":"open","ping_status":"closed","template":"","meta":{"_eb_attr":"","_monsterinsights_skip_tracking":false,"_monsterinsights_sitenote_active":false,"_monsterinsights_sitenote_note":"","_monsterinsights_sitenote_category":0,"_s2mail":"","ngg_post_thumbnail":0,"footnotes":""},"class_list":["post-18207","page","type-page","status-publish","hentry"],"jetpack_sharing_enabled":true,"_links":{"self":[{"href":"https:\/\/www.orlan.eu\/en\/wp-json\/wp\/v2\/pages\/18207","targetHints":{"allow":["GET"]}}],"collection":[{"href":"https:\/\/www.orlan.eu\/en\/wp-json\/wp\/v2\/pages"}],"about":[{"href":"https:\/\/www.orlan.eu\/en\/wp-json\/wp\/v2\/types\/page"}],"author":[{"embeddable":true,"href":"https:\/\/www.orlan.eu\/en\/wp-json\/wp\/v2\/users\/1"}],"replies":[{"embeddable":true,"href":"https:\/\/www.orlan.eu\/en\/wp-json\/wp\/v2\/comments?post=18207"}],"version-history":[{"count":0,"href":"https:\/\/www.orlan.eu\/en\/wp-json\/wp\/v2\/pages\/18207\/revisions"}],"wp:attachment":[{"href":"https:\/\/www.orlan.eu\/en\/wp-json\/wp\/v2\/media?parent=18207"}],"curies":[{"name":"wp","href":"https:\/\/api.w.org\/{rel}","templated":true}]}}