{"id":18254,"date":"2010-03-25T14:00:35","date_gmt":"2010-03-25T14:00:35","guid":{"rendered":"https:\/\/www.orlan.eu\/bio-biblio\/radio-tv\/"},"modified":"2023-11-22T14:12:06","modified_gmt":"2023-11-22T14:12:06","slug":"radio-tv","status":"publish","type":"page","link":"https:\/\/www.orlan.eu\/en\/bio-biblio\/radio-tv\/","title":{"rendered":"Radio &amp; TV"},"content":{"rendered":"<h2 style=\"text-align: right;\"><span style=\"color: #800080;\"><em><a style=\"color: #800080;\" href=\"#tvshow\">Jump to TV&nbsp;Show<\/a><\/em><\/span><\/h2>\n<div>\n<div>\n<div>\n<div>\n<div>\n<div>Laurent Goumarre, &#8220;ORLAN, Martin Berthelot et Bruno Pradels&#8221;, France Inter, Wednesday, May 25th 2023.<\/div>\n<div>&nbsp;<\/div>\n<div><span style=\"font-size: inherit;\">Charles P\u00e9pin, <\/span><span style=\"font-weight: 400;\">&#8220;Sous le soleil de Platon&nbsp;&#8220;, France Inter, Monday august 15th 2022&nbsp;<\/span><\/div>\n<\/div>\n<\/div>\n<\/div>\n<\/div>\n<\/div>\n<div>&nbsp;<\/div>\n<div>C\u00e9cile Debray, &#8220;Picasso et les femmes: l&#8217;ombre au tableau l&#8217;invit\u00e9e des matins&#8221;, France Inter, July 13th 2022&nbsp;<\/p>\n<div>&nbsp;<\/div>\n<\/div>\n<p><span style=\"font-weight: 400;\">Sebastien Theme, Chronique &#8221; La Madeleine du dimanche &#8220;, France Culture, 22th may 2022.&nbsp;<\/span><\/p>\n<p>Laure Adler, &#8220;L&#8217;heure bleue&#8221;, on: France Inter, 3 June 2021.<\/p>\n<p>Femmes d&#8217;Art, &#8220;Episode 45&#8221; : Podcast, 2 June 2021.<\/p>\n<p>Augustin Trapenard, &#8220;ORLAN en lettres capitales&#8221;, on: France Inter, 26 April 2017.<\/p>\n<p>Laurence Garcia, &#8220;Dans tes r\u00eaves&#8221; with Chlo\u00e9 Delaume, on: France Inter, December 8th 2016.<\/p>\n<p>France Inter, &#8220;La face voil\u00e9e du burkini&#8221;, debate, Laurent Goumarre <em>Le nouveau Rendez-vous<\/em> radio show, August 29th 2016, Paris, France.<\/p>\n<p>Jean de Loisy and Sandra Adam-Couralet, &nbsp;&#8221; Les regardeurs&nbsp;&#8220;, on :&nbsp;<em><br \/>\n  <strong>France Culture<\/strong><br \/>\n<\/em>, June 6th, 2016.<\/p>\n<p>Arnaud Laporte, &#8221;&nbsp;La dispute&nbsp;&#8220;, on :<em><br \/>\n  <strong>&nbsp;France Culture<\/strong><br \/>\n<\/em>, April 21th 2016.<\/p>\n<p style=\"text-align: justify;\">Laurent Goumarre, &#8220;Le Grand Jeu des r\u00e9gionales&#8221;, on : <em><br \/>\n  <strong>France Inter<\/strong><br \/>\n<\/em>, December 14, 2015<\/p>\n<p style=\"text-align: justify;\">Fr\u00e9d\u00e9ric Taddei, &#8220;Europe 1 Social Club: ORLAN, j&#8217;ai fait signer des p\u00e9titions contre la mort&#8221;, on: Europe 1, October 15, 2015.<\/p>\n<p style=\"text-align: justify;\">Laurent Goumarre, &#8220;Le nouveau rendez-vous: 20 ans de r\u00e9volution Gay, ORLAN et musique bretonne&#8221;, on: France Inter, October 15, 2015.<\/p>\n<p style=\"text-align: justify;\">Mathilde Serrell, Martin Quenehen, &#8220;Emission Ping Pong: Striptease plastique et cabaret f\u00e9ministe avec ORLAN &amp; Nathalie Joly&#8221;, on: France Culture, October 2, 2015.<\/p>\n<p style=\"text-align: justify;\">Siegfried Forster, &#8220;ORLAN fait &#8220;Strip-tease&#8221;, la r\u00e9volution artistique par le corps&#8221;, on: RFI, September 21, 2015.<\/p>\n<p style=\"text-align: justify;\">Laurent Goumarre, &#8220;Le Rendez-vous du 2\/09 avec ORLAN et Franck Maubert&#8221;, on: France Culture, 2 September 2014.<\/p>\n<p>Fran\u00e7oise Raes, &#8220;Bang Bang: ORLAN online&#8221;, on : Pure FM, May 2013 (Belgium)<\/p>\n<p>Sandrine Treiner, Pascale Lismonde, &#8220;\u00c0 voix nue : ORLAN, artiste, corps rebelle (5\/5)&#8221;, on: France Culture, December 7, 2012.<\/p>\n<p>Sandrine Treiner, Pascale Lismonde, &#8220;\u00c0 voix nue : ORLAN, artiste, corps rebelle (4\/5)&#8221;, on: France Culture, December 6, 2012.<\/p>\n<p>Sandrine Treiner, Pascale Lismonde, &#8220;\u00c0 voix nue : ORLAN, artiste, corps rebelle (3\/5)&#8221;, on: France Culture, December 5, 2012.<\/p>\n<p>Sandrine Treiner, Pascale Lismonde, &#8220;\u00c0 voix nue : ORLAN, artiste, corps rebelle (2\/5)&#8221;, on: France Culture, December 4, 2012.<\/p>\n<p>Sandrine Treiner, Pascale Lismonde, &#8220;\u00c0 voix nue : ORLAN, artiste, corps rebelle (1\/5)&#8221;, on : France Culture, 3 December 2012<\/p>\n<p>Fran\u00e7ois Angelier, &#8220;Nuit blanche 2012 : Les mots d&#8217;ORLAN&#8221;, on : France Culture, 6 October 2012<\/p>\n<p>Vincent Josse, &#8220;L&#8217;Atelier d&#8217;ORLAN, artiste plasticienne&#8221;, on: France Inter, November 2011<\/p>\n<p>Pascale Lismonde, &#8220;L&#8217;atelier d&#8217;ORLAN, artiste plasticienne&#8221;, on: France Inter, November 2011<\/p>\n<p>Michel Field, &#8220;Caf\u00e9 D\u00e9couverte&#8221;, on : Europe 1, September 2010<\/p>\n<p>Laure Adler, &#8220;Hors-Champs&#8221;, on: France Culture, January 2010<\/p>\n<p>&#8220;ORLAN program L&#8217;\u00e9l\u00e9phant effervescence&#8221;, on: Radio Nova, January 2010<\/p>\n<p>\u00c9lisabeth Couturier, &#8220;Le mus\u00e9e personnel d&#8217;ORLAN, program Les Jeudis de l&#8217;expo&#8221;, on: France Culture, December 2009<\/p>\n<p>Eric Alliez, Sabine Leuvine, &#8220;ORLAN religieuse ?&#8221;, on: Radio Tomate, November 1981<\/p>\n<p>&#8220;Nouveaux courants: transavant-garde figuration libre fran\u00e7aise, \u00e9nergie New yorkaise&#8221;, on: Radio Nova, October 1981<\/p>\n<p>&#8220;Intervention pour la Pologne&#8221;, on: Radio Nova, December 1981<\/p>\n<p>&#8220;Performance Performante&#8221;, on: Radio Tomate, October 1981.<\/p>\n<p>Monique Veaute, &#8220;La voix, program Les Nuits Magn\u00e9tiques&#8221;, on: France Culture, 1981<\/p>\n<p>Monique Veaute, &#8220;La performance, program Les Nuits Magn\u00e9tiques&#8221;, on: France Culture, 1981<\/p>\n<p>Monique Veaute, &#8220;Le Sein, program Les Nuits Magn\u00e9tiques&#8221;, on: France Culture, 1980<\/p>\n<p>Dominique Chapuis, &#8220;Regarding Le MesuRage de Beaubourg&#8221;, on: France Culture, 1979<\/p>\n<h3 style=\"text-align: justify;\">&nbsp;<a id=\"tvshow\"><\/a><\/h3>\n<h3 style=\"text-align: justify;\"><span style=\"color: #000000;\"><b>TV Show<\/b><\/span><\/h3>\n<p>Alexandra Roualt, ORLAN rehabilitates the slow dance, <em><br \/>\n  <strong>on France 2<\/strong><br \/>\n<\/em>May 2023.<\/p>\n<p>Olivier Picasso, Forty years of the Centre Pompidou, <strong><br \/>\n  <em>on France 2<\/em><br \/>\n<\/strong>January 2017.<\/p>\n<p>LOCB, &#8220;ORLAN Today and all the summer festivals&#8221;, on: <strong><br \/>\n  <em>France 3<\/em><br \/>\n<\/strong><sup>24th<\/sup> June 2016.<\/p>\n<p>Laura Sangr\u00e0, &#8220;Entrevista a ORLAN&#8221;, on: Tria 33, TV.3, January 18th 2016 (Spain).<\/p>\n<p style=\"text-align: justify;\">Antoine de Caunes show, Canal +, France, November 26th 2015.<\/p>\n<p style=\"text-align: justify;\">Louise Dupont, &#8220;ORLAN, l&#8217;art au-del\u00e0 des normes&#8221;, on: France 24, September 25, 2015.<\/p>\n<p style=\"text-align: justify;\">Odile Morain, &#8220;ORLAN gets naked &#8220;Des cellules jusqu&#8217;\u00e0 l&#8217;os&#8221; in a digital striptease&#8221;, on: Francetvinfo, September 25, 2015.<\/p>\n<p>J\u00e9r\u00f4me Cassou, on: Arte Journal, September the 24th 2013.<\/p>\n<p>Aldo Lee, &#8220;ORLAN: baiser automatique&#8221;, on : Canal +, April 17th, 2010<\/p>\n<p>Lo\u00efc Connansky, &#8220;De la Condition F\u00e9minine en milieu artistique&#8221;, on: Canal +, November 3rd-4th 2009<\/p>\n<p>n\/a, on : Direct 8, October 30th and November 12th 2009<\/p>\n<p>Olivia de Buhren, &#8220;Tous les go\u00fbts sont dans la culture&#8221;, on: France 3, October 27th 2009.<\/p>\n<p>Fr\u00e9d\u00e9ric Tadde\u00ef, &#8220;Ce soir ou jamais&#8221;, on: France 2, June 15th, 2009.<\/p>\n<p>Ruth Cantarero, &#8220;Metropolis, Art biotech&#8221;, on: TVE, March 15th 2009 (Spain).<\/p>\n<p>Raphael Enthoven, &#8220;Philo&#8221;, edition about the ugliness, with Gabrielle Aubry, on: France 2, November 9th, 2008.<\/p>\n<p>Coverage of the FIAC 2008, on: Arte, October 27th 2008.<\/p>\n<p>Isabelle Bacheler, Journal t\u00e9l\u00e9vis\u00e9, on: Canal +, July 2007.<\/p>\n<p>Lo\u00efc Connanski, Mensomadaire Program, on: Paris Premi\u00e8re, February 2005<\/p>\n<p>Thierry Ardisson, Paris Derni\u00e8re, May 30th, 2003.<\/p>\n<p>Marc-Olivier Faugiel, &#8220;On ne peut pas plaire \u00e0 tout le monde&#8221;, on: France 3, 2001.<\/p>\n<p>&#8220;Mediamente TV&#8221;, on: Rai, February 1999 (Italy)<\/p>\n<p>&#8220;Gordon goes round&#8221;, on : RTBF, 1999 (Belgium)<\/p>\n<p>R. Wandel, &#8220;Program Int\u00e9rieur nuit &#8220;special corps&#8221;&#8221;, on: Rai II, 1998 (Italy)<\/p>\n<p>&#8220;Friderikusz Show&#8221;, on: Hangarian Television, April 17th 1996 (Hungary)<\/p>\n<p>&#8220;Woman Without Head&#8221;, on: ICA, March 18th 1996 (United Kingdom)<\/p>\n<p>&#8220;Program Temeraela notte&#8221;, on: Rai II, March 13th, 1996 (Italy)<\/p>\n<p>Jean-Marc Morandini, &#8220;Tout est possible&#8221;, on: TF1, January 18th 1995.<\/p>\n<p>Christophe Dechavanne, &#8220;Qu&#8217;est-ce qui se passe chez Madonna?&#8221;, on: TF1, October 16th 1994<\/p>\n<p>Program Faxculture, on: T\u00e9l\u00e9vision Suisse Romande November 3rd 2002. TV Show, April 29th 1994 (Switzerland)<\/p>\n<p>&#8220;Tal Cual&#8221;, on: TVE, February 1994 (Spain)<\/p>\n<p>Connie Chung, &#8220;Eye to Eye&#8221;, on: CBS News, December 23rd 1993 (United States)<\/p>\n<p>Antoine de Caunes, Jean-Paul Gaultier, &#8220;Eurotrash&#8221;, on : Channel 4, April 1993 (United Kingdom)<\/p>\n<p>St\u00e9phan Oriach, Alain Burosse, &#8220;Un peu de temps et vous ne me verrez plus&#8221;, on: Antenne 2, April 10th 1993<\/p>\n<p>&#8220;Hors limites&#8221;, on: Arte, January 1993<\/p>\n<p>Brigitte Cornaud, Alain Burosse, &#8220;Program L&#8217;\u0152il du cyclone on Performance&#8221;, on: Art TV, October 1992 (Australia)<\/p>\n<p>Broadcast on: DRS Zurich, September 24th 1992 (Switzerland).<\/p>\n<p>Mireille Dumas, &#8220;Bas les masques&#8221;, on: Canal +, July 12th 1992<\/p>\n<p>Broadcast three times on: FR 3 Bourgogne, June 1992<\/p>\n<p>&#8220;Program Sydney 30 minutes&#8221;, on: New York Cable, April 12th, 1992 (United States)<\/p>\n<p>Broadcast in June 1992, Cologne (Germany)<\/p>\n<p>Christophe Dechavanne, &#8220;Ciel mon mardi!&#8221;, on: TF1, February 17th 1991<\/p>\n<p>Patrick Sabatier, &#8220;Si on se disait tout&#8221;, on: Europe 1, February 22nd 1991<\/p>\n<p>Bernard Pivot, &#8220;Bouillon de culture&#8221;, on: Antenne 2, March 1991<\/p>\n<p>Kurt Aeschbacher, &#8220;Grell-Pastell&#8221; on: TV DSR, January 3rd 1991&nbsp;(Germany)<\/p>\n<p>&#8220;It Happens&#8221;, on: NDR Fernsehen, September 28th 1991&nbsp;(Germany)<\/p>\n<p>Broadcast on: NDRL Hamburg, January 5th 1990&nbsp;(Germany)<\/p>\n<p>&#8220;Behind the headlines&#8221;, on: BBC, 1990 (United Kingdom)<\/p>\n<p>Broadcast on : CTV Lyon Cables,1990<\/p>\n<p>Broadcast on : FR3 Lille, May-June 1990<\/p>\n<p>&#8220;True stories&#8221;, on: LA CINQ, September 1990<\/p>\n<p>&#8220;MesuRage at the Guggenheim Museum in New York&#8221;, on: New York Cable, July 26th 1983 (United States)<\/p>\n<p>Jacques Martin, &#8220;Incroyable mais vrai&#8221;, on: Antenne 2, January 1981<\/p>\n<p>Michel Suquet, &#8220;Program on the public aspect of the female body&#8221;, on: T\u00e9l\u00e9vision belge, March 1981 (Belgium)<\/p>\n<p>&#8220;News item on MesuRage at Place Saint-Pierre in Li\u00e8ge&#8221;, on: T\u00e9l\u00e9vision belge, February 1980 (Belgium)<\/p>\n<p>Claude Villers , &#8220;Le Baiser de l&#8217;artiste&#8221;, on : T\u00e9l\u00e9test, July 1980<\/p>\n<p>Broadcast on: WDR Fernsehen III, October 7th 1979 (Germany)<\/p>\n<p>&#8220;News item on Le Baiser de l&#8217;artiste at the F. I. A. C. 1977&#8221; on: TF1, October 23rd 1977<\/p>\n<p>Philippe Bouvard, &#8220;Le dessus du panier&#8221;, on : Antenne 2, November 1977<\/p>\n","protected":false},"excerpt":{"rendered":"<p>Jump to TV&nbsp;Show Laurent Goumarre, &#8220;ORLAN, Martin Berthelot et Bruno Pradels&#8221;, France Inter, Wednesday, May 25th 2023. &nbsp; Charles P\u00e9pin, &#8220;Sous le soleil de Platon&nbsp;&#8220;, France Inter, Monday august 15th 2022&nbsp; &nbsp; C\u00e9cile Debray, &#8220;Picasso et les femmes: l&#8217;ombre au tableau l&#8217;invit\u00e9e des matins&#8221;, France Inter, July 13th 2022&nbsp; &nbsp; Sebastien Theme, Chronique &#8221; La [&hellip;]<\/p>\n","protected":false},"author":1,"featured_media":0,"parent":18206,"menu_order":6,"comment_status":"open","ping_status":"open","template":"","meta":{"_eb_attr":"","_monsterinsights_skip_tracking":false,"_monsterinsights_sitenote_active":false,"_monsterinsights_sitenote_note":"","_monsterinsights_sitenote_category":0,"_s2mail":"","ngg_post_thumbnail":0,"footnotes":""},"class_list":["post-18254","page","type-page","status-publish","hentry"],"jetpack_sharing_enabled":true,"_links":{"self":[{"href":"https:\/\/www.orlan.eu\/en\/wp-json\/wp\/v2\/pages\/18254","targetHints":{"allow":["GET"]}}],"collection":[{"href":"https:\/\/www.orlan.eu\/en\/wp-json\/wp\/v2\/pages"}],"about":[{"href":"https:\/\/www.orlan.eu\/en\/wp-json\/wp\/v2\/types\/page"}],"author":[{"embeddable":true,"href":"https:\/\/www.orlan.eu\/en\/wp-json\/wp\/v2\/users\/1"}],"replies":[{"embeddable":true,"href":"https:\/\/www.orlan.eu\/en\/wp-json\/wp\/v2\/comments?post=18254"}],"version-history":[{"count":1,"href":"https:\/\/www.orlan.eu\/en\/wp-json\/wp\/v2\/pages\/18254\/revisions"}],"predecessor-version":[{"id":18257,"href":"https:\/\/www.orlan.eu\/en\/wp-json\/wp\/v2\/pages\/18254\/revisions\/18257"}],"up":[{"embeddable":true,"href":"https:\/\/www.orlan.eu\/en\/wp-json\/wp\/v2\/pages\/18206"}],"wp:attachment":[{"href":"https:\/\/www.orlan.eu\/en\/wp-json\/wp\/v2\/media?parent=18254"}],"curies":[{"name":"wp","href":"https:\/\/api.w.org\/{rel}","templated":true}]}}