{"id":18255,"date":"2010-03-25T14:00:54","date_gmt":"2010-03-25T14:00:54","guid":{"rendered":"https:\/\/www.orlan.eu\/bio-biblio\/filmography-discography\/"},"modified":"2023-11-22T14:12:06","modified_gmt":"2023-11-22T14:12:06","slug":"filmography-discography","status":"publish","type":"page","link":"https:\/\/www.orlan.eu\/en\/bio-biblio\/filmography-discography\/","title":{"rendered":"Filmography &amp; Discography"},"content":{"rendered":"<h2 style=\"text-align: right;\"><a href=\"http:\/\/www.orlan.eu\/wp-content\/uploads\/2016\/02\/CV-20161.pdf\"><span style=\"color: #800080;\">ORLAN FULL CV<\/span><\/a><\/h2>\n<h3 style=\"text-align: right;\"><span style=\"color: #800080;\"><a style=\"color: #800080;\" href=\"#discography\"><em>Jump to Discography<\/em><\/a><\/span><\/h3>\n<h3><span style=\"color: #000000;\">FILMOGRAPHY<\/span><\/h3>\n<h4><span style=\"color: #000000;\"><b>Directed and Produced by ORLAN<\/b><\/span><\/h4>\n<p><span style=\"color: #000000;\">&#8220;Experimental Game Play&#8221;, 4&#8217;42&#8221;, interactive installation with Myo bracelets, 2015  <\/span><\/p>\n<p><span style=\"color: #000000;\">&#8220;Masques, Pekin Opera, Facing Designs &amp; Augmented Reality&#8221;, videoprojection, 2014  <\/span><\/p>\n<p><span style=\"color: #000000;\">&#8220;Mutant(s) Landmark(s)&#8221; 295&#8242;, video, 2013  <\/span><\/p>\n<p><span style=\"color: #000000;\">&#8220;Freedom and two skinned ORLAN-BODY&#8221;, 28&#8217;32&#8221;, 3D video, 2013  <\/span><\/p>\n<p><span style=\"color: #000000;\">&#8220;Skinned Freedom taking the position of the Statue of Liberty&#8221;, 28&#8217;38&#8221;, 3D video, 2013  <\/span><\/p>\n<p><span style=\"color: #000000;\">&#8220;Striptease of Bumpload from her scans&#8221;, 5&#8217;7&#8221; loop, 3D video, 2013  <\/span><\/p>\n<p><span style=\"color: #000000;\">&#8220;MesuRAGE : Andy Warhol Museum, Pittsburg, USA&#8221;, 52&#8217;2&#8221;, video, 2012  <\/span><\/p>\n<p><span style=\"color: #000000;\">&#8220;MesuRAGE: Museum of Contemporary Art M HKA, Antwerp, Belgium&#8221;, 59&#8217;36&#8221;, video, 2012<\/span><\/p>\n<p><span style=\"color: #000000;\">  &#8220;Asil \/ Exil&#8221;, 25&#8217;52&#8221;, video, 2011, Produced with l&#8217;Ecole Nationale Sup\u00e9rieure des Arts Visuels de la Cambre, Bruxelles, for the exhibition &#8220;Est-ce que vous \u00eates Belge?&#8221; 1&#8217;52&#8221;<\/span><\/p>\n<p><span style=\"color: #000000;\">&#8220;ORLAN REMIX : Romain Gary, Costa-Gavras, Deleuze et Guattari&#8221;, 3&#8217;52&#8221;, video, 2010, Co-produced by Les Poissons Volants Production, Special Effects by Aliocha Imhoff.<\/span><\/p>\n<p><span style=\"color: #000000;\">&#8220;No Comment&#8221;, 4&#8217;44&#8221;, videoprojection on a screen with cross shape, 2009  <\/span><\/p>\n<p><span style=\"color: #000000;\">&#8220;Snake Boat&#8221;, 3&#8217;57&#8221;, video, 2009  <\/span><\/p>\n<p><span style=\"color: #000000;\">&#8220;Dreamcatcher in Hopi&#8217;s Area&#8221;, 7&#8217;10&#8221;, video, 2008, Co-produced with M\u00e9moires Actives<\/span><\/p>\n<p><span style=\"color: #000000;\">&#8220;Harlequin&#8217;s Coat, Perth, Australia&#8221;, 29&#8217;40&#8221;, video, 2008, Directed with Steven Hughes Co-Produced with Sensimilla Productions.<\/span><\/p>\n<p><span style=\"color: #000000;\">&#8220;Secularism \/ Suture&#8221;, 24&#8217;30&#8221;, video, 2007<\/span><\/p>\n<p><span style=\"color: #000000;\">&#8220;Although &#8230; yes but &#8230;&#8221;, 29&#8217;59&#8221;, video, 2003  <\/span><\/p>\n<p><span style=\"color: #000000;\">&#8220;Omnipresence&#8221;, 82&#8217;51&#8221;, video, 1993  <\/span><\/p>\n<p><span style=\"color: #000000;\">&#8220;Operation Opera&#8221;, 9&#8217;11&#8221;, video, December 8th, 1991  <\/span><\/p>\n<p><span style=\"color: #000000;\">&#8220;Successful Operation&#8221;, 9&#8217;13&#8221;, video, July 6th, 1991  <\/span><\/p>\n<p><span style=\"color: #000000;\">&#8220;Appearance and glory of Sainte-ORLAN&#8221;, 4&#8217;49&#8221;, video, 1986  <\/span><\/p>\n<p><span style=\"color: #000000;\">&#8220;Sainte-ORLAN and the oldmen&#8221;, 9&#8217;27&#8221;, video, 1984  <\/span><\/p>\n<p><span style=\"color: #000000;\">&#8220;Staging for a Great FIAT&#8221;, 21&#8217;31&#8221;, video, 1982, Produced by Centre d&#8217;Action Culturelle de Montb\u00e9liard<\/span><\/p>\n<p><span style=\"color: #000000;\">&#8220;MesuRAGE : St Pierre, Lyon, France&#8221;, 17&#8217;40&#8221;, video, 1979<\/span><\/p>\n<h4><span style=\"color: #000000;\"><b>Featuring ORLAN<\/b><\/span><\/h4>\n<p><span style=\"color: #000000;\"><b>2015<\/b><\/span><\/p>\n<p><span style=\"color: #000000;\">Giampiero d&#8217;Angeli, &#8220;ORLAN, Corps, m\u00e9dias et technologies&#8221;, Mooc Digital Media, 6 chapters January 2015.<\/span><\/p>\n<p><span style=\"color: #000000;\"><b>2013<\/b><\/span><\/p>\n<p><span style=\"color: #000000;\">Decryptcult #2, &#8220;Interrogating borders: hybridizations and body art&#8221;, October 2013, 24&#8217;40<\/span><\/p>\n<p><span style=\"color: #000000;\"><b>2012<\/b><\/span><\/p>\n<p><span style=\"color: #000000;\">Beauty Culture: Annenberg Space For Photography<\/span><\/p>\n<p><span style=\"color: #000000;\">&#8220;ORLAN, et la chair se fait verbe&#8221; Directed by Fanny Dal magro, Production: Mosa\u00efque Films 52&#8242;<\/span><\/p>\n<p><span style=\"color: #000000;\">&#8220;L&#8217;artiste et son autoportrait\/Das Selbtsportr\u00e4t in der Kunst (3\/3)&#8221; for Arte (France\/Germany), directed by Sabine Willkop, Broadcasted on January 30th 2012, 25&#8217;38&#8221;<\/span><\/p>\n<p><span style=\"color: #000000;\"><b>2011<\/b><\/span><\/p>\n<p><span style=\"color: #000000;\">&#8220;Paris-Delhi-Bombay&#8230;: &#8216;Draps-peaux hybrid\u00e9s'&#8221; interview by Le Centre Pompidou, 5&#8217;45&#8221;  <\/span><\/p>\n<p><span style=\"color: #000000;\">&#8220;ORLAN&#8221;, Production: Art &#8211; Tendance &#8211; People Misteremma 3&#8217;27&#8221;<\/span><\/p>\n<p><span style=\"color: #000000;\">&#8220;Fig Leaf, The Biggest Cover-Up in History&#8221;, by Rosie Schellenberg, for the BBC4 Producter: Rosie Schellenberg; Executive Producer: Jonty Claypole, Writer and Presenter: Stephen Smith, 1&#8217;09&#8221;<\/span><\/p>\n<p><span style=\"color: #000000;\"><b>2010<\/b><\/span><\/p>\n<p><span style=\"color: #000000;\">&#8220;Un Oeil entre Art Num\u00e9rique et Science&#8221;, by Laurence Scarbonchi Co-production: Chromatiques, Cap Canal, Universit\u00e9 de Lyon 52&#8217;07&#8221;<\/span><\/p>\n<p><span style=\"color: #000000;\"><b>2009<\/b><\/span><\/p>\n<p><span style=\"color: #000000;\">&#8220;De la condition f\u00e9minine en milieu artistique&#8221; by Lo\u00efc Connanski co-produced by Les Programmes Courts &amp; Cr\u00e9ations\/Canal + 30&#8242;.<\/span><\/p>\n<p><span style=\"color: #000000;\">&#8220;elles@centrepompidou: ORLAN&#8221; by Axel Cevenot, co-production Centre Pompidou, D\u00e9l\u00e9gation \u00e0 l&#8217;action culturelle audiovisuelle &amp; Ina, Direction de la production et de l&#8217;\u00e9dition, 1&#8217;30&#8221;<\/span><\/p>\n<p><span style=\"color: #000000;\">&#8220;Making of Sculpting Brushes Prototype lumineux n\u00b01 S\u00e9rie Bump Load&#8221;, coproduced by Le Conseil G\u00e9n\u00e9ral du Val d&#8217;Oise, L&#8217;Abbaye de Maubuisson and Centre National des Arts Plastique<\/span><\/p>\n<p><span style=\"color: #000000;\"><b>2004<\/b><\/span><\/p>\n<p><span style=\"color: #000000;\">ORLAN, shooting at the Photography National Center (CNP) Paris.<\/span><\/p>\n<p><span style=\"color: #000000;\">Interviews with Bernard Blist\u00e8ne, Christine Buci-Glucksmann, R\u00e9gis Durand, Robert Fleck, Jean-Hubert Martin and Jean-Fran\u00e7ois Taddei about ORLAN&#8217;s work.<\/span><\/p>\n<p><span style=\"color: #000000;\">ORLAN&#8217;s interview at the CCC in Tours. Creativtv, Documentary Film<\/span><\/p>\n<p><span style=\"color: #000000;\"><b>2002<\/b><\/span><\/p>\n<p><span style=\"color: #000000;\">&#8220;ORLAN, Carnal Art&#8221;, Director Stephan Oriach, Myriapodus Films &#8211; Centre Georges Pompidou &#8211; Minist\u00e8re de la Culture (DAP) Film 35 mm, doc. 75&#8242;<\/span><\/p>\n<p><span style=\"color: #000000;\"><b>1995<\/b><\/span><\/p>\n<p><span style=\"color: #000000;\">Synthetic Pleasures, New York, USA Director Iara Lee, 16 mm<\/span><\/p>\n<p><span style=\"color: #000000;\"><b>1993<\/b><\/span><\/p>\n<p><span style=\"color: #000000;\">&#8220;Donne dell&#8217;altro mondo&#8221;, Film by Marisa laurito and Roberto Ferrante, Realisation Giampiero Ricci French-Italian Production, 1993  <\/span><\/p>\n<p><span style=\"color: #000000;\"><b>1990<\/b><\/span><\/p>\n<p><span style=\"color: #000000;\">&#8220;Les films d&#8217;ici Productions&#8221;, Film by Emilio Pacull, Broadcast in 1990<\/span><\/p>\n<p><span style=\"color: #000000;\"><b>1980<\/b><\/span><\/p>\n<p><span style=\"color: #000000;\">&#8220;Vierge Noire&#8221; Film by Jean Dupuis 16 mm B\/W, 12&#8242;<\/span><\/p>\n<h3> <a id=\"discography\"><\/a><\/h3>\n<h3><span style=\"color: #000000;\">DISCOGRAPHY<\/span><\/h3>\n<p><span style=\"color: #000000;\">ORLAN&#8217;s &#8220;sound postcards&#8221; have appeared on the radio program, &#8220;Musique d&#8217;avenir&#8221; of Anne Gillot, which is produced by RTS Espace 2 radio (France)<\/span><\/p>\n<p><span style=\"color: #000000;\">ORLAN&#8217;s &#8220;sound postcards&#8221; also appeared at the Mamco event for the 1, 000, 050th anniversary of art.  <\/span><\/p>\n<p><span style=\"color: #000000;\">Polo Xur, Polo Xur, ORLAN featuring ORLAN interview, phonic monkey recording, Argentina, 2013<\/span><\/p>\n<p><span style=\"color: #000000;\">Original voice in the performance Le Baiser de l&#8217;artiste, (Grand Palais, Paris, 1977). Digital being (videorecording): identity, British Broadcasting Corporation, U. K. , 2002<\/span><\/p>\n<p><span style=\"color: #000000;\">Participation to collective CD<\/span><\/p>\n<p><span style=\"color: #000000;\">Top100 vol. 5 at Artissima Social Club, a project by Davide Bertocchi, Turin, Italy, 2011 Festival X of Amsterdam, Netherlands, 1998<\/span><\/p>\n<p><span style=\"color: #000000;\">Station Mir, Artists&#8217; operette. Fractal Musik n\u00b02, France, 1998<\/span><\/p>\n<p><span style=\"color: #000000;\">&#8220;This is my body. . . this is my software&#8221;, Black Dog Publishing, Oxford, 2002, Adams Parveen, Vicki Berger, and Isabel Vasseur, reprint with an introduction by David Cronenberg and Serge Gr\u00fcnberg. Bilingual French-English edition.<\/span><\/p>\n<p><span style=\"color: #000000;\">1994 edition with CD-Rom no longer available<\/span><\/p>\n<p><span style=\"color: #000000;\">Le Plan du film, Sequence 1.<\/span><\/p>\n<p><span style=\"color: #000000;\">Laurent Cauwet-Al Dante, Romainville, 2001<\/span><\/p>\n<p><span style=\"color: #000000;\">Script by Jean-Pierre Rehm, with an Audio CD &#8220;Ciao! Manhattan&#8221; by the band Tanger and lyrics by Serge Quadruppani.<\/span><\/p>\n<p><span style=\"color: #000000;\">MAC\/VAL Mus\u00e9e d&#8217;Art Contemporain Du Val-De-Marne, Cd-ROM, Museum Collection<\/span><\/p>\n<p><span style=\"color: #000000;\">&#8220;ORLAN, Multimedia Monograph&#8221;, Editions Jeriko, Paris, 2000, Photos, videos, interviews and texts by Marc Partouche, Carole Boulb\u00e8s, Gladys Fabre, Jean- Michel Ribettes, Norbert Hillaire, Hugues Marchal, Jean-Pierre Nouhaud, ORLAN, Bilingual French-English.<\/span><\/p>\n<p><span style=\"color: #000000;\">Exog\u00e8ne, Nikolaj Church Art Center, Copenhagen, 1997, Denmark,<\/span><\/p>\n<p><span style=\"color: #000000;\">Biennale d&#8217;Art Contemporain de Lyon CD-ROM from the catalog, 1996, France<\/span><\/p>\n<p><span style=\"color: #000000;\">Artifice Magazine, CD-ROM no 2<\/span><\/p>\n<p><span style=\"color: #000000;\">Black Dog Publishing, Oxford, 1995, UK<\/span><\/p>\n<p><span style=\"color: #000000;\">Eve. Real World Multimedia<\/span><\/p>\n<p><span style=\"color: #000000;\">ORLAN appears as a guest of Peter Gabriel, 1994, UK<\/span><\/p>\n<p><span style=\"color: #000000;\">For all miracles see my rates<\/span><\/p>\n<p><span style=\"color: #000000;\">Images of installation first shown at Centre Georges Pompidou for La Revue Parl\u00e9e, Paris, France<\/span><\/p>\n<p><span style=\"color: #000000;\">Search Engine: Picts\/New Picts, and Faces<\/span><\/p>\n<p><span style=\"color: #000000;\">&#8220;Virtual poetry edition about the Self-Hybridization series, directed by ORLAN<\/span><\/p>\n<p><span style=\"color: #000000;\">Vinyl Recordings<\/span><\/p>\n<p><span style=\"color: #000000;\">Festival of performances &#8220;Lantaren&#8221; in Rotterdam, The Netherlands<\/span><\/p>\n<p><span style=\"color: #000000;\">&#8220;La Madone au Minitel or les chiens ram\u00e8nent des puce&#8221;. Direction ORLAN for Canal +, Audio Records Inter, 1985<\/span><\/p>\n","protected":false},"excerpt":{"rendered":"<p>ORLAN FULL CV Jump to Discography FILMOGRAPHY Directed and Produced by ORLAN &#8220;Experimental Game Play&#8221;, 4&#8217;42&#8221;, interactive installation with Myo bracelets, 2015 &#8220;Masques, Pekin Opera, Facing Designs &amp; Augmented Reality&#8221;, videoprojection, 2014 &#8220;Mutant(s) Landmark(s)&#8221; 295&#8242;, video, 2013 &#8220;Freedom and two skinned ORLAN-BODY&#8221;, 28&#8217;32&#8221;, 3D video, 2013 &#8220;Skinned Freedom taking the position of the Statue of [&hellip;]<\/p>\n","protected":false},"author":1,"featured_media":0,"parent":18206,"menu_order":7,"comment_status":"open","ping_status":"closed","template":"","meta":{"_eb_attr":"","_monsterinsights_skip_tracking":false,"_monsterinsights_sitenote_active":false,"_monsterinsights_sitenote_note":"","_monsterinsights_sitenote_category":0,"_s2mail":"","ngg_post_thumbnail":0,"footnotes":""},"class_list":["post-18255","page","type-page","status-publish","hentry"],"jetpack_sharing_enabled":true,"_links":{"self":[{"href":"https:\/\/www.orlan.eu\/en\/wp-json\/wp\/v2\/pages\/18255","targetHints":{"allow":["GET"]}}],"collection":[{"href":"https:\/\/www.orlan.eu\/en\/wp-json\/wp\/v2\/pages"}],"about":[{"href":"https:\/\/www.orlan.eu\/en\/wp-json\/wp\/v2\/types\/page"}],"author":[{"embeddable":true,"href":"https:\/\/www.orlan.eu\/en\/wp-json\/wp\/v2\/users\/1"}],"replies":[{"embeddable":true,"href":"https:\/\/www.orlan.eu\/en\/wp-json\/wp\/v2\/comments?post=18255"}],"version-history":[{"count":1,"href":"https:\/\/www.orlan.eu\/en\/wp-json\/wp\/v2\/pages\/18255\/revisions"}],"predecessor-version":[{"id":18256,"href":"https:\/\/www.orlan.eu\/en\/wp-json\/wp\/v2\/pages\/18255\/revisions\/18256"}],"up":[{"embeddable":true,"href":"https:\/\/www.orlan.eu\/en\/wp-json\/wp\/v2\/pages\/18206"}],"wp:attachment":[{"href":"https:\/\/www.orlan.eu\/en\/wp-json\/wp\/v2\/media?parent=18255"}],"curies":[{"name":"wp","href":"https:\/\/api.w.org\/{rel}","templated":true}]}}