{"id":18142,"date":"2010-03-25T13:52:34","date_gmt":"2010-03-25T13:52:34","guid":{"rendered":"https:\/\/www.orlan.eu\/bio-art\/"},"modified":"2024-03-13T13:30:20","modified_gmt":"2024-03-13T13:30:20","slug":"bio-art","status":"publish","type":"page","link":"https:\/\/www.orlan.eu\/es\/obras\/bio-art\/","title":{"rendered":"Bioarte"},"content":{"rendered":"<p><span style=\"font-size: medium;\"><a><strong><br \/>\nBIO-ART<\/strong><\/a><\/span><br \/>\n<span style=\"color: #ffffff;\"><span style=\"font-size: medium;\"><strong>&#8211;<\/strong><\/span><\/span><\/p>\n<p style=\"text-align: left;\"><em><br \/>\n  <strong>Striptease tangible en nanosecuencias, <\/strong><br \/>\n<\/em><strong>Centre des Arts, Enghien-les-Bains, Universidad Par\u00eds-Diderot, Par\u00eds, Francia, 2016.<\/strong><\/p>\n<p>&nbsp;<\/p>\n<table style=\"width: 100%; border-collapse: collapse; background-color: #ebebeb; border-style: none;\">\n<tbody>\n<tr>\n<td style=\"width: 100%;\">\n<p style=\"text-align: left;\">ORLAN interpreta <i>&#8220;Tangible striptease en nanos\u00e9quences<\/i>&#8221; en el Centre des Arts d&#8217;Enghien-les-Bains y la Universit\u00e9 Paris Diderot el jueves 02 de junio de 2016 en el marco del festival Bains Num\u00e9riques. Trabaja con Mael Le M\u00e9e y Sup&#8217;Biotech.<\/p>\n<p style=\"text-align: left;\"><div class=\"bg-margin-for-link\"><input type='hidden' bg_collapse_expand='69dc7b98820e42030553092' value='69dc7b98820e42030553092'><input type='hidden' id='bg-show-more-text-69dc7b98820e42030553092' value='Show More'><input type='hidden' id='bg-show-less-text-69dc7b98820e42030553092' value='Show Less'><div id='bg-showmore-hidden-69dc7b98820e42030553092' >\n<p style=\"text-align: left\">Esta obra es un autorretrato en forma de performance biotecnol\u00f3gica, una instant\u00e1nea de un momento biol\u00f3gico.  &nbsp;En esta experiencia digital, el ORLAN-CORPS es medido por el dedo y el ojo del p\u00fablico a trav\u00e9s de la mediaci\u00f3n de las bacterias que all\u00ed viven en simbiosis, coautoras de toda identidad humana. Lo que ahora llamamos <a href=\"https:\/\/fr.wikipedia.org\/wiki\/Microbiote\">la microbiota<\/a>. ORLAN-CORPS se convierte en un espacio p\u00fablico, el momento de un &#8220;striptease a escala nanom\u00e9trica&#8221;. ORLAN cultiva su flora oral, vaginal e intestinal.&nbsp;<\/p>\n<p style=\"text-align: left\">ORLAN quiere mostrar que, para una mujer, el striptease es una &#8220;imposibilidad&#8221;, porque no pueden desnudarnos de todas las im\u00e1genes que las visten y de todas las fantas\u00edas, de todos los c\u00e1nones de belleza, de todas las &#8220;reglas del juego&#8221;.  <i>a priori<\/i>  que los cubren e impiden que se vean. Son ropas de plomo que se pegan a la piel, que act\u00faan como una pantalla.  <\/div><\/div><a id='bg-showmore-action-69dc7b98820e42030553092' class='bg-showmore-plg-link bg-arrow '  style=\" color:#b51616;;\" href='#'>Show More<\/a>\n<\/td>\n<\/tr>\n<\/tbody>\n<\/table>\n<p style=\"text-align: left;\">ngg_shortcode_0_placeholder\n<p><em><br \/>\n  <strong>Abrigo de arlequ\u00edn,<\/strong><br \/>\n<\/em><strong> FACT (Fundaci\u00f3n para el Arte y la Tecnolog\u00eda Creativa), 2015, <\/strong><strong><br \/>\n  <span title=\"Lugar Ciudad\">Liverpool<\/span><br \/>\n<\/strong><\/p>\n<table style=\"width: 100%; border-collapse: collapse; background-color: #ebebeb; border-style: none;\">\n<tbody>\n<tr>\n<td style=\"width: 100%;\">\n<p style=\"text-align: left;\">Esta obra <i>en<\/i> curso, creada en 2007 y expuesta en varias ocasiones, combina proyecciones de v\u00eddeo de las c\u00e9lulas de ORLAN recogidas durante la representaci\u00f3n de <i>Biopsie <\/i>y&nbsp; combinadas con las de otras cepas humanas y animales, placas de Petri y un biorreactor que permite el cultivo <i>in vitro <\/i>de estas c\u00e9lulas. ORLAN cre\u00f3 esta obra con Jens Hauser y un laboratorio que manten\u00eda vivas las c\u00e9lulas.&nbsp;<\/p>\n<div class=\"bg-margin-for-link\"><input type='hidden' bg_collapse_expand='69dc7b98822b17027214015' value='69dc7b98822b17027214015'><input type='hidden' id='bg-show-more-text-69dc7b98822b17027214015' value='Show More'><input type='hidden' id='bg-show-less-text-69dc7b98822b17027214015' value='Show Less'><div id='bg-showmore-hidden-69dc7b98822b17027214015' >\n<p style=\"text-align: left\">ORLAN ha creado un biorreactor transparente que simula la cabeza del Arlequ\u00edn, mostrando el l\u00edquido rojo que alimenta las c\u00e9lulas y los tres pol\u00edmeros a los que estaban adheridas. Era como si un rostro en movimiento agitara el l\u00edquido.&nbsp;<\/p>\n<p style=\"text-align: left\">En el interior de la capa de plexigl\u00e1s fluorescente Harlequin, con un lado amarillo fluorescente y el otro rojo, hab\u00eda placas de Petri dise\u00f1adas para contener pol\u00edmeros y c\u00e9lulas muertas.<\/p>\n<p style=\"text-align: left\">Esta instalaci\u00f3n explora la fragilidad de la vida mostrando c\u00e9lulas vivas, muertas o moribundas, y proyecciones que representan las c\u00e9lulas en estos diferentes estados. Las c\u00e9lulas criadas en el biorreactor est\u00e1n indefensas, sin inmunidad, y las que sobreviven m\u00e1s tiempo son las m\u00e1s j\u00f3venes y fuertes. Estamos muy lejos de la hibridaci\u00f3n.  <\/div><\/div><a id='bg-showmore-action-69dc7b98822b17027214015' class='bg-showmore-plg-link bg-arrow '  style=\" color:#b51616;;\" href='#'>Show More<\/a>\n<\/td>\n<\/tr>\n<\/tbody>\n<\/table>\nngg_shortcode_1_placeholder\n<p><em><br \/>\n  <strong>Biospy, El abrigo arlequ\u00edn, <\/strong><br \/>\n<\/em><strong>Escuela de Anatom\u00eda y Biolog\u00eda Humana, Laboratorio SymbioticA, Universidad de Perth, Australia 2007<\/strong><\/p>\n<table style=\"width: 100%; border-collapse: collapse; background-color: #ebebeb; border-style: none;\">\n<tbody>\n<tr>\n<td style=\"width: 100%;\">\n<p style=\"text-align: left;\">En el prefacio de <i>Tiers-instruit<\/i>, titulado &#8220;La\u00efcit\u00e9&#8221;, Michel Serres describe al Arlequ\u00edn que, tras quitarse poco a poco todas sus capas de ropa de patchwork durante una vuelta al mundo, presenta una piel tambi\u00e9n en forma de patchwork. ORLAN se inspir\u00f3 mucho en esta obra, que leer\u00e1 durante la representaci\u00f3n de <i>Biopsie<\/i>.<\/p>\n<p style=\"text-align: left;\"><div class=\"bg-margin-for-link\"><input type='hidden' bg_collapse_expand='69dc7b988236e4060239927' value='69dc7b988236e4060239927'><input type='hidden' id='bg-show-more-text-69dc7b988236e4060239927' value='Show More'><input type='hidden' id='bg-show-less-text-69dc7b988236e4060239927' value='Show Less'><div id='bg-showmore-hidden-69dc7b988236e4060239927' >\n<p style=\"text-align: left\">Esta actuaci\u00f3n en forma de intervenci\u00f3n m\u00e9dica tuvo lugar en 2007, cuando ORLAN fue invitado a realizar una residencia de tres meses en la Universidad de Perth (Australia), donde crearon el laboratorio SymbioticA a trav\u00e9s de Oron Catts y Ionat Zurr en el Departamento de Anatom\u00eda y Biolog\u00eda Humana, en colaboraci\u00f3n con Jens Hauser, t\u00e9cnico de BioArt.<\/p>\n<p style=\"text-align: left\">La puesta en escena era m\u00ednima: alrededor de la cama de hospital en la que yac\u00eda ORLAN, vestido con una tela de arlequ\u00edn, hab\u00eda dos s\u00e1banas de la misma tela, una de terciopelo y la otra de sat\u00e9n.<\/p>\n<p style=\"text-align: left\">Fiona Wood, cirujana especializada en quemados, practic\u00f3 una incisi\u00f3n en forma de diamante en el pliegue inguinal.<\/p>\n<p style=\"text-align: left\">Tras esta intervenci\u00f3n m\u00e9dica, se cre\u00f3 la instalaci\u00f3n &#8220;Le manteau d&#8217;Arlequin&#8221;.  <\/div><\/div><a id='bg-showmore-action-69dc7b988236e4060239927' class='bg-showmore-plg-link bg-arrow '  style=\" color:#b51616;;\" href='#'>Show More<\/a>\n<\/td>\n<\/tr>\n<\/tbody>\n<\/table>\n<p style=\"text-align: left;\">ngg_shortcode_2_placeholder\n","protected":false},"excerpt":{"rendered":"<p>BIO-ART &#8211; Striptease tangible en nanosecuencias, Centre des Arts, Enghien-les-Bains, Universidad Par\u00eds-Diderot, Par\u00eds, Francia, 2016. &nbsp; ORLAN interpreta &#8220;Tangible striptease en nanos\u00e9quences&#8221; en el Centre des Arts d&#8217;Enghien-les-Bains y la Universit\u00e9 Paris Diderot el jueves 02 de junio de 2016 en el marco del festival Bains Num\u00e9riques. Trabaja con Mael Le M\u00e9e y Sup&#8217;Biotech. Abrigo [&hellip;]<\/p>\n","protected":false},"author":1,"featured_media":0,"parent":19773,"menu_order":7,"comment_status":"open","ping_status":"open","template":"","meta":{"_eb_attr":"","_monsterinsights_skip_tracking":false,"_monsterinsights_sitenote_active":false,"_monsterinsights_sitenote_note":"","_monsterinsights_sitenote_category":0,"_s2mail":"yes","ngg_post_thumbnail":0,"footnotes":""},"class_list":["post-18142","page","type-page","status-publish","hentry"],"jetpack_sharing_enabled":true,"_links":{"self":[{"href":"https:\/\/www.orlan.eu\/es\/wp-json\/wp\/v2\/pages\/18142","targetHints":{"allow":["GET"]}}],"collection":[{"href":"https:\/\/www.orlan.eu\/es\/wp-json\/wp\/v2\/pages"}],"about":[{"href":"https:\/\/www.orlan.eu\/es\/wp-json\/wp\/v2\/types\/page"}],"author":[{"embeddable":true,"href":"https:\/\/www.orlan.eu\/es\/wp-json\/wp\/v2\/users\/1"}],"replies":[{"embeddable":true,"href":"https:\/\/www.orlan.eu\/es\/wp-json\/wp\/v2\/comments?post=18142"}],"version-history":[{"count":4,"href":"https:\/\/www.orlan.eu\/es\/wp-json\/wp\/v2\/pages\/18142\/revisions"}],"predecessor-version":[{"id":19685,"href":"https:\/\/www.orlan.eu\/es\/wp-json\/wp\/v2\/pages\/18142\/revisions\/19685"}],"up":[{"embeddable":true,"href":"https:\/\/www.orlan.eu\/es\/wp-json\/wp\/v2\/pages\/19773"}],"wp:attachment":[{"href":"https:\/\/www.orlan.eu\/es\/wp-json\/wp\/v2\/media?parent=18142"}],"curies":[{"name":"wp","href":"https:\/\/api.w.org\/{rel}","templated":true}]}}