{"id":18181,"date":"2023-02-07T19:23:30","date_gmt":"2023-02-07T19:23:30","guid":{"rendered":"https:\/\/www.orlan.eu\/video-reportage\/"},"modified":"2025-02-24T13:10:52","modified_gmt":"2025-02-24T13:10:52","slug":"video-reportage","status":"publish","type":"page","link":"https:\/\/www.orlan.eu\/es\/video-reportage\/","title":{"rendered":"Vid\u00e9o reportage"},"content":{"rendered":"\n<p><strong>Excentriques ! Tout un art, ARTE, 2024<\/strong><\/p>\n<p><video controls=\"controls\" width=\"300\" height=\"150\">\n<source src=\"https:\/\/www.arte.tv\/fr\/videos\/113599-000-A\/excentriques-tout-un-art\/\"><\/video><\/p>\n<p><strong>ELLE(S), TL7, 2024<\/strong><\/p>\n<p><iframe loading=\"lazy\" src=\"\/\/www.dailymotion.com\/embed\/video\/x9ajwbo\" width=\"480\" height=\"270\" allowfullscreen=\"allowfullscreen\"><\/iframe><\/p>\n<p><strong>ORLAN: A RETROSPECTIVE, The Opening Gallery, New York, USA, 2024<\/strong><\/p>\n<p><iframe loading=\"lazy\" src=\"\/\/www.youtube.com\/embed\/tTnTunIX2HI\" width=\"560\" height=\"314\" allowfullscreen=\"allowfullscreen\"><\/iframe><\/p>\n\n\n\n<p><strong>Exposition&nbsp;au GMAP GWANGJU : ORLAN hybrids, Artistic Intelligence<\/strong><\/p>\n<p><iframe loading=\"lazy\" src=\"\/\/www.youtube.com\/embed\/bVcKORc0ZKE\" width=\"560\" height=\"314\" allowfullscreen=\"allowfullscreen\"><\/iframe><\/p>\n<p><strong>Extrait reportage Toki Woki X ORLAN, 2024<\/strong><\/p>\n<p><iframe loading=\"lazy\" src=\"\/\/www.youtube.com\/embed\/y3CtbNsvyrM\" width=\"560\" height=\"314\" allowfullscreen=\"allowfullscreen\"><\/iframe><\/p>\n<p><strong>Reportage Arte, &#8220;Les seins dans l&#8217;art&#8221; : Commentaires d&#8217;ORLAN, 2024<\/strong><\/p>\n<p><iframe loading=\"lazy\" src=\"\/\/www.youtube.com\/embed\/wIfa3OvJPls\" width=\"560\" height=\"314\" allowfullscreen=\"allowfullscreen\"><\/iframe><\/p>\n\n\n\n<p><b>ORLAN X CAMILLE FOURNET TEASER 1&amp;2 <\/b><\/p>\n<p><b><iframe loading=\"lazy\" src=\"\/\/www.youtube.com\/embed\/JLTv8-x86AE\" width=\"560\" height=\"314\" allowfullscreen=\"allowfullscreen\"><\/iframe><\/b><\/p>\n<p><b><iframe loading=\"lazy\" src=\"\/\/www.youtube.com\/embed\/ffTVa7WInl0\" width=\"560\" height=\"314\" allowfullscreen=\"allowfullscreen\"><\/iframe><br><br>Premi\u00e8re exposition r\u00e9trospective d&#8217;ORLAN au Br\u00e9sil, Tornar-se ORLAN. Cria\u00e7<\/b><strong>\u00e3o e empoderamento, Becoming ORLAN. Creation and empowerment, au SESC Paulista.<\/strong><\/p>\n<p><iframe loading=\"lazy\" title=\"SESC EDITION ORLAN PRESENTE LA TRADUCTION EN PORTUGAIS DE SON AUTOBRIOGRAPHIE\" width=\"500\" height=\"281\" src=\"https:\/\/www.youtube.com\/embed\/7wfNFXrW000?feature=oembed\" frameborder=\"0\" allow=\"accelerometer; autoplay; clipboard-write; encrypted-media; gyroscope; picture-in-picture; web-share\" referrerpolicy=\"strict-origin-when-cross-origin\" allowfullscreen><\/iframe><\/p>\n<p><iframe loading=\"lazy\" src=\"\/\/www.youtube.com\/embed\/uCIQysbLiNM\" width=\"560\" height=\"314\" allowfullscreen=\"allowfullscreen\"><\/iframe><\/p>\n<p><iframe loading=\"lazy\" title=\"YouTube video player\" src=\"\/\/www.youtube.com\/embed\/LO4mf8_4jqo?si=53aHp2qcBQSCKJ-g\" width=\"560\" height=\"315\" frameborder=\"0\" allowfullscreen=\"allowfullscreen\"><\/iframe><\/p>\n<div class=\"post-video\"><iframe loading=\"lazy\" title=\"ORLAN - PRESENTATION SESC\" width=\"500\" height=\"281\" src=\"https:\/\/www.youtube.com\/embed\/OPPjz_Qh5tY?feature=oembed\" frameborder=\"0\" allow=\"accelerometer; autoplay; clipboard-write; encrypted-media; gyroscope; picture-in-picture; web-share\" referrerpolicy=\"strict-origin-when-cross-origin\" allowfullscreen><\/iframe><\/div>\n<p>&nbsp;<\/p>\n<p><iframe loading=\"lazy\" src=\"\/\/www.youtube.com\/embed\/raUrINVhnis\" width=\"560\" height=\"314\" allowfullscreen=\"allowfullscreen\"><\/iframe><\/p>\n<p>&nbsp;<\/p>\n<p><b>ORLAN s&#8217;hybride \u00e0 l&#8217;Imp\u00e9ratrice Eug\u00e9nie et perp\u00e9tue son sillage &#8211; Maison Guerlain,&nbsp;<\/b><span style=\"font-weight: 600;\">Paris<\/span><b>&nbsp;<\/b><\/p>\n<div style=\"width: 720px;\" class=\"wp-video\"><video class=\"wp-video-shortcode\" id=\"video-18181-1\" width=\"720\" height=\"1280\" preload=\"metadata\" controls=\"controls\"><source type=\"video\/mp4\" src=\"http:\/\/www.orlan.eu\/wp-content\/uploads\/2024\/01\/124BB5C3C38276420BF4869F41DFE9B1_video_dashinit.mp4?_=1\" \/><a href=\"http:\/\/www.orlan.eu\/wp-content\/uploads\/2024\/01\/124BB5C3C38276420BF4869F41DFE9B1_video_dashinit.mp4\">http:\/\/www.orlan.eu\/wp-content\/uploads\/2024\/01\/124BB5C3C38276420BF4869F41DFE9B1_video_dashinit.mp4<\/a><\/video><\/div>\n\n\n\n<p><strong>ORLAN au Grand Mus\u00e9e du Monde Maya de M\u00e9rida &#8211;&nbsp;<\/strong>Part. 2 : inspiration<\/p>\n<p><iframe loading=\"lazy\" title=\"2 de 5. ORLAN - inspiraci\u00f3n\" width=\"500\" height=\"281\" src=\"https:\/\/www.youtube.com\/embed\/8WJWoQrfyFs?feature=oembed\" frameborder=\"0\" allow=\"accelerometer; autoplay; clipboard-write; encrypted-media; gyroscope; picture-in-picture; web-share\" referrerpolicy=\"strict-origin-when-cross-origin\" allowfullscreen><\/iframe><\/p>\n\n\n\n<p><strong>ORLAN au Grand Mus\u00e9e du Monde Maya de M\u00e9rida &#8211;&nbsp;<\/strong>Part. 3 : masque de jade<\/p>\n<p><iframe loading=\"lazy\" title=\"3 de 5. ORLAN - Hibridaci\u00f3n con la m\u00e1scara de jade\" width=\"500\" height=\"281\" src=\"https:\/\/www.youtube.com\/embed\/BAdIvQ7EzCU?feature=oembed\" frameborder=\"0\" allow=\"accelerometer; autoplay; clipboard-write; encrypted-media; gyroscope; picture-in-picture; web-share\" referrerpolicy=\"strict-origin-when-cross-origin\" allowfullscreen><\/iframe><\/p>\n\n\n\n<p><strong>ORLAN au Grand Mus\u00e9e du Monde Maya de M\u00e9rida &#8211;&nbsp;<\/strong>Part. 4 : l&#8217;affiche<\/p>\n<p><iframe loading=\"lazy\" title=\"4 de 5. ORLAN - el cartel de la exposici\u00f3n HIBRIDACIONES\" width=\"500\" height=\"281\" src=\"https:\/\/www.youtube.com\/embed\/LyXfuVRs8dM?feature=oembed\" frameborder=\"0\" allow=\"accelerometer; autoplay; clipboard-write; encrypted-media; gyroscope; picture-in-picture; web-share\" referrerpolicy=\"strict-origin-when-cross-origin\" allowfullscreen><\/iframe><\/p>\n\n\n\n<p><strong>ORLAN au Grand Mus\u00e9e du Monde Maya de M\u00e9rida &#8211;&nbsp;<\/strong>Part. 5 : dialogue avec Demi\u00e1n Flores<\/p>\n<p><iframe loading=\"lazy\" title=\"5 de 5. ORLAN - di\u00e1logo con Demi\u00e1n Flores\" width=\"500\" height=\"281\" src=\"https:\/\/www.youtube.com\/embed\/vNo6ii18B3w?feature=oembed\" frameborder=\"0\" allow=\"accelerometer; autoplay; clipboard-write; encrypted-media; gyroscope; picture-in-picture; web-share\" referrerpolicy=\"strict-origin-when-cross-origin\" allowfullscreen><\/iframe><\/p>\n\n\n\n<p><strong>&nbsp;Discours de remise de la L\u00e9gion d\u2019Honneur par Madame La Ministre Roselyne Bachelot-Narquin puis d&#8217;ORLAN,<\/strong>&nbsp;29 novembre 2021<br><iframe loading=\"lazy\" src=\"\/\/player.vimeo.com\/video\/665706808?title=0&amp;byline=0&amp;portrait=0&amp;color=8dc7dc\" width=\"500\" height=\"412\" allowfullscreen=\"allowfullscreen\"><\/iframe><br><br><\/p>\n<p><strong>Une oeuvre un regard \u2013 ORLAN au mus\u00e9e d\u2019Orsay, <em>Le D\u00e9jeuner sur l&#8217;herbe<\/em>, MANET, octobre 2021<br><iframe loading=\"lazy\" src=\"\/\/player.vimeo.com\/video\/658659470?title=0&amp;byline=0&amp;portrait=0&amp;color=8dc7dc\" width=\"500\" height=\"412\" allowfullscreen=\"allowfullscreen\"><\/iframe><\/strong><\/p>\n<p><strong><em>Masques, Op\u00e9ra de Pekin, Facing Designs &amp; R\u00e9alit\u00e9 augment\u00e9e<\/em>,<\/strong> 2014, 4\u201955\u201d<\/p>\n<p>Video produced and directed&nbsp;by <strong>ORLAN<br><iframe loading=\"lazy\" src=\"\/\/player.vimeo.com\/video\/212612611?title=0&amp;byline=0&amp;portrait=0&amp;color=8dc7dc\" width=\"500\" height=\"412\" allowfullscreen=\"allowfullscreen\"><\/iframe><\/strong><\/p>\n<p><strong>MOOC- ORLANCORPS, M\u00e9dias et Technologies \u2013<\/strong> Part 1 : Sortir du cadre<br><iframe loading=\"lazy\" src=\"\/\/player.vimeo.com\/video\/326624236?title=0&amp;byline=0&amp;portrait=0&amp;color=8dc7dc\" width=\"500\" height=\"412\" allowfullscreen=\"allowfullscreen\"><\/iframe><\/p>\n<p><strong>MOOC- ORLANCORPS, M\u00e9dias et Technologies \u2013<\/strong> Part 2 : S\u2019affranchir des codes<br><iframe loading=\"lazy\" src=\"\/\/player.vimeo.com\/video\/326627512?title=0&amp;byline=0&amp;portrait=0&amp;color=8dc7dc\" width=\"500\" height=\"412\" allowfullscreen=\"allowfullscreen\"><\/iframe><\/p>\n<p><strong>MOOC- ORLANCORPS, M\u00e9dias et Technologies \u2013<\/strong> Part 3 : Hybridations technologiques<br><iframe loading=\"lazy\" src=\"\/\/player.vimeo.com\/video\/326627846?title=0&amp;byline=0&amp;portrait=0&amp;color=8dc7dc\" width=\"500\" height=\"412\" allowfullscreen=\"allowfullscreen\"><\/iframe><\/p>\n<p><strong>MOOC- ORLANCORPS, M\u00e9dias et Technologies \u2013<\/strong> Part 4 : Codages et d\u00e9codages<br><iframe loading=\"lazy\" src=\"\/\/player.vimeo.com\/video\/326627665?title=0&amp;byline=0&amp;portrait=0&amp;color=8dc7dc\" width=\"500\" height=\"412\" allowfullscreen=\"allowfullscreen\"><\/iframe><\/p>\n<p><strong>MOOC- ORLANCORPS, M\u00e9dias et Technologies \u2013<\/strong> Part 5 : Mod\u00e9lisation 3D et interactivit\u00e9<br><iframe loading=\"lazy\" src=\"\/\/player.vimeo.com\/video\/326627991?title=0&amp;byline=0&amp;portrait=0&amp;color=8dc7dc\" width=\"500\" height=\"412\" allowfullscreen=\"allowfullscreen\"><\/iframe><\/p>\n<p><strong>MOOC- ORLANCORPS, M\u00e9dias et Technologies \u2013<\/strong> Part 6 : Corps et realit\u00e9 augment\u00e9e<br><iframe loading=\"lazy\" src=\"\/\/player.vimeo.com\/video\/327721133?title=0&amp;byline=0&amp;portrait=0&amp;color=8dc7dc\" width=\"500\" height=\"412\" allowfullscreen=\"allowfullscreen\"><\/iframe><\/p>\n<p><strong>ORLAN- PIONNIERS,PIONNIERES- CENTRE POMPIDOU-2021<\/strong><\/p>\n<p><iframe loading=\"lazy\" src=\"\/\/www.youtube.com\/embed\/SXFHBlrcLmg\" width=\"560\" height=\"314\" allowfullscreen=\"allowfullscreen\"><\/iframe><\/p>\n\n\n\n<p><strong>Documentaire : ORLAN &#8211; Carnal Art, 2001<\/strong><\/p>\n<p><a href=\"_wp_link_placeholder\" data-wplink-edit=\"true\"><iframe loading=\"lazy\" src=\"\/\/www.youtube.com\/embed\/nFSbiNySf6o\" width=\"560\" height=\"314\" allowfullscreen=\"allowfullscreen\"><\/iframe><\/a><\/p>\n","protected":false},"excerpt":{"rendered":"<p>Excentriques ! Tout un art, ARTE, 2024 ELLE(S), TL7, 2024 ORLAN: A RETROSPECTIVE, The Opening Gallery, New York, USA, 2024 Exposition&nbsp;au GMAP GWANGJU : ORLAN hybrids, Artistic Intelligence Extrait reportage Toki Woki X ORLAN, 2024 Reportage Arte, &#8220;Les seins dans l&#8217;art&#8221; : Commentaires d&#8217;ORLAN, 2024 ORLAN X CAMILLE FOURNET TEASER 1&amp;2 Premi\u00e8re exposition r\u00e9trospective d&#8217;ORLAN [&hellip;]<\/p>\n","protected":false},"author":1,"featured_media":0,"parent":0,"menu_order":0,"comment_status":"closed","ping_status":"closed","template":"","meta":{"_eb_attr":"","_monsterinsights_skip_tracking":false,"_monsterinsights_sitenote_active":false,"_monsterinsights_sitenote_note":"","_monsterinsights_sitenote_category":0,"_s2mail":"yes","ngg_post_thumbnail":0,"footnotes":""},"class_list":["post-18181","page","type-page","status-publish","hentry"],"jetpack_sharing_enabled":true,"_links":{"self":[{"href":"https:\/\/www.orlan.eu\/es\/wp-json\/wp\/v2\/pages\/18181","targetHints":{"allow":["GET"]}}],"collection":[{"href":"https:\/\/www.orlan.eu\/es\/wp-json\/wp\/v2\/pages"}],"about":[{"href":"https:\/\/www.orlan.eu\/es\/wp-json\/wp\/v2\/types\/page"}],"author":[{"embeddable":true,"href":"https:\/\/www.orlan.eu\/es\/wp-json\/wp\/v2\/users\/1"}],"replies":[{"embeddable":true,"href":"https:\/\/www.orlan.eu\/es\/wp-json\/wp\/v2\/comments?post=18181"}],"version-history":[{"count":30,"href":"https:\/\/www.orlan.eu\/es\/wp-json\/wp\/v2\/pages\/18181\/revisions"}],"predecessor-version":[{"id":21913,"href":"https:\/\/www.orlan.eu\/es\/wp-json\/wp\/v2\/pages\/18181\/revisions\/21913"}],"wp:attachment":[{"href":"https:\/\/www.orlan.eu\/es\/wp-json\/wp\/v2\/media?parent=18181"}],"curies":[{"name":"wp","href":"https:\/\/api.w.org\/{rel}","templated":true}]}}