{"id":19457,"date":"2018-09-04T18:44:24","date_gmt":"2018-09-04T18:44:24","guid":{"rendered":"https:\/\/www.orlan.eu\/collages\/"},"modified":"2024-03-13T13:30:20","modified_gmt":"2024-03-13T13:30:20","slug":"collages","status":"publish","type":"page","link":"https:\/\/www.orlan.eu\/es\/obras\/collages\/","title":{"rendered":"Collages"},"content":{"rendered":"<p><strong><em>Collage<\/em>, 1976-1980<\/strong><\/p>\n<table style=\"width: 100%; border-collapse: collapse; background-color: #ebebeb; border-style: none;\">\n<tbody>\n<tr>\n<td style=\"width: 100%;\">\n<p style=\"text-align: left;\">En cuanto se comercializ\u00f3 la fotocopiadora, ORLAN fotocopi\u00f3 inmediatamente una losa de m\u00e1rmol y fabric\u00f3 m\u00e1rmoles falsos en papel de colores, que luego cort\u00f3 geom\u00e9tricamente y peg\u00f3 a una cartulina. Para crear estos collages, ORLAN tambi\u00e9n utiliz\u00f3 fotocopias collageadas y recortadas de su \u00e9poca barroca, realzadas con pastel, pintura, follaje, flores de pl\u00e1stico y plumas.<\/p>\n<\/td>\n<\/tr>\n<\/tbody>\n<\/table>\n<p style=\"text-align: left;\">ngg_shortcode_0_placeholder\n","protected":false},"excerpt":{"rendered":"<p>Collage, 1976-1980 En cuanto se comercializ\u00f3 la fotocopiadora, ORLAN fotocopi\u00f3 inmediatamente una losa de m\u00e1rmol y fabric\u00f3 m\u00e1rmoles falsos en papel de colores, que luego cort\u00f3 geom\u00e9tricamente y peg\u00f3 a una cartulina. Para crear estos collages, ORLAN tambi\u00e9n utiliz\u00f3 fotocopias collageadas y recortadas de su \u00e9poca barroca, realzadas con pastel, pintura, follaje, flores de pl\u00e1stico [&hellip;]<\/p>\n","protected":false},"author":1,"featured_media":0,"parent":19773,"menu_order":0,"comment_status":"closed","ping_status":"closed","template":"","meta":{"_eb_attr":"","_monsterinsights_skip_tracking":false,"_monsterinsights_sitenote_active":false,"_monsterinsights_sitenote_note":"","_monsterinsights_sitenote_category":0,"_s2mail":"","ngg_post_thumbnail":0,"footnotes":""},"class_list":["post-19457","page","type-page","status-publish","hentry"],"jetpack_sharing_enabled":true,"_links":{"self":[{"href":"https:\/\/www.orlan.eu\/es\/wp-json\/wp\/v2\/pages\/19457","targetHints":{"allow":["GET"]}}],"collection":[{"href":"https:\/\/www.orlan.eu\/es\/wp-json\/wp\/v2\/pages"}],"about":[{"href":"https:\/\/www.orlan.eu\/es\/wp-json\/wp\/v2\/types\/page"}],"author":[{"embeddable":true,"href":"https:\/\/www.orlan.eu\/es\/wp-json\/wp\/v2\/users\/1"}],"replies":[{"embeddable":true,"href":"https:\/\/www.orlan.eu\/es\/wp-json\/wp\/v2\/comments?post=19457"}],"version-history":[{"count":1,"href":"https:\/\/www.orlan.eu\/es\/wp-json\/wp\/v2\/pages\/19457\/revisions"}],"predecessor-version":[{"id":19774,"href":"https:\/\/www.orlan.eu\/es\/wp-json\/wp\/v2\/pages\/19457\/revisions\/19774"}],"up":[{"embeddable":true,"href":"https:\/\/www.orlan.eu\/es\/wp-json\/wp\/v2\/pages\/19773"}],"wp:attachment":[{"href":"https:\/\/www.orlan.eu\/es\/wp-json\/wp\/v2\/media?parent=19457"}],"curies":[{"name":"wp","href":"https:\/\/api.w.org\/{rel}","templated":true}]}}