{"id":19462,"date":"2022-06-08T15:46:26","date_gmt":"2022-06-08T15:46:26","guid":{"rendered":"https:\/\/www.orlan.eu\/musica\/"},"modified":"2024-03-13T13:30:20","modified_gmt":"2024-03-13T13:30:20","slug":"musica","status":"publish","type":"page","link":"https:\/\/www.orlan.eu\/es\/obras\/musica\/","title":{"rendered":"M\u00fasica"},"content":{"rendered":"<p><img data-recalc-dims=\"1\" loading=\"lazy\" decoding=\"async\" class=\"alignnone wp-image-14266\" src=\"https:\/\/i0.wp.com\/www.orlan.eu\/wp-content\/uploads\/2023\/06\/COVER-Large-100x50.jpeg?resize=650%2C325\" alt=\"\" width=\"650\" height=\"325\" srcset=\"https:\/\/i0.wp.com\/www.orlan.eu\/wp-content\/uploads\/2023\/06\/COVER-Large.jpeg?resize=100%2C50&amp;ssl=1 100w, https:\/\/i0.wp.com\/www.orlan.eu\/wp-content\/uploads\/2023\/06\/COVER-Large.jpeg?resize=768%2C384&amp;ssl=1 768w, https:\/\/i0.wp.com\/www.orlan.eu\/wp-content\/uploads\/2023\/06\/COVER-Large.jpeg?w=1280&amp;ssl=1 1280w\" sizes=\"auto, (max-width: 650px) 100vw, 650px\" \/><\/p>\n<h2 style=\"text-align: center;\"><a href=\"https:\/\/baco.lnk.to\/LeSlowDeLartiste\"><strong>ESCUCHAR EL \u00c1LBUM<\/strong><\/a><\/h2>\n<p><iframe loading=\"lazy\" style=\"border-radius: 12px;\" src=\"https:\/\/open.spotify.com\/embed\/album\/6Utf4s23XeMJhodWLl4uDl?utm_source=generator\" width=\"100%\" height=\"352\" frameborder=\"0\" allowfullscreen=\"allowfullscreen\"><\/iframe><\/p>\n<table style=\"width: 100%; border-collapse: collapse; background-color: #ebebeb; border-style: none;\">\n<tbody>\n<tr>\n<td style=\"width: 100%;\">\n<p style=\"text-align: left;\">Tras su espect\u00e1culo le baiser de l&#8217;artiste (el beso del artista) en la FIAC en 1977, ORLAN presenta le slow de l&#8217;artiste (el lento del artista), \u00a1su primer \u00e1lbum &#8220;todo lento&#8221;! Quiere ofrecernos lo que m\u00e1s echamos de menos desde el 17 de marzo de 2020: calor humano, abrazos, contacto cuerpo a cuerpo&#8230; \u00a1Quiere acercar los cuerpos tras la distancia f\u00edsica!<\/p>\n<p style=\"text-align: left;\"><div class=\"bg-margin-for-link\"><input type='hidden' bg_collapse_expand='69ded32f3a2e04068129154' value='69ded32f3a2e04068129154'><input type='hidden' id='bg-show-more-text-69ded32f3a2e04068129154' value='Show More'><input type='hidden' id='bg-show-less-text-69ded32f3a2e04068129154' value='Show Less'><div id='bg-showmore-hidden-69ded32f3a2e04068129154' >\n<p style=\"text-align: left\">Se dio cuenta de que muchos de sus asistentes no hab\u00edan bailado nunca slow dance y decidi\u00f3 que no pod\u00eda seguir as\u00ed: \u00a1ten\u00eda que hacer algo por los j\u00f3venes! Con este proyecto, quiere ayudar a la gente a descubrir y revivir esta danza como tratamiento terap\u00e9utico en este periodo a\u00fan dif\u00edcil de reconstrucci\u00f3n.<\/p>\n<p style=\"text-align: left\">ORLAN escribi\u00f3 la letra de cada canci\u00f3n lenta, que luego invit\u00f3 a los m\u00fasicos a crear y cantar.&nbsp;  A continuaci\u00f3n, insert\u00f3 su voz en la m\u00fasica, en colaboraci\u00f3n con el invitado.<\/p>\n<p style=\"text-align: left\">Este \u00e1lbum re\u00fane los veinte extraordinarios lentos creados por orlan en completa \u00f3smosis con fant\u00e1sticos artistas.&nbsp;:<b>  Sir Alice, Jean-Claude Dreyfus, Terrenoire, Les Tetines Noires, Les Chicks On Speed, Mimosa, Yael Naim, Tentative, Regis Campo, Myope, Blue Carmen, Les Sans Pattes, La Femme, Romain Brau, Charlie Morrow, Demi Mondaine, Charlemagne Palestine, Kat May Et Iury Lech.<\/b><\/p>\n<p style=\"text-align: left\">El vinilo est\u00e1 a la venta en FNAC y en todas las plataformas. Se han producido varios clips para ilustrar visualmente el trabajo de ORLAN: realiz\u00f3 &#8220;Je suis slowsexuel.le&#8221; con Sir Alice y &#8220;Les corps de m\u00e9tiers m&#8217;excitent&#8221; con Tentative. Se publicar\u00e1 un libro con textos escritos por el artista. ORLAN&nbsp; ha actuado en varias ocasiones con m\u00fasicos como Demi Mondaine en Culture Box.  <\/div><\/div><a id='bg-showmore-action-69ded32f3a2e04068129154' class='bg-showmore-plg-link bg-arrow '  style=\" color:#b51616;;\" href='#'>Show More<\/a>\n<\/td>\n<\/tr>\n<\/tbody>\n<\/table>\n<p><strong>ORLAN &#8211; Fiesta de lanzamiento en el Olympia y el Silencio Club, 2023<\/strong><\/p>\n<p><iframe loading=\"lazy\" title=\"RELEASE PARTY LE SLOW DE L&#039;ARTISTE\" width=\"500\" height=\"281\" src=\"https:\/\/www.youtube.com\/embed\/-5LAgWf1iyo?feature=oembed\" frameborder=\"0\" allow=\"accelerometer; autoplay; clipboard-write; encrypted-media; gyroscope; picture-in-picture; web-share\" referrerpolicy=\"strict-origin-when-cross-origin\" allowfullscreen><\/iframe><\/p>\n<p><em><strong>ORLAN &#8211; SOY SLOWSEXUAL.LE, feat. Sir Alice, 2023<\/strong><\/em><\/p>\n<p><iframe loading=\"lazy\" title=\"ORLAN &amp; DEMI MONDAINE - LIVE AT CULTUREBOX\" width=\"500\" height=\"375\" src=\"https:\/\/www.youtube.com\/embed\/OvbAZCSsDlg?feature=oembed\" frameborder=\"0\" allow=\"accelerometer; autoplay; clipboard-write; encrypted-media; gyroscope; picture-in-picture; web-share\" referrerpolicy=\"strict-origin-when-cross-origin\" allowfullscreen><\/iframe><\/p>\nngg_shortcode_0_placeholder<em><strong>ORLAN &#8211; Les corps de m\u00e9tiers m&#8217;excitent, feat. Provisional, 2023<\/strong><\/em><\/p>\n<p><iframe loading=\"lazy\" title=\"TENTATIVE &amp; ORLAN - Les corps de m\u00e9tiers m&#039;excitent\" width=\"500\" height=\"281\" src=\"https:\/\/www.youtube.com\/embed\/lhCElUP6bwM?feature=oembed\" frameborder=\"0\" allow=\"accelerometer; autoplay; clipboard-write; encrypted-media; gyroscope; picture-in-picture; web-share\" referrerpolicy=\"strict-origin-when-cross-origin\" allowfullscreen><\/iframe><\/p>\n<p>&nbsp;<\/p>\nngg_shortcode_1_placeholder<em><strong>ORLAN &#8211; SOY SLOWSEXUAL.LE, feat. Sir Alice, 2023<\/strong><\/em><\/p>\n<p><iframe loading=\"lazy\" title=\"JE SUIS SLOWSEXUEL.LE - ORLAN &amp; Sir Alice\" width=\"500\" height=\"281\" src=\"https:\/\/www.youtube.com\/embed\/WTF7itTakrE?feature=oembed\" frameborder=\"0\" allow=\"accelerometer; autoplay; clipboard-write; encrypted-media; gyroscope; picture-in-picture; web-share\" referrerpolicy=\"strict-origin-when-cross-origin\" allowfullscreen><\/iframe><\/p>\n<p>&nbsp;<\/p>\n<p><em><strong>Fr\u00e9d\u00e9ric Acquaviva [seminal], para speakerine (ORLAN), voces, orquesta y electr\u00f3nica muerta, 2020-2021<\/strong><\/em><\/p>\n<p><img data-recalc-dims=\"1\" loading=\"lazy\" decoding=\"async\" src=\"https:\/\/i0.wp.com\/www.orlan.eu\/wp-content\/uploads\/2022\/06\/Screen_Shot_2022_02_27_at_09.39.29.png?resize=474%2C645\" sizes=\"auto, (max-width: 474px) 100vw, 474px\" srcset=\"https:\/\/i2.wp.com\/www.orlan.eu\/wp-content\/uploads\/2022\/06\/Screen_Shot_2022_02_27_at_09.39.29.png?w=474 474w, https:\/\/i2.wp.com\/www.orlan.eu\/wp-content\/uploads\/2022\/06\/Screen_Shot_2022_02_27_at_09.39.29.png?resize=73%2C100 73w\" alt=\"Federico Aquaviva\" width=\"474\" height=\"645\"><\/p>\n<p><em><strong>La luz, R\u00e9gis Campo, dedicado a ORLAN, 2020<\/strong><\/em><\/p>\n<p><iframe loading=\"lazy\" title=\"R\u00e9gis Campo - THE  LIGHT\" width=\"500\" height=\"281\" src=\"https:\/\/www.youtube.com\/embed\/Kp8CZ2igU3k?feature=oembed\" frameborder=\"0\" allow=\"accelerometer; autoplay; clipboard-write; encrypted-media; gyroscope; picture-in-picture; web-share\" referrerpolicy=\"strict-origin-when-cross-origin\" allowfullscreen><\/iframe><\/p>\n<h2>TWIN TWIN X ORLAN &#8211; A mi lado, 2011<\/h2>\n<p><iframe loading=\"lazy\" src=\"\/\/www.youtube.com\/embed\/cunhb_ohIyo\" width=\"560\" height=\"314\" allowfullscreen=\"allowfullscreen\"><\/iframe><\/p>\n","protected":false},"excerpt":{"rendered":"<p>ESCUCHAR EL \u00c1LBUM Tras su espect\u00e1culo le baiser de l&#8217;artiste (el beso del artista) en la FIAC en 1977, ORLAN presenta le slow de l&#8217;artiste (el lento del artista), \u00a1su primer \u00e1lbum &#8220;todo lento&#8221;! Quiere ofrecernos lo que m\u00e1s echamos de menos desde el 17 de marzo de 2020: calor humano, abrazos, contacto cuerpo a [&hellip;]<\/p>\n","protected":false},"author":1,"featured_media":0,"parent":19773,"menu_order":12,"comment_status":"closed","ping_status":"closed","template":"","meta":{"_eb_attr":"","_monsterinsights_skip_tracking":false,"_monsterinsights_sitenote_active":false,"_monsterinsights_sitenote_note":"","_monsterinsights_sitenote_category":0,"_s2mail":"","ngg_post_thumbnail":0,"footnotes":""},"class_list":["post-19462","page","type-page","status-publish","hentry"],"jetpack_sharing_enabled":true,"_links":{"self":[{"href":"https:\/\/www.orlan.eu\/es\/wp-json\/wp\/v2\/pages\/19462","targetHints":{"allow":["GET"]}}],"collection":[{"href":"https:\/\/www.orlan.eu\/es\/wp-json\/wp\/v2\/pages"}],"about":[{"href":"https:\/\/www.orlan.eu\/es\/wp-json\/wp\/v2\/types\/page"}],"author":[{"embeddable":true,"href":"https:\/\/www.orlan.eu\/es\/wp-json\/wp\/v2\/users\/1"}],"replies":[{"embeddable":true,"href":"https:\/\/www.orlan.eu\/es\/wp-json\/wp\/v2\/comments?post=19462"}],"version-history":[{"count":1,"href":"https:\/\/www.orlan.eu\/es\/wp-json\/wp\/v2\/pages\/19462\/revisions"}],"predecessor-version":[{"id":19777,"href":"https:\/\/www.orlan.eu\/es\/wp-json\/wp\/v2\/pages\/19462\/revisions\/19777"}],"up":[{"embeddable":true,"href":"https:\/\/www.orlan.eu\/es\/wp-json\/wp\/v2\/pages\/19773"}],"wp:attachment":[{"href":"https:\/\/www.orlan.eu\/es\/wp-json\/wp\/v2\/media?parent=19462"}],"curies":[{"name":"wp","href":"https:\/\/api.w.org\/{rel}","templated":true}]}}