{"id":19479,"date":"2018-09-03T14:50:44","date_gmt":"2018-09-03T14:50:44","guid":{"rendered":"https:\/\/www.orlan.eu\/pintar\/"},"modified":"2024-03-13T13:30:20","modified_gmt":"2024-03-13T13:30:20","slug":"pintar","status":"publish","type":"page","link":"https:\/\/www.orlan.eu\/es\/obras\/pintar\/","title":{"rendered":"Pintar"},"content":{"rendered":"<p><em><br \/>\n  <strong>Piel<\/strong><br \/>\n<\/em><strong><em> d&#8217;\u00e2ne<\/em><\/strong><strong> pintura de lentejuelas, 1990<\/strong><\/p>\n<table style=\"width: 100%; border-collapse: collapse; background-color: #ebebeb; border-style: none;\">\n<tbody>\n<tr>\n<td style=\"width: 100%;\">\n<p style=\"text-align: left;\">Se trata de una serie fotogr\u00e1fica en la que ORLAN incorpora elementos de la historia de Peau d&#8217;\u00e2ne a sus autorretratos.<\/p>\n<p style=\"text-align: left;\">Peau d&#8217;\u00e2ne es una princesa a la que su padre le ha pedido que se case con \u00e9l porque le ha prometido a su madre, la Reina, que s\u00f3lo se casar\u00e1 con una mujer que sea m\u00e1s bella que ella, y Peau d&#8217;\u00e2ne es la \u00fanica mujer as\u00ed. Su hija escapa al deseo de su padre visti\u00e9ndose con la piel del burro.&nbsp;<\/p>\n<div class=\"bg-margin-for-link\"><input type='hidden' bg_collapse_expand='69dc60f90aaf82002982251' value='69dc60f90aaf82002982251'><input type='hidden' id='bg-show-more-text-69dc60f90aaf82002982251' value='Show More'><input type='hidden' id='bg-show-less-text-69dc60f90aaf82002982251' value='Show Less'><div id='bg-showmore-hidden-69dc60f90aaf82002982251' >\n<p style=\"text-align: left\">Para escapar del territorio del padre, tienes que cambiar de piel. ORLAN decidi\u00f3 entonces experimentar con formas nuevas y m\u00faltiples, en una l\u00ednea humor\u00edstica y distanciada. ORLAN est\u00e1 a favor de las identidades cambiantes, mutantes, n\u00f3madas, no fijas.<\/p>\n<p style=\"text-align: left\">En esta serie, ORLAN luce un atuendo diferente en cada foto, as\u00ed como un sombrero que va desde un quepis hasta una mitra, sin olvidar una gorra y una cabeza de burro.  <\/div><\/div><a id='bg-showmore-action-69dc60f90aaf82002982251' class='bg-showmore-plg-link bg-arrow '  style=\" color:#b51616;;\" href='#'>Show More<\/a>\n<\/td>\n<\/tr>\n<\/tbody>\n<\/table>\nngg_shortcode_0_placeholder\n<p style=\"text-align: left;\"><em><br \/>\n  <strong>Carteles pintados, <\/strong><br \/>\n<\/em><strong>1988<\/strong><\/p>\n<table style=\"width: 100%; border-collapse: collapse; background-color: #ebebeb; border-style: none;\">\n<tbody>\n<tr>\n<td style=\"width: 100%;\">\n<p style=\"text-align: left;\">En 1989 y 1992, ORLAN recibi\u00f3 dos becas de FIACRE y del Fonds d&#8217;Innovation Artistique et Culturel en Rh\u00f4ne-Alpes, para realizar una residencia en Chennai (ciudad que entonces se llamaba Madr\u00e1s), India. En su segundo viaje de tres meses y medio, la acompa\u00f1\u00f3 Stephan Oriach, un director con el que ORLAN hab\u00eda colaborado en el pasado.<\/p>\n<div class=\"bg-margin-for-link\"><input type='hidden' bg_collapse_expand='69dc60f90ac778017034895' value='69dc60f90ac778017034895'><input type='hidden' id='bg-show-more-text-69dc60f90ac778017034895' value='Show More'><input type='hidden' id='bg-show-less-text-69dc60f90ac778017034895' value='Show Less'><div id='bg-showmore-hidden-69dc60f90ac778017034895' >\n<p style=\"text-align: left\">Su viaje a la India formaba parte de &#8220;le plan du film&#8221;, una serie de trabajos basados en una cita de Jean-Luc Godard: &#8220;Lo \u00fanico grande de Montparnasse 19, de Jacques Becker, es que no s\u00f3lo es una pel\u00edcula al rev\u00e9s, sino en cierto modo la otra cara del cine&#8221;. El concepto era tomar a Godard al pie de la letra, crear una pel\u00edcula al rev\u00e9s, empezando por el cartel y la promoci\u00f3n con el tr\u00e1iler, letrillas, una banda sonora y un programa de televisi\u00f3n para lanzar el largometraje. ORLAN recurri\u00f3 a una agencia de publicidad, Publid\u00e9cor, especializada en carteles de cine pintados de los a\u00f1os 50, y trabaj\u00f3 con ellos para crear catorce carteles pintados a partir de fotos del artista y fotos de obras recicladas. Su intenci\u00f3n con estos carteles, pintados a mano en acr\u00edlico sobre lienzos de 3 m x 2 m, era contar la historia de su vida a trav\u00e9s del arte. ORLAN hizo los carteles utilizando los nombres de sus amigos del mundo del arte de la \u00e9poca, y uno o dos nombres de estrellas de cine para hacer creer a la gente que la pel\u00edcula exist\u00eda. Tambi\u00e9n organiz\u00f3 una rueda de prensa falsa con el director Bigas Luna y el comisario Lorand Hegyi para una bienal en Valencia. Invit\u00f3 a varios periodistas a hablar de una pel\u00edcula que hab\u00eda hecho y que en realidad no exist\u00eda.  <\/div><\/div><a id='bg-showmore-action-69dc60f90ac778017034895' class='bg-showmore-plg-link bg-arrow '  style=\" color:#d51616;;\" href='#'>Show More<\/a>\n<\/td>\n<\/tr>\n<\/tbody>\n<\/table>\nngg_shortcode_1_placeholder\n<p><strong><em>Problemas geom\u00e9tricos Pintura,<\/em> Par\u00eds, Francia 1971-1974<\/strong><\/p>\n<table style=\"width: 100%; border-collapse: collapse; background-color: #ebebeb; border-style: none;\">\n<tbody>\n<tr>\n<td style=\"width: 100%;\">\n<p style=\"text-align: left;\">Como muchos artistas, ORLAN comenz\u00f3 su carrera como pintora. No quer\u00eda crear nada empalagoso ni utilizar un pincel, una herramienta tan com\u00fan y tradicional.<\/p>\n<p style=\"text-align: left;\">ORLAN pinta con una pistola desde un garaje cercano a su casa. Le hab\u00eda convencido para que le prestara un espacio donde trabajar fuera del horario de oficina, lejos del polvo.<\/p>\n<p style=\"text-align: left;\"><div class=\"bg-margin-for-link\"><input type='hidden' bg_collapse_expand='69dc60f90ad5a6079957618' value='69dc60f90ad5a6079957618'><input type='hidden' id='bg-show-more-text-69dc60f90ad5a6079957618' value='Show More'><input type='hidden' id='bg-show-less-text-69dc60f90ad5a6079957618' value='Show Less'><div id='bg-showmore-hidden-69dc60f90ad5a6079957618' >\n<p style=\"text-align: left\">Primero investig\u00f3, hizo bocetos y dibujos, y luego compuso obras abstractas que pint\u00f3 con spray sobre laminado blanco utilizando sistemas de reserva.&nbsp;<\/p>\n<p style=\"text-align: left\">La pintura se filtraba bajo los trozos de cinta, pero ORLAN persever\u00f3 hasta que el resultado fue perfecto, para crear obras extremadamente brillantes, lacadas como un espejo en el que reflejarse. Es pintura abstracta geom\u00e9trica, como pintura industrial, y no hay el menor rastro de un cuerpo, \u00a1pero sigue siendo el espectador el que hace la obra! Cuando pasa y mira el cuadro, puede verse a s\u00ed mismo en \u00e9l al mismo tiempo. El cuerpo est\u00e1 ah\u00ed, \u00a1los espectadores est\u00e1n en la obra de arte! La obra de arte es su espejo.  <\/div><\/div><a id='bg-showmore-action-69dc60f90ad5a6079957618' class='bg-showmore-plg-link bg-arrow '  style=\" color:#b51616;;\" href='#'>Show More<\/a>\n<\/td>\n<\/tr>\n<\/tbody>\n<\/table>\nngg_shortcode_2_placeholder\n<p><strong><em>Pinturas abstractas<\/em>, 1965<\/strong><\/p>\nngg_shortcode_3_placeholder\n","protected":false},"excerpt":{"rendered":"<p>Piel d&#8217;\u00e2ne pintura de lentejuelas, 1990 Se trata de una serie fotogr\u00e1fica en la que ORLAN incorpora elementos de la historia de Peau d&#8217;\u00e2ne a sus autorretratos. Peau d&#8217;\u00e2ne es una princesa a la que su padre le ha pedido que se case con \u00e9l porque le ha prometido a su madre, la Reina, que [&hellip;]<\/p>\n","protected":false},"author":1,"featured_media":0,"parent":19773,"menu_order":3,"comment_status":"closed","ping_status":"closed","template":"","meta":{"_eb_attr":"","_monsterinsights_skip_tracking":false,"_monsterinsights_sitenote_active":false,"_monsterinsights_sitenote_note":"","_monsterinsights_sitenote_category":0,"_s2mail":"","ngg_post_thumbnail":0,"footnotes":""},"class_list":["post-19479","page","type-page","status-publish","hentry"],"jetpack_sharing_enabled":true,"_links":{"self":[{"href":"https:\/\/www.orlan.eu\/es\/wp-json\/wp\/v2\/pages\/19479","targetHints":{"allow":["GET"]}}],"collection":[{"href":"https:\/\/www.orlan.eu\/es\/wp-json\/wp\/v2\/pages"}],"about":[{"href":"https:\/\/www.orlan.eu\/es\/wp-json\/wp\/v2\/types\/page"}],"author":[{"embeddable":true,"href":"https:\/\/www.orlan.eu\/es\/wp-json\/wp\/v2\/users\/1"}],"replies":[{"embeddable":true,"href":"https:\/\/www.orlan.eu\/es\/wp-json\/wp\/v2\/comments?post=19479"}],"version-history":[{"count":1,"href":"https:\/\/www.orlan.eu\/es\/wp-json\/wp\/v2\/pages\/19479\/revisions"}],"predecessor-version":[{"id":19776,"href":"https:\/\/www.orlan.eu\/es\/wp-json\/wp\/v2\/pages\/19479\/revisions\/19776"}],"up":[{"embeddable":true,"href":"https:\/\/www.orlan.eu\/es\/wp-json\/wp\/v2\/pages\/19773"}],"wp:attachment":[{"href":"https:\/\/www.orlan.eu\/es\/wp-json\/wp\/v2\/media?parent=19479"}],"curies":[{"name":"wp","href":"https:\/\/api.w.org\/{rel}","templated":true}]}}