{"id":19480,"date":"2020-04-28T01:09:27","date_gmt":"2020-04-28T01:09:27","guid":{"rendered":"https:\/\/www.orlan.eu\/conferencias\/"},"modified":"2024-03-14T14:23:57","modified_gmt":"2024-03-14T14:23:57","slug":"conferencias","status":"publish","type":"page","link":"https:\/\/www.orlan.eu\/es\/prensa\/conferencias\/","title":{"rendered":"Conferencias"},"content":{"rendered":"\n<p><strong>Conferencia de ORLAN y Alain Quemin, Par\u00eds Photo, 2022<\/strong><\/p>\n<p><iframe loading=\"lazy\" title=\"ORLAN - LA PHOTO PAR TOUS LES BOUTS FR\" width=\"500\" height=\"281\" src=\"https:\/\/www.youtube.com\/embed\/MUpJdrVHJkE?list=PLkj3Ggbj-zn3Suzd6XAqcL7IYSKkV6-QB\" frameborder=\"0\" allow=\"accelerometer; autoplay; clipboard-write; encrypted-media; gyroscope; picture-in-picture; web-share\" referrerpolicy=\"strict-origin-when-cross-origin\" allowfullscreen><\/iframe><\/p>\n\n<p><strong>Conferencia de ORLAN y Jens Hauser, La cit\u00e9 des Arts, 2022<\/strong><\/p>\n<p><iframe loading=\"lazy\" title=\"Rencontre avec ORLAN - Open Source Body Festival 2022\" src=\"https:\/\/player.vimeo.com\/video\/761473810?dnt=1&amp;app_id=122963\" width=\"500\" height=\"281\" frameborder=\"0\" allow=\"autoplay; fullscreen; picture-in-picture; clipboard-write; encrypted-media; web-share\" referrerpolicy=\"strict-origin-when-cross-origin\"><\/iframe><\/p>\n\n<p><strong>ORLAN: STRIPTEASE, TODO SOBRE MI VIDA, TODO SOBRE MI ARTE. Conferencia\/Reuni\u00f3n @ Collection Lambert<\/strong>&nbsp; 16 de diciembre de 2021<\/p>\n<p>https:\/\/vimeo.com\/696115662?embedded=true&#038;source=vimeo_logo&#038;owner=103325685<\/p>\n<p>&nbsp;<\/p>\n<p><strong>Conferencia ORLAN Sorbona, 2019<\/strong><\/p>\n<div class=\"post-video\"><iframe loading=\"lazy\" title=\"ORLAN : femme avec t\u00eate(s)\" width=\"500\" height=\"281\" src=\"https:\/\/www.youtube.com\/embed\/rKaYi_o2SYo?feature=oembed\" frameborder=\"0\" allow=\"accelerometer; autoplay; clipboard-write; encrypted-media; gyroscope; picture-in-picture; web-share\" referrerpolicy=\"strict-origin-when-cross-origin\" allowfullscreen><\/iframe><\/div>\n<p><strong>ORLAN #1: &#8220;Todas las cosas monstruosas y escandalosas que he hecho&#8221;, 2017<\/strong><\/p>\n<p><iframe loading=\"lazy\" title=\"ORLAN #1 : &quot;Toutes ces choses monstrueuses et scandaleuses que j&#039;ai pu faire&quot;\" width=\"500\" height=\"281\" src=\"https:\/\/www.youtube.com\/embed\/-ZeCwDeaGsQ?start=129&#038;feature=oembed\" frameborder=\"0\" allow=\"accelerometer; autoplay; clipboard-write; encrypted-media; gyroscope; picture-in-picture; web-share\" referrerpolicy=\"strict-origin-when-cross-origin\" allowfullscreen><\/iframe><\/p>\n<p><strong>ORLAN #2 : &#8220;Este es mi cuerpo este es mi software&#8230;&#8221;, 2017<\/strong><\/p>\n<p><iframe loading=\"lazy\" title=\"ORLAN #2 : &quot;Ceci est mon corps ceci est mon logiciel...&quot;\" width=\"500\" height=\"281\" src=\"https:\/\/www.youtube.com\/embed\/a8zMVOt5LwQ?feature=oembed\" frameborder=\"0\" allow=\"accelerometer; autoplay; clipboard-write; encrypted-media; gyroscope; picture-in-picture; web-share\" referrerpolicy=\"strict-origin-when-cross-origin\" allowfullscreen><\/iframe><\/p>\n<p><strong>ORLAN #3: &#8220;Soy una mujer y un hombre&#8221;, 2017<\/strong><\/p>\n<p><iframe loading=\"lazy\" title=\"ORLAN #3 : &quot;Je suis un femme et une homme&quot;\" width=\"500\" height=\"281\" src=\"https:\/\/www.youtube.com\/embed\/tO3E7kVDqaQ?feature=oembed\" frameborder=\"0\" allow=\"accelerometer; autoplay; clipboard-write; encrypted-media; gyroscope; picture-in-picture; web-share\" referrerpolicy=\"strict-origin-when-cross-origin\" allowfullscreen><\/iframe><\/p>\n<p><strong data-rich-text-format-boundary=\"true\">The Futur Of The Body con el artista de performance ORLAN Por Rachel Armstrong, cient\u00edfica e innovadora del Trinity College de Dubl\u00edn, julio de 2014.<br class=\"clear\"><\/strong><\/p>\n<p><span style=\"font-size: medium; color: #000000;\"><a style=\"color: #000000;\"><div class=\"post-video\"><p><iframe loading=\"lazy\" title=\"The Future of the Body with Performance Artist ORLAN\" width=\"500\" height=\"281\" src=\"https:\/\/www.youtube.com\/embed\/PjxEWPAnxDc?feature=oembed\" frameborder=\"0\" allow=\"accelerometer; autoplay; clipboard-write; encrypted-media; gyroscope; picture-in-picture; web-share\" referrerpolicy=\"strict-origin-when-cross-origin\" allowfullscreen><\/iframe><\/p>\n<\/div><\/a><\/span><\/p>\n<p>&nbsp;<\/p>\n<p><em><strong>ORLAN en la Abad\u00eda de Maubuisson<\/strong>, 2009 (franc\u00e9s, 6min39)  <br>V\u00eddeo dirigido por <strong>Decaluw\u00e9<\/strong><\/em><\/p>\n<p><iframe loading=\"lazy\" title=\"Exposition d&#039; Orlan \u00e0 l&#039;abbaye de Maubuisson\" width=\"500\" height=\"375\" src=\"https:\/\/www.youtube.com\/embed\/1KgIsAs0U6k?feature=oembed\" frameborder=\"0\" allow=\"accelerometer; autoplay; clipboard-write; encrypted-media; gyroscope; picture-in-picture; web-share\" referrerpolicy=\"strict-origin-when-cross-origin\" allowfullscreen><\/iframe><\/p>\n<p><em><strong>ORLAN &#8211; Academia di Belle Arti di Napoli<\/strong>, 2009 <\/em><em>(franc\u00e9s, 4min24)<br><\/em>Producido por&nbsp;<em>\n  <strong>Mark Wonder Entertainment Producci\u00f3n<\/strong>\n<\/em><\/p>\n<p><iframe loading=\"lazy\" title=\"ORLAN  -Accademia di Belle Arti di Napoli-\" width=\"500\" height=\"281\" src=\"https:\/\/www.youtube.com\/embed\/rxNZBgk021c?feature=oembed\" frameborder=\"0\" allow=\"accelerometer; autoplay; clipboard-write; encrypted-media; gyroscope; picture-in-picture; web-share\" referrerpolicy=\"strict-origin-when-cross-origin\" allowfullscreen><\/iframe><\/p>\n","protected":false},"excerpt":{"rendered":"<p>Conferencia de ORLAN y Alain Quemin, Par\u00eds Photo, 2022 Conferencia de ORLAN y Jens Hauser, La cit\u00e9 des Arts, 2022 ORLAN: STRIPTEASE, TODO SOBRE MI VIDA, TODO SOBRE MI ARTE. Conferencia\/Reuni\u00f3n @ Collection Lambert&nbsp; 16 de diciembre de 2021 https:\/\/vimeo.com\/696115662?embedded=true&#038;source=vimeo_logo&#038;owner=103325685 &nbsp; Conferencia ORLAN Sorbona, 2019 ORLAN #1: &#8220;Todas las cosas monstruosas y escandalosas que he [&hellip;]<\/p>\n","protected":false},"author":1,"featured_media":0,"parent":19808,"menu_order":3,"comment_status":"closed","ping_status":"closed","template":"","meta":{"_eb_attr":"","_monsterinsights_skip_tracking":false,"_monsterinsights_sitenote_active":false,"_monsterinsights_sitenote_note":"","_monsterinsights_sitenote_category":0,"_s2mail":"","ngg_post_thumbnail":0,"footnotes":""},"class_list":["post-19480","page","type-page","status-publish","hentry"],"jetpack_sharing_enabled":true,"_links":{"self":[{"href":"https:\/\/www.orlan.eu\/es\/wp-json\/wp\/v2\/pages\/19480","targetHints":{"allow":["GET"]}}],"collection":[{"href":"https:\/\/www.orlan.eu\/es\/wp-json\/wp\/v2\/pages"}],"about":[{"href":"https:\/\/www.orlan.eu\/es\/wp-json\/wp\/v2\/types\/page"}],"author":[{"embeddable":true,"href":"https:\/\/www.orlan.eu\/es\/wp-json\/wp\/v2\/users\/1"}],"replies":[{"embeddable":true,"href":"https:\/\/www.orlan.eu\/es\/wp-json\/wp\/v2\/comments?post=19480"}],"version-history":[{"count":1,"href":"https:\/\/www.orlan.eu\/es\/wp-json\/wp\/v2\/pages\/19480\/revisions"}],"predecessor-version":[{"id":19481,"href":"https:\/\/www.orlan.eu\/es\/wp-json\/wp\/v2\/pages\/19480\/revisions\/19481"}],"up":[{"embeddable":true,"href":"https:\/\/www.orlan.eu\/es\/wp-json\/wp\/v2\/pages\/19808"}],"wp:attachment":[{"href":"https:\/\/www.orlan.eu\/es\/wp-json\/wp\/v2\/media?parent=19480"}],"curies":[{"name":"wp","href":"https:\/\/api.w.org\/{rel}","templated":true}]}}