{"id":19667,"date":"2012-03-29T15:36:00","date_gmt":"2012-03-29T15:36:00","guid":{"rendered":"https:\/\/www.orlan.eu\/arte-carnal-arte-charnel\/"},"modified":"2024-03-14T13:47:28","modified_gmt":"2024-03-14T13:47:28","slug":"arte-carnal-arte-charnel","status":"publish","type":"page","link":"https:\/\/www.orlan.eu\/es\/bio-biblio\/arte-carnal-arte-charnel\/","title":{"rendered":"Arte Carnal \/ Arte Charnel"},"content":{"rendered":"<h1 style=\"text-align: center;\"><span style=\"color: #ff0000;\"><strong><span style=\"font-size: large;\">Arte carnal<\/span><\/strong><\/span><\/h1>\n<p><strong>Definici\u00f3n :  <\/strong><br \/>\nCarnal Art es un autorretrato en el sentido cl\u00e1sico, pero realizado mediante la tecnolog\u00eda actual. Oscila entre la desfiguraci\u00f3n y la refiguraci\u00f3n. Su inscripci\u00f3n en la carne se debe a las nuevas posibilidades inherentes a nuestra \u00e9poca. El cuerpo se ha convertido en un &#8220;ready-made modificado&#8221;, que ya no se ve como el ideal que una vez represent\u00f3, no lo suficientemente listo para ser adherido y firmado.<\/p>\n<p><strong>Distinci\u00f3n:<\/strong><br \/>\nAl contrario que el &#8220;Body Art&#8221;, que es un asunto totalmente distinto, el Arte Carnal no anhela el dolor, no busca el dolor como fuente de purificaci\u00f3n, no lo concibe como una redenci\u00f3n.<br \/>\nCarnal Art no se interesa por el resultado de la cirug\u00eda pl\u00e1stica, sino por el proceso de la operaci\u00f3n quir\u00fargica-performance y el cuerpo modificado convertido en objeto de debate p\u00fablico.<\/p>\n<p><strong>Ate\u00edsmo :<\/strong><br \/>\nPor encima de todo, el Arte Carnal no sigue la Tradici\u00f3n Cristiana, \u00a1se resiste a ella!<br \/>\nEl Arte Carnal revela la negaci\u00f3n cristiana del &#8220;cuerpo-placer&#8221; y expone su debilidad frente a los descubrimientos cient\u00edficos. Con todo, sigue la tradici\u00f3n del sufrimiento y del martirio, a\u00f1ade en lugar de quitar, potencia las facultades en lugar de reducirlas. El Arte Carnal no es automutilaci\u00f3n.<\/p>\n<p>El Arte Carnal transforma el cuerpo en lenguaje. Invirtiendo la idea b\u00edblica de la palabra hecha carne, la carne se hace palabra. S\u00f3lo la voz de Orlan permanece inalterada. El artista trabaja en la representaci\u00f3n.<\/p>\n<p>Carnal Art considera anacr\u00f3nica y rid\u00edcula la aceptaci\u00f3n de la agon\u00eda del parto. Como Artaud si rechaza el juicio divino.<br \/>\nA partir de ahora tendremos epidurales, anest\u00e9sicos locales y analg\u00e9sicos m\u00faltiples. \u00a1Viva la morfina! (\u00a1Viva la morfina!). \u00a1Abajo el dolor! (\u00a1Abajo el dolor!)<\/p>\n<p><strong>Percepci\u00f3n :<\/strong><br \/>\nPuedo observar mi propio cuerpo abierto en canal sin sufrimiento alguno&#8230; Puedo verme hasta las v\u00edsceras, un nuevo escenario de espejos. Puedo ver el coraz\u00f3n de mi amante y su espl\u00e9ndido dise\u00f1o no tiene nada que ver con los s\u00edmbolos sensibleros que se suelen dibujar.<br \/>\n&#8220;Cari\u00f1o, me encanta tu bazo, me encanta tu h\u00edgado, adoro tu p\u00e1ncreas y la l\u00ednea de tu f\u00e9mur me excita&#8221;.<\/p>\n<p><strong>Libertad :<\/strong><br \/>\nEl Arte Carnal declara e insiste en la libertad individual del artista. En ese sentido, resiste a los prejuicios y los dictados. Por eso se ha comprometido con lo social y con los medios de comunicaci\u00f3n (trastocando las ideas establecidas y provocando esc\u00e1ndalos), llegando incluso a los tribunales (para cambiar el nombre de Orlan).<\/p>\n<p><strong>Aclaraci\u00f3n:<\/strong><br \/>\nEl Arte Carnal no est\u00e1 en contra de la cirug\u00eda pl\u00e1stica, pero se opone a sus normas, como las grabadas en la carne masculina, pero sobre todo femenina. Es indispensable para que el Arte Carnal sea feminista. Se interesa por la cirug\u00eda pl\u00e1stica, pero tambi\u00e9n por los avances de la medicina y la biolog\u00eda que cuestionan el estatus del cuerpo y plantean problemas \u00e9ticos.<\/p>\n<p><strong>Estilo :<\/strong><br \/>\nEl Arte Carnal ama la burla y lo barroco, lo grotesco y otros estilos olvidados, ya que se opone a las presiones sociales cuyo peso soportan tanto el cuerpo humano como la obra de arte.<br \/>\nEl Arte Carnal es antiformalista y anticonformista.<\/p>\n<p><strong><em>ORLAN<\/em><\/strong><\/p>\n<p><span style=\"font-size: large;\"><span style=\"color: #ff00ff;\">ARTE CHARNEL<\/span><br \/>\n<\/span><\/p>\n<p><strong>Definici\u00f3n:<\/strong><br \/>\nL&#8217;Art Charnel es una obra de autorretrato en el sentido cl\u00e1sico, pero con los recursos tecnol\u00f3gicos de su \u00e9poca. Oscila entre la desfiguraci\u00f3n y la refiguraci\u00f3n. Se ha convertido en parte de nuestro ser porque nuestra \u00e9poca empieza a hacerlo posible. El cuerpo se convierte en un &#8220;ready-made modificado&#8221; porque ya no es el ready-made ideal que simplemente hay que firmar.<\/p>\n<p><strong>Distinci\u00f3n:<\/strong><br \/>\nA diferencia del Body Art, del que es distinto, el Charnel Art no desea el dolor, no lo busca como fuente de purificaci\u00f3n, no lo concibe como redenci\u00f3n. L&#8217;Art Charnel no se interesa por el resultado pl\u00e1stico final, sino por la operaci\u00f3n quir\u00fargica y el cuerpo modificado, que se ha convertido en objeto de debate p\u00fablico.<\/p>\n<p><strong>Ate\u00edsmo<\/strong><br \/>\nEst\u00e1 claro que Art Charnel no es el heredero de la tradici\u00f3n cristiana, \u00a1contra la que lucha! Se\u00f1ala su negaci\u00f3n del &#8220;cuerpo-placer&#8221; y pone al descubierto los lugares donde se derrumba ante los descubrimientos cient\u00edficos.<\/p>\n<p>El Arte de Charnel tampoco es heredero de una hagiograf\u00eda de decolaciones y otros martirios; a\u00f1ade m\u00e1s que quita, potencia m\u00e1s que merma las facultades; el Arte de Charnel no pretende ser automutilante.<\/p>\n<p>L&#8217;Art Charnel transforma el cuerpo en lenguaje e invierte el principio cristiano de la palabra que se hace carne en favor de la carne que se hace palabra; s\u00f3lo la voz de Orlan permanece inalterada, el artista trabaja sobre la representaci\u00f3n.<\/p>\n<p>Como Artaud, quiere acabar con el juicio de Dios. A partir de ahora, tenemos epidurales y anestesias m\u00faltiples, as\u00ed como analg\u00e9sicos: \u00a1viva la morfina! \u00a1Abajo el dolor!<\/p>\n<p><strong>Percepci\u00f3n :<\/strong><br \/>\nAhora puedo ver mi propio cuerpo abierto sin sufrir!&#8230; Puedo verme hasta el fondo de mis entra\u00f1as, una nueva etapa del espejo. &#8220;Puedo ver el coraz\u00f3n de mi amante y su espl\u00e9ndido dibujo no tiene nada que ver con la empalagosa simbolog\u00eda que se suele dibujar&#8221;.<br \/>\n&#8211; Cari\u00f1o, me encanta tu bazo, me encanta tu h\u00edgado, me encanta tu p\u00e1ncreas y la l\u00ednea de tu f\u00e9mur me excita.<br \/>\n<strong>Libert\u00e9 :  <\/strong><br \/>\nArt Charnel afirma la libertad individual del artista, y en este sentido tambi\u00e9n lucha contra las ideas preconcebidas y los dictados; por eso forma parte de la sociedad, de los medios de comunicaci\u00f3n (donde causa esc\u00e1ndalo porque trastorna las ideas aceptadas) e incluso de los tribunales.<\/p>\n<p><strong>Enfoque :  <\/strong><br \/>\nL&#8217;Art Charnel no est\u00e1 en contra de la cirug\u00eda est\u00e9tica, sino de los est\u00e1ndares que transmite, y que est\u00e1n particularmente inscritos en la carne tanto de las mujeres como de los hombres. L&#8217;Art Charnel es feminista, y tiene que serlo. L&#8217;Art Charnel se interesa no s\u00f3lo por la cirug\u00eda est\u00e9tica, sino tambi\u00e9n por las t\u00e9cnicas m\u00e9dicas y biol\u00f3gicas de vanguardia que cuestionan el estatus del cuerpo y plantean cuestiones \u00e9ticas.<\/p>\n<p><strong>Estilo :  <\/strong><br \/>\nArt Charnel ama el barroco y la parodia, lo grotesco y los estilos dejados atr\u00e1s, porque Art Charnel se opone a las presiones sociales ejercidas tanto sobre el cuerpo humano como sobre el cuerpo de las obras de arte.<br \/>\nL&#8217;Art Charnel es antiformalista y anticonformista.<\/p>\n<p><strong><em>ORLAN<\/em><\/strong><\/p>\n","protected":false},"excerpt":{"rendered":"<p>Arte carnal Definici\u00f3n : Carnal Art es un autorretrato en el sentido cl\u00e1sico, pero realizado mediante la tecnolog\u00eda actual. Oscila entre la desfiguraci\u00f3n y la refiguraci\u00f3n. Su inscripci\u00f3n en la carne se debe a las nuevas posibilidades inherentes a nuestra \u00e9poca. El cuerpo se ha convertido en un &#8220;ready-made modificado&#8221;, que ya no se ve [&hellip;]<\/p>\n","protected":false},"author":1,"featured_media":0,"parent":19789,"menu_order":9,"comment_status":"closed","ping_status":"open","template":"","meta":{"_eb_attr":"","_monsterinsights_skip_tracking":false,"_monsterinsights_sitenote_active":false,"_monsterinsights_sitenote_note":"","_monsterinsights_sitenote_category":0,"_s2mail":"","ngg_post_thumbnail":0,"footnotes":""},"class_list":["post-19667","page","type-page","status-publish","hentry"],"jetpack_sharing_enabled":true,"_links":{"self":[{"href":"https:\/\/www.orlan.eu\/es\/wp-json\/wp\/v2\/pages\/19667","targetHints":{"allow":["GET"]}}],"collection":[{"href":"https:\/\/www.orlan.eu\/es\/wp-json\/wp\/v2\/pages"}],"about":[{"href":"https:\/\/www.orlan.eu\/es\/wp-json\/wp\/v2\/types\/page"}],"author":[{"embeddable":true,"href":"https:\/\/www.orlan.eu\/es\/wp-json\/wp\/v2\/users\/1"}],"replies":[{"embeddable":true,"href":"https:\/\/www.orlan.eu\/es\/wp-json\/wp\/v2\/comments?post=19667"}],"version-history":[{"count":1,"href":"https:\/\/www.orlan.eu\/es\/wp-json\/wp\/v2\/pages\/19667\/revisions"}],"predecessor-version":[{"id":19797,"href":"https:\/\/www.orlan.eu\/es\/wp-json\/wp\/v2\/pages\/19667\/revisions\/19797"}],"up":[{"embeddable":true,"href":"https:\/\/www.orlan.eu\/es\/wp-json\/wp\/v2\/pages\/19789"}],"wp:attachment":[{"href":"https:\/\/www.orlan.eu\/es\/wp-json\/wp\/v2\/media?parent=19667"}],"curies":[{"name":"wp","href":"https:\/\/api.w.org\/{rel}","templated":true}]}}