{"id":19679,"date":"2010-03-25T13:59:30","date_gmt":"2010-03-25T13:59:30","guid":{"rendered":"https:\/\/www.orlan.eu\/monografias\/"},"modified":"2024-03-14T13:47:27","modified_gmt":"2024-03-14T13:47:27","slug":"monografias","status":"publish","type":"page","link":"https:\/\/www.orlan.eu\/es\/bio-biblio\/monografias\/","title":{"rendered":"Monograf\u00edas"},"content":{"rendered":"<h2 style=\"text-align: right;\">&nbsp;<\/h2>\n<p style=\"text-align: justify;\"><b>2023<\/b><\/p>\n<p style=\"text-align: justify;\">Olivier Pilcher, Marc Einsele, Val\u00e9rie Tougard, Julie Chazelle, Andrea Ram\u00ecrez Reyes,<strong>&#8220;GUERLAIN Une Ic\u00f4ne Imp\u00e9rial&#8221;<\/strong>, Editions Assouline<\/p>\n<p style=\"text-align: justify;\"><b>2023<\/b><\/p>\n<p style=\"text-align: justify;\">Patricia Allmer, Elisabeth Bronfen, Christine Buci-Glucksmann, Else Marie Bukdahl, Sophie Duplaix, Donatien Grau, Jens Hauser, Roxana Marcoci, Catherine Millet, Camille Morineau, Catherine Morris, <strong> ORLAN<\/strong>, Gabriele Schor, <strong>&#8220;ORLAN SIX DECADES&#8221;<\/strong>, Editions Gabriele Schor &amp; Catherine Morris<\/p>\n<p><strong>2022<\/strong><\/p>\n<p><span style=\"font-weight: 400;\">Julie Crenn, Annabelle T\u00e9n\u00e8ze, Manuela de Barros, \u00c9milie Bouvard, Elsa Dorlin, Florian Gait\u00e9, Maura Reilly, <\/span><b>&#8220;Manifeste ORLAN &#8211; CORPS et SCULPTURES,<\/b><span style=\"font-weight: 400;\"> Ediciones Manuella<\/span><\/p>\n<p><strong>2019<\/strong><\/p>\n<p><span style=\"font-weight: 400;\">ORLAN, Donatien Grau, Gladys Fabre, Parveen Adams, Maria Bonnafous-Boucher, Marc Partouche, Quentin Petit Dit Duhal &#8220;<\/span><b>LAS MUJERES QUE LLORAN SE ENFADAN<\/b><span style=\"font-weight: 400;\">&#8220;, <\/span><b>Publicado por Jannink \/ Les presses du r\u00e9el<\/b><\/p>\n<p><span style=\"color: #000000;\"><strong>2017<\/strong><\/span><\/p>\n<p>J\u00e9r\u00f4me Neutres, Shelley Rice, Tatyana Franck, Jean-Luc Monterosso, ORLAN EN CAPITALES, \u00c9ditions SKIRA<\/p>\n<p style=\"text-align: justify;\"><b>2016<\/b><\/p>\n<p style=\"text-align: justify;\">Moon Soon Park, Soukyoun Lee, Jisang Yoo, Donatien Grau, Philippe Piguet, Imma Prieto, Domenico Quaranta, Retrospectiva de ORLAN Technobody: 1966-2016, Museo de Arte de Sungkok, Editions Scala, Par\u00eds<\/p>\n<p style=\"text-align: justify;\"><b>2015<\/b><\/p>\n<p style=\"text-align: justify;\">Donatien Grau, Jackie-Ruth Meyer, Philippe Piguet, Imma Prieto, Domenico Quaranta,&nbsp; ORLAN, Striptease des cellules jusqu&#8217;\u00e0 l&#8217;os, Editions Scala, Par\u00eds<\/p>\n<p style=\"text-align: justify;\">ORLAN, Zoom barroco : Pliegues y despliegues, Galer\u00eda Peccolo<\/p>\n<p style=\"text-align: justify;\"><b>2014<\/b><\/p>\n<p style=\"text-align: justify;\">ORLAN, El arte de la reina de las m\u00e1scaras, Galer\u00eda Michel Rein, Par\u00eds, Francia<\/p>\n<p style=\"text-align: justify;\">Inese Baranovska, Catherine Grenier, Dominique Pa\u00efni, Jean-Pierre Rehm; ORLAN, El icono del arte contempor\u00e1neo franc\u00e9s, Ediciones House Neputns, Riga, Letonia.<\/p>\n<p style=\"text-align: justify;\">ORLAN, L&#8217;art de la reine des masques, Galer\u00eda Michel Rein, Par\u00eds, Francia, Galer\u00eda Sejul, Se\u00fal, Corea<\/p>\n<p style=\"text-align: justify;\"><b>2013<\/b><\/p>\n<p style=\"text-align: justify;\">Jose Ignacio Benito Climent; El Arte-Carnal En ORLAN, Hacia Una Estetica Del Sacrificio; Editions Devenir, Madrid, Espa\u00f1a<\/p>\n<p style=\"text-align: justify;\"><b>2012<\/b><\/p>\n<p style=\"text-align: justify;\">Nicolas Bourriaud, Michael La chance y Ricardo Arcos-Palma; ORLAN Arte Carnal o cuerpo obsoleto \/ hibridaciones y refiguraciones; Museo de Antioquia, Medell\u00edn, Museo de Arte Moderno, Bogot\u00e1, Colombia.<\/p>\n<p style=\"text-align: justify;\">Bart de Baere, Sophie Gregoir, Wim Van Mulders, Hubert Besacier, Alain Charre; ORLAN MesuRAGES (1968-2012) Acci\u00f3n: ORLAN-body; Editions du M HKA, Anvers, B\u00e9lgica.<\/p>\n<p style=\"text-align: justify;\">Anne Morelli, Johan Muyle, Pierre-Olivier Rollin; \u00bfEs usted belga? ORLAN; Yellow Now\/ENSAV La Cambre, Bruselas, B\u00e9lgica<\/p>\n<p style=\"text-align: justify;\"><b>2011<\/b><\/p>\n<p style=\"text-align: justify;\">Camille Morineau, Blandine Chavanne, Christine Buci-Glucksmann; Un b\u0153uf sur la langue ORLAN, \u00c9ditions Fage, Lyon, Francia.<\/p>\n<p style=\"text-align: justify;\">Maria Bonnafous-Boucher, Ed Al Dante Aka; Ceci est mon corps. . . ceci est mon logiciel; Collection Cahiers du Midi &#8211; Collection de l&#8217;Acad\u00e9mie royale des beaux- arts de Bruxelles, Bruselas, B\u00e9lgica<\/p>\n<p style=\"text-align: justify;\"><b>2010<\/b><\/p>\n<p style=\"text-align: justify;\">Homi K. Bhabha, Rhonda K. Garelick, Michel Serres, Isabel Tejeda, Jorge Daniel Veneciano, Paul Virilio y Lan Vu; Faboulous Harlequin, ORLAN y el yo patchwork; editado por la Universidad de Nebraska, EE.UU.<\/p>\n<p style=\"text-align: justify;\">(Recibi\u00f3 el Primer Premio &#8220;Dise\u00f1o de Publicaci\u00f3n de Museo&#8221; de la Asociaci\u00f3n Americana de Museos para 2011)<\/p>\n<p style=\"text-align: justify;\">Bouchard Gianna, Buci-Glucksmann Christine, Caygill Howard, Donger Simon, Gilman Sander L. Hallensleben Markus, Hauser Jens, Johnson Dominic, Malysse St\u00e9phane, Olbrist Hans Ulrich, ORLAN, Petitgas Catherine, Shepherd Simon, Virilio Paul, Wiln son Sarah; ORLAN, A Hybrid Body of Artworks; ediciones Routledge, Londres, Reino Unido, que se publicar\u00e1n en 2010.<\/p>\n<p style=\"text-align: justify;\">Enthoven Raphael, ORLAN, Vaneigem Raoul; Unions Libres, Mariages Mixtes et Noces Barbares; Editions Dilecta, Par\u00eds, Francia, 2010<\/p>\n<p style=\"text-align: justify;\"><b>2009<\/b><\/p>\n<p style=\"text-align: justify;\">ORLAN, Virilio Paul; Transgresi\u00f3n, transfiguraci\u00f3n [conversation]; ediciones L&#8217;Une et L&#8217;Autre, Par\u00eds, Francia, 2009<\/p>\n<p style=\"text-align: justify;\"><b>2008<\/b><\/p>\n<p style=\"text-align: justify;\">Cruz Sanchez Pedro Alberto, De la Villa Rocio, Garelick Rhonda, Serres Michel, Tejeda Isabel, Vu Lan, ORLAN + davidelfin; SUTURA-HIBRIDACI\u00d3N-REC\u00cdCLITO, celebrada en Espacio Artes Visuales; Ediciones E. A. V. Murcia, Espa\u00f1a<\/p>\n<p style=\"text-align: justify;\">Claudia Stefanutti, Tra identit\u00e0 e alterit\u00e0 del proprio corpo-ORLAN, Ediciones Tecnograf<\/p>\n<p style=\"text-align: justify;\"><b>2007<\/b><\/p>\n<p style=\"text-align: justify;\">Bader Joerg, Hegyi L\u00f3r\u00e1nd, Kuspit Donald, Iacub Marcela, Phelan Peggy, Viola Eugenio; ORLAN, La Narrativa; Ediciones Charta, Mil\u00e1n, Italia.<\/p>\n<p style=\"text-align: justify;\">Barjou Nathalie, Deflandre Laurent, Dubrulle Antonia, Gautheron Marie, Laot Cl\u00e9mence, Marquis Charl\u00e8ne, Noesser C\u00e9cile, Normand Olivier; ORLAN, Morceaux choisis; ediciones Ecole Nationale Sup\u00e9rieure\/Mus\u00e9e d&#8217;Art Moderne de Saint-\u00c9tienne M\u00e9tropole, Lyon, Francia.<\/p>\n<p style=\"text-align: justify;\">ORLAN; Pomme-cul et petites fleurs; Editions Baudoin Jannink, Par\u00eds, Francia<\/p>\n<p style=\"text-align: justify;\"><b>2005<\/b><\/p>\n<p style=\"text-align: justify;\">O&#8217;Bryan Jill; Arte Carnal. ORLAN&#8217;s Refacing; University of Minesota Press, EE.UU.<\/p>\n<p style=\"text-align: justify;\"><b>2004<\/b><\/p>\n<p style=\"text-align: justify;\">Blist\u00e8ne Bernard, Buci-Glucksmann Christine, Cros Caroline, Durand R\u00e9gis, Heartney Eleanor, Le Bon Laurent, Obrist Hans Ulrich, ORLAN, Rehberg Vivian, Zugazagoitia Julian; ORLAN (versi\u00f3n inglesa: ORLAN, Carnal Art); ediciones Flammarion, Par\u00eds, Francia.<\/p>\n<p style=\"text-align: justify;\"><b>2003<\/b><\/p>\n<p style=\"text-align: justify;\">Juan Albren, ORLAN Veinticinco, Ediciones Litterature Mondadori<\/p>\n<p style=\"text-align: justify;\"><b>2002<\/b><\/p>\n<p style=\"text-align: justify;\">Blist\u00e8ne Bernard, Buci-Glucksmann Christine, Guardiola Juan, Guinot Olga, ORLAN, Ramirez Juan Antonio, Zugazagoitia Julian; ORLAN 1964-2001, cat\u00e1logo de la retrospectiva en el Centro de Fotograf\u00eda de la Universidad de Salamanca; Ediciones Artium, Salamanca, Espa\u00f1a.<\/p>\n<p style=\"text-align: justify;\"><b>2001<\/b><\/p>\n<p style=\"text-align: justify;\">Baqu\u00e9 Dominique, Bartelik Marek, ORLAN; ORLAN, Refiguraci\u00f3n, Autohibridaci\u00f3n. Serie Precolombina; Editions Al Dante, Par\u00eds, Francia<\/p>\n<p style=\"text-align: justify;\">Baqu\u00e9 Dominique, Yun Jin-Sup, ORLAN; Refiguration Self-hybridations, cat\u00e1logo de la exposici\u00f3n celebrada en la Galer\u00eda Sejul; Corea<\/p>\n<p style=\"text-align: justify;\">Quadruppani Serge, Rehm Jean-Pierre; Le Plan du Film. S\u00e9quence 1, libro que acompa\u00f1a al CD del grupo Tanger; ediciones Laurent Cauwet\/Al Dante, Romainville, Francia.<\/p>\n<p style=\"text-align: justify;\">Eugenio Viola, ORLAN, Body Art, Arte carnal, Ediciones Anno Accademico<\/p>\n<p style=\"text-align: justify;\"><b>2000<\/b><\/p>\n<p style=\"text-align: justify;\">Buci-Glucksmann Christine, Enrici Michel; ORLAN, Triomphe du Baroque; Editions Images En Man\u0153uvres, Marsella, Francia (Foto de portada de ORLAN)<\/p>\n<p style=\"text-align: justify;\">Ince Kate, ORLAN; Millennial Female; ediciones Berg Publishers, Oxford, Reino Unido<\/p>\n<p style=\"text-align: justify;\">Minist\u00e8re de la Culture et de la Communication, D\u00e9l\u00e9gation Arts Plastiques; ORLAN, Del beso del artista al arte carnal; Editions Jeriko, Par\u00eds, Francia.<\/p>\n<p style=\"text-align: justify;\">Marc Partouche, Se placer au centre du monde, ORLAN, Ediciones J\u00e9riko<\/p>\n<p style=\"text-align: justify;\"><b>1999<\/b><\/p>\n<p style=\"text-align: justify;\">Bourgeade Pierre, ORLAN; ORLAN, Autohibridaci\u00f3n; Editions Al Dante, Romainville, Francia<\/p>\n<p style=\"text-align: justify;\">Roberto Jacobyn, ORLAN, Ediciones L&#8217;alliance<\/p>\n<p style=\"text-align: justify;\"><b>1998<\/b><\/p>\n<p style=\"text-align: justify;\">Bastille Marie-Jos\u00e9e, Gattinoni Christian, Lafargue Bernard, ORLAN, Pearl Lydie, Rieusset- Lemari\u00e9 Isabelle, Savary Jo\u00ebl; Une oeuvre d&#8217;ORLAN; Editions Muntaner, Collection Iconotexte, Marsella, Francia.<\/p>\n<p style=\"text-align: justify;\">Becce Sonia, Fran\u00e7ois Serge, Jacoby Roberto, ORLAN; Omnipr\u00e9sence; Editions Galerie d&#8217;art L&#8217;Alliance, Buenos Aires, Argentina<\/p>\n<p style=\"text-align: justify;\">Bernard Lafargue, ORLAN, Jo\u00ebl Savary, Une oeuvre d&#8217;ORLAN, Editions Muntaner<\/p>\n<p style=\"text-align: justify;\"><b>1997<\/b><\/p>\n<p style=\"text-align: justify;\">Alfano Miglietti Francesca, Caronia Antonio, Francalanci Ernesto L. , Ribettes Jean-Michel; cat\u00e1logo de la exposici\u00f3n ORLAN; Lattuada Studio, Mil\u00e1n, Italia<\/p>\n<p style=\"text-align: justify;\">ORLAN, Place St\u00e9phane; ORLAN, de L&#8217;Art charnel au Baiser de l&#8217;artiste; Editions Jean-Michel Place &amp; Fils, collection Sujet-Objet, Par\u00eds, Francia<\/p>\n<p style=\"text-align: justify;\"><b>1996<\/b><\/p>\n<p style=\"text-align: justify;\">Adams Parveen, Fran\u00e7ois Serge, Onfray Michel, Stone Rosanne Allucqu\u00e8re, Wilson Sarah; ORLAN: Ceci est mon corps, ceci est mon logiciel; Editions Black Dog limited, Londres, Reino Unido.<\/p>\n<p style=\"text-align: justify;\">Alfano Miglietti Francesca; ORLAN; EditionsVirus Production, Mil\u00e1n, Italia<\/p>\n<p style=\"text-align: justify;\">Bonito Oliva Achille, Ceysson Bernard, Di Marino Bruno, Fagone Vittorio, Karttunen Ulla, Perniola Mario; ORLAN 1964-1996; Editions Diagonale, Roma, Italia.<\/p>\n<p style=\"text-align: justify;\"><b>1994<\/b><\/p>\n<p style=\"text-align: justify;\">Donguy Jacques, Fabre Gladys, Gilbert-Laporte Dominique; Ska\u00ef y Sky, Vid\u00e9o; Editions Tierces, Par\u00eds, Francia<\/p>\n<p style=\"text-align: justify;\">Raffier Jo\u00ebl; L&#8217;Art Ushua\u00efa, L&#8217;extr\u00eame ORLAN; Gervais Lescure ou l&#8217;art somatique, Editions ACI, Auroville, India<\/p>\n<p style=\"text-align: justify;\"><b>1991<\/b><\/p>\n<p style=\"text-align: justify;\">Serres Michel, Le tiers-Instruit, Editions Bourin, p. 55<\/p>\n<p style=\"text-align: justify;\"><b>1990<\/b><\/p>\n<p style=\"text-align: justify;\">Ceysson Bernard, Savary Jo\u00ebl; ORLAN, la obra maestra definitiva. Les 20 ans de pub et de cin\u00e9ma de sainte ORLAN, cat\u00e1logo de exposici\u00f3n; Editions Centre d&#8217;Art contemporain de Basse- Normandie, H\u00e9rouville Saint-Clair, Francia<\/p>\n<p style=\"text-align: justify;\"><b>1986<\/b><\/p>\n<p style=\"text-align: justify;\">Fabre Gladys, Mignot Dorine; ORLAN. Revista en l\u00ednea Art Access; Editions Stedelijk Museum, \u00c1msterdam, Pa\u00edses Bajos<\/p>\n<p style=\"text-align: justify;\"><b>1984<\/b><\/p>\n<p style=\"text-align: justify;\">Donguy Jacques, Fabre Gladys, Gilbert-Laporte Dominique; Ska\u00ef and Sky; Vid\u00e9o, cat\u00e1logo de la exposici\u00f3n en la Galerie J. &amp; J. Donguy, Editions Tierces, Par\u00eds, Francia<\/p>\n<p style=\"text-align: justify;\"><b>1967<\/b><\/p>\n<p style=\"text-align: justify;\">Henri Simon Faure, ORLAN, Prosesies \u00e9crites, complicit\u00e9 picturale, Editions Lell Beahm<\/p>\n","protected":false},"excerpt":{"rendered":"<p>&nbsp; 2023 Olivier Pilcher, Marc Einsele, Val\u00e9rie Tougard, Julie Chazelle, Andrea Ram\u00ecrez Reyes,&#8220;GUERLAIN Une Ic\u00f4ne Imp\u00e9rial&#8221;, Editions Assouline 2023 Patricia Allmer, Elisabeth Bronfen, Christine Buci-Glucksmann, Else Marie Bukdahl, Sophie Duplaix, Donatien Grau, Jens Hauser, Roxana Marcoci, Catherine Millet, Camille Morineau, Catherine Morris, ORLAN, Gabriele Schor, &#8220;ORLAN SIX DECADES&#8221;, Editions Gabriele Schor &amp; Catherine Morris 2022 [&hellip;]<\/p>\n","protected":false},"author":1,"featured_media":0,"parent":19789,"menu_order":2,"comment_status":"open","ping_status":"open","template":"","meta":{"_eb_attr":"","_monsterinsights_skip_tracking":false,"_monsterinsights_sitenote_active":false,"_monsterinsights_sitenote_note":"","_monsterinsights_sitenote_category":0,"_s2mail":"","ngg_post_thumbnail":0,"footnotes":""},"class_list":["post-19679","page","type-page","status-publish","hentry"],"jetpack_sharing_enabled":true,"_links":{"self":[{"href":"https:\/\/www.orlan.eu\/es\/wp-json\/wp\/v2\/pages\/19679","targetHints":{"allow":["GET"]}}],"collection":[{"href":"https:\/\/www.orlan.eu\/es\/wp-json\/wp\/v2\/pages"}],"about":[{"href":"https:\/\/www.orlan.eu\/es\/wp-json\/wp\/v2\/types\/page"}],"author":[{"embeddable":true,"href":"https:\/\/www.orlan.eu\/es\/wp-json\/wp\/v2\/users\/1"}],"replies":[{"embeddable":true,"href":"https:\/\/www.orlan.eu\/es\/wp-json\/wp\/v2\/comments?post=19679"}],"version-history":[{"count":1,"href":"https:\/\/www.orlan.eu\/es\/wp-json\/wp\/v2\/pages\/19679\/revisions"}],"predecessor-version":[{"id":19790,"href":"https:\/\/www.orlan.eu\/es\/wp-json\/wp\/v2\/pages\/19679\/revisions\/19790"}],"up":[{"embeddable":true,"href":"https:\/\/www.orlan.eu\/es\/wp-json\/wp\/v2\/pages\/19789"}],"wp:attachment":[{"href":"https:\/\/www.orlan.eu\/es\/wp-json\/wp\/v2\/media?parent=19679"}],"curies":[{"name":"wp","href":"https:\/\/api.w.org\/{rel}","templated":true}]}}