{"id":19689,"date":"2010-03-25T14:00:54","date_gmt":"2010-03-25T14:00:54","guid":{"rendered":"https:\/\/www.orlan.eu\/filmografia-y-discografia\/"},"modified":"2024-03-14T13:47:28","modified_gmt":"2024-03-14T13:47:28","slug":"filmografia-y-discografia","status":"publish","type":"page","link":"https:\/\/www.orlan.eu\/es\/bio-biblio\/filmografia-y-discografia\/","title":{"rendered":"Filmograf\u00eda y discograf\u00eda"},"content":{"rendered":"<h2 style=\"text-align: right;\"><a href=\"http:\/\/www.orlan.eu\/wp-content\/uploads\/2016\/02\/CV-20161.pdf\"><span style=\"color: #800080;\">ORLAN CV COMPLETO<\/span><\/a><\/h2>\n<h3 style=\"text-align: right;\"><span style=\"color: #800080;\"><a style=\"color: #800080;\" href=\"#discography\"><em>Ir a Discograf\u00eda<\/em><\/a><\/span><\/h3>\n<h3><span style=\"color: #000000;\">FILMOGRAF\u00cdA<\/span><\/h3>\n<h4><span style=\"color: #000000;\"><b>Dirigida y producida por ORLAN<\/b><\/span><\/h4>\n<p><span style=\"color: #000000;\">&#8220;Experimental Game Play&#8221;, 4&#8217;42&#8221;, instalaci\u00f3n interactiva con pulseras Myo, 2015  <\/span><\/p>\n<p><span style=\"color: #000000;\">&#8220;Masques, \u00d3pera de Pek\u00edn, dise\u00f1os enfrentados y realidad aumentada&#8221;, videoproyecci\u00f3n, 2014  <\/span><\/p>\n<p><span style=\"color: #000000;\">&#8220;Hito(s) Mutante(s) 295&#8221;, v\u00eddeo, 2013  <\/span><\/p>\n<p><span style=\"color: #000000;\">&#8220;Libertad y dos pieles ORLAN-BODY&#8221;, 28&#8217;32&#8221;, v\u00eddeo 3D, 2013  <\/span><\/p>\n<p><span style=\"color: #000000;\">&#8220;Libertad despellejada tomando la posici\u00f3n de la Estatua de la Libertad&#8221;, 28&#8217;38&#8221;, v\u00eddeo 3D, 2013  <\/span><\/p>\n<p><span style=\"color: #000000;\">&#8220;Striptease de Bumpload de sus exploraciones&#8221;, 5&#8217;7&#8221; loop, v\u00eddeo 3D, 2013  <\/span><\/p>\n<p><span style=\"color: #000000;\">&#8220;MesuRAGE : Museo Andy Warhol, Pittsburg, EE.UU.&#8221;, 52&#8217;2&#8221;, v\u00eddeo, 2012  <\/span><\/p>\n<p><span style=\"color: #000000;\">&#8220;MesuRAGE : Museo de Arte Contempor\u00e1neo M HKA, Amberes, B\u00e9lgica&#8221;, 59&#8217;36&#8221;, v\u00eddeo, 2012<\/span><\/p>\n<p><span style=\"color: #000000;\">  &#8220;Asil \/ Exil&#8221;, 25&#8217;52&#8221;, v\u00eddeo, 2011, Producido con l&#8217;Ecole Nationale Sup\u00e9rieure des Arts Visuels de la Cambre, Bruselas, para la exposici\u00f3n &#8220;Est-ce que vous \u00eates Belge?&#8221; 1&#8217;52&#8221;<\/span><\/p>\n<p><span style=\"color: #000000;\">&#8220;ORLAN REMIX : Romain Gary, Costa-Gavras, Deleuze et Guattari&#8221;, 3&#8217;52&#8221;, v\u00eddeo, 2010, coproducido por Les Poissons Volants Production, efectos especiales de Aliocha Imhoff.<\/span><\/p>\n<p><span style=\"color: #000000;\">&#8220;No Comment&#8221;, 4&#8217;44&#8221;, videoproyecci\u00f3n en una pantalla con forma de cruz, 2009  <\/span><\/p>\n<p><span style=\"color: #000000;\">&#8220;Snake Boat&#8221;, 3&#8217;57&#8221;, v\u00eddeo, 2009  <\/span><\/p>\n<p><span style=\"color: #000000;\">&#8220;Dreamcatcher in Hopi&#8217;s Area&#8221;, 7&#8217;10&#8221;, v\u00eddeo, 2008, coproducido con M\u00e9moires Actives<\/span><\/p>\n<p><span style=\"color: #000000;\">&#8220;Harlequin&#8217;s Coat, Perth, Australia&#8221;, 29&#8217;40&#8221;, v\u00eddeo, 2008, Dirigido con Steven Hughes Coproducido con Sensimilla Productions.<\/span><\/p>\n<p><span style=\"color: #000000;\">&#8220;Secularismo \/ Sutura&#8221;, 24&#8217;30&#8221;, v\u00eddeo, 2007<\/span><\/p>\n<p><span style=\"color: #000000;\">&#8220;Aunque&#8230; s\u00ed pero&#8230;&#8221;, 29&#8217;59&#8221;, v\u00eddeo, 2003  <\/span><\/p>\n<p><span style=\"color: #000000;\">&#8220;Omnipresencia&#8221;, 82&#8217;51&#8221;, v\u00eddeo, 1993  <\/span><\/p>\n<p><span style=\"color: #000000;\">&#8220;Operaci\u00f3n \u00d3pera&#8221;, 9&#8217;11&#8221;, v\u00eddeo, 8 de diciembre de 1991  <\/span><\/p>\n<p><span style=\"color: #000000;\">&#8220;Successful Operation&#8221;, 9&#8217;13&#8221;, v\u00eddeo, 6 de julio de 1991  <\/span><\/p>\n<p><span style=\"color: #000000;\">&#8220;Aparici\u00f3n y gloria de Sainte-ORLAN&#8221;, 4&#8217;49&#8221;, v\u00eddeo, 1986  <\/span><\/p>\n<p><span style=\"color: #000000;\">&#8220;Sainte-ORLAN y los viejos&#8221;, 9&#8217;27&#8221;, v\u00eddeo, 1984  <\/span><\/p>\n<p><span style=\"color: #000000;\">&#8220;Puesta en escena para una gran FIAT&#8221;, 21&#8217;31&#8221;, v\u00eddeo, 1982, Producido por el Centre d&#8217;Action Culturelle de Montb\u00e9liard<\/span><\/p>\n<p><span style=\"color: #000000;\">&#8220;MesuRAGE : St Pierre, Lyon, Francia&#8221;, 17&#8217;40&#8221;, v\u00eddeo, 1979<\/span><\/p>\n<h4><span style=\"color: #000000;\"><b>Con ORLAN<\/b><\/span><\/h4>\n<p><span style=\"color: #000000;\"><b>2015<\/b><\/span><\/p>\n<p><span style=\"color: #000000;\">Giampiero d&#8217;Angeli, &#8220;ORLAN, Corps, m\u00e9dias et technologies&#8221;, Mooc Digital Media, 6 cap\u00edtulos de enero de 2015.<\/span><\/p>\n<p><span style=\"color: #000000;\"><b>2013<\/b><\/span><\/p>\n<p><span style=\"color: #000000;\">Decryptcult #2, &#8220;Interrogando fronteras: hibridaci\u00f3n y arte corporal&#8221;, octubre de 2013, 24&#8217;40<\/span><\/p>\n<p><span style=\"color: #000000;\"><b>2012<\/b><\/span><\/p>\n<p><span style=\"color: #000000;\">Cultura de la belleza: Annenberg Space For Photography<\/span><\/p>\n<p><span style=\"color: #000000;\">&#8220;ORLAN, et la chair se fait verbe&#8221; Dirigida por Fanny Dal magro, Producci\u00f3n: Mosa\u00efque Films 52&#8242;<\/span><\/p>\n<p><span style=\"color: #000000;\">&#8220;L&#8217;artiste et son autoportrait\/Das Selbtsportr\u00e4t in der Kunst (3\/3)&#8221; para Arte (Francia\/Alemania), dirigido por Sabine Willkop, Emitido el 30 de enero de 2012, 25&#8217;38&#8221;<\/span><\/p>\n<p><span style=\"color: #000000;\"><b>2011<\/b><\/span><\/p>\n<p><span style=\"color: #000000;\">&#8220;Par\u00eds-Delhi-Bombay&#8230;: &#8216;Draps-peaux hybrid\u00e9s'&#8221; entrevista de Le Centre Pompidou, 5&#8217;45&#8221;  <\/span><\/p>\n<p><span style=\"color: #000000;\">&#8220;ORLAN&#8221;, Producci\u00f3n: Art &#8211; Tendance &#8211; People Misteremma 3&#8217;27&#8221;<\/span><\/p>\n<p><span style=\"color: #000000;\">&#8220;Fig Leaf, The Biggest Cover-Up in History&#8221;, por Rosie Schellenberg, para la BBC4 Productora: Rosie Schellenberg; Productor Ejecutivo: Jonty Claypole, Escritor y Presentador: Stephen Smith, 1&#8217;09&#8221;<\/span><\/p>\n<p><span style=\"color: #000000;\"><b>2010<\/b><\/span><\/p>\n<p><span style=\"color: #000000;\">&#8220;Un Oeil entre Art Num\u00e9rique et Science&#8221;, de Laurence Scarbonchi Coproducci\u00f3n: Chromatiques, Cap Canal, Universit\u00e9 de Lyon 52&#8217;07&#8221;<\/span><\/p>\n<p><span style=\"color: #000000;\"><b>2009<\/b><\/span><\/p>\n<p><span style=\"color: #000000;\">&#8220;De la condition f\u00e9minine en milieu artistique&#8221; de Lo\u00efc Connanski coproducido por Les Programmes Courts &amp; Cr\u00e9ations\/Canal + 30&#8242;.<\/span><\/p>\n<p><span style=\"color: #000000;\">&#8220;elles@centrepompidou : ORLAN&#8221; de Axel Cevenot, coproducci\u00f3n Centre Pompidou, D\u00e9l\u00e9gation \u00e0 l&#8217;action culturelle audiovisuelle &amp; Ina, Direction de la production et de l&#8217;\u00e9dition, 1&#8217;30&#8221;<\/span><\/p>\n<p><span style=\"color: #000000;\">&#8220;Fabricaci\u00f3n de pinceles de escultura Prototipo lumineux n\u00b01 Serie Bump Load&#8221;, coproducido por Le Conseil G\u00e9n\u00e9ral du Val d&#8217;Oise, L&#8217;Abbaye de Maubuisson y Centre National des Arts Plastique<\/span><\/p>\n<p><span style=\"color: #000000;\"><b>2004<\/b><\/span><\/p>\n<p><span style=\"color: #000000;\">ORLAN, rodaje en el Centro Nacional de Fotograf\u00eda (CNP) de Par\u00eds.<\/span><\/p>\n<p><span style=\"color: #000000;\">Entrevistas con Bernard Blist\u00e8ne, Christine Buci-Glucksmann, R\u00e9gis Durand, Robert Fleck, Jean-Hubert Martin y Jean-Fran\u00e7ois Taddei sobre el trabajo de ORLAN.<\/span><\/p>\n<p><span style=\"color: #000000;\">Entrevista de ORLAN en el CCC de Tours. Creativtv, Documental<\/span><\/p>\n<p><span style=\"color: #000000;\"><b>2002<\/b><\/span><\/p>\n<p><span style=\"color: #000000;\">&#8220;ORLAN, Arte Carnal&#8221;, Director Stephan Oriach, Myriapodus Films &#8211; Centre Georges Pompidou &#8211; Minist\u00e8re de la Culture (DAP) Pel\u00edcula 35 mm, doc. 75&#8242;<\/span><\/p>\n<p><span style=\"color: #000000;\"><b>1995<\/b><\/span><\/p>\n<p><span style=\"color: #000000;\">Synthetic Pleasures, Nueva York, EE.UU. Directora Iara Lee, 16 mm<\/span><\/p>\n<p><span style=\"color: #000000;\"><b>1993<\/b><\/span><\/p>\n<p><span style=\"color: #000000;\">&#8220;Donne dell&#8217;altro mondo&#8221;, Pel\u00edcula de Marisa laurito y Roberto Ferrante, Realizaci\u00f3n Giampiero Ricci Producci\u00f3n franco-italiana, 1993  <\/span><\/p>\n<p><span style=\"color: #000000;\"><b>1990<\/b><\/span><\/p>\n<p><span style=\"color: #000000;\">&#8220;Les films d&#8217;ici Productions&#8221;, pel\u00edcula de Emilio Pacull, emitida en 1990<\/span><\/p>\n<p><span style=\"color: #000000;\"><b>1980<\/b><\/span><\/p>\n<p><span style=\"color: #000000;\">&#8220;Vierge Noire&#8221; (Virgen Negra) Pel\u00edcula de Jean Dupuis 16 mm B\/N, 12&#8242;.<\/span><\/p>\n<h3> <a id=\"discography\"><\/a><\/h3>\n<h3><span style=\"color: #000000;\">DISCOGRAF\u00cdA<\/span><\/h3>\n<p><span style=\"color: #000000;\">Las &#8220;postales sonoras&#8221; de ORLAN han aparecido en el programa de radio &#8220;Musique d&#8217;avenir&#8221; de Anne Gillot, producido por la radio RTS Espace 2 (Francia).<\/span><\/p>\n<p><span style=\"color: #000000;\">Las &#8220;postales sonoras&#8221; de ORLAN tambi\u00e9n aparecieron en el acto de Mamco con motivo del 1.000.050 aniversario del arte.  <\/span><\/p>\n<p><span style=\"color: #000000;\">Polo Xur, Polo Xur, entrevista ORLAN featuring ORLAN, grabaci\u00f3n mono f\u00f3nico, Argentina, 2013.<\/span><\/p>\n<p><span style=\"color: #000000;\">Voz original en el espect\u00e1culo Le Baiser de l&#8217;artiste, (Grand Palais, Par\u00eds, 1977). Digital being (videograbaci\u00f3n): identity, British Broadcasting Corporation, U. K. , 2002<\/span><\/p>\n<p><span style=\"color: #000000;\">Participaci\u00f3n en el CD colectivo<\/span><\/p>\n<p><span style=\"color: #000000;\">Top100 vol. 5 en Artissima Social Club, un proyecto de Davide Bertocchi, Tur\u00edn, Italia, 2011 Festival X de \u00c1msterdam, Pa\u00edses Bajos, 1998<\/span><\/p>\n<p><span style=\"color: #000000;\">Estaci\u00f3n Mir, opereta de artistas. Fractal Musik n\u00b02, Francia, 1998<\/span><\/p>\n<p><span style=\"color: #000000;\">&#8220;This is my body. . . this is my software&#8221;, Black Dog Publishing, Oxford, 2002, Adams Parveen, Vicki Berger e Isabel Vasseur, reimpresi\u00f3n con introducci\u00f3n de David Cronenberg y Serge Gr\u00fcnberg. Edici\u00f3n biling\u00fce franc\u00e9s-ingl\u00e9s.<\/span><\/p>\n<p><span style=\"color: #000000;\">La edici\u00f3n de 1994 con CD-Rom ya no est\u00e1 disponible<\/span><\/p>\n<p><span style=\"color: #000000;\">Plano de la pel\u00edcula, Secuencia 1.<\/span><\/p>\n<p><span style=\"color: #000000;\">Laurent Cauwet-Al Dante, Romainville, 2001<\/span><\/p>\n<p><span style=\"color: #000000;\">\u00a1Gui\u00f3n de Jean-Pierre Rehm, con un CD de audio &#8220;Ciao! Manhattan&#8221; del grupo Tanger y letra de Serge Quadruppani.<\/span><\/p>\n<p><span style=\"color: #000000;\">MAC\/VAL Mus\u00e9e d&#8217;Art Contemporain Du Val-De-Marne, Cd-ROM, Colecci\u00f3n del museo<\/span><\/p>\n<p><span style=\"color: #000000;\">&#8220;ORLAN, Monograf\u00eda multimedia&#8221;, Editions Jeriko, Par\u00eds, 2000, Fotos, v\u00eddeos, entrevistas y textos de Marc Partouche, Carole Boulb\u00e8s, Gladys Fabre, Jean- Michel Ribettes, Norbert Hillaire, Hugues Marchal, Jean-Pierre Nouhaud, ORLAN, Biling\u00fce franc\u00e9s-ingl\u00e9s.<\/span><\/p>\n<p><span style=\"color: #000000;\">Exog\u00e8ne, Centro de Arte Nikolaj Church, Copenhague, 1997, Dinamarca,<\/span><\/p>\n<p><span style=\"color: #000000;\">CD-ROM del cat\u00e1logo de la Biennale d&#8217;Art Contemporain de Lyon, 1996, Francia<\/span><\/p>\n<p><span style=\"color: #000000;\">Revista Artifice, CD-ROM n\u00ba 2<\/span><\/p>\n<p><span style=\"color: #000000;\">Black Dog Publishing, Oxford, 1995, Reino Unido<\/span><\/p>\n<p><span style=\"color: #000000;\">Eva. Multimedia en el mundo real<\/span><\/p>\n<p><span style=\"color: #000000;\">ORLAN aparece como invitado de Peter Gabriel, 1994, Reino Unido<\/span><\/p>\n<p><span style=\"color: #000000;\">Para todos los milagros consulte mis tarifas<\/span><\/p>\n<p><span style=\"color: #000000;\">Im\u00e1genes de la instalaci\u00f3n mostrada por primera vez en el Centro Georges Pompidou para La Revue Parl\u00e9e, Par\u00eds, Francia<\/span><\/p>\n<p><span style=\"color: #000000;\">Motor de b\u00fasqueda: Picts\/New Picts, y Faces<\/span><\/p>\n<p><span style=\"color: #000000;\">&#8221; Edici\u00f3n po\u00e9tica virtual sobre la serie Autohibridaci\u00f3n, dirigida por ORLAN<\/span><\/p>\n<p><span style=\"color: #000000;\">Grabaciones en vinilo<\/span><\/p>\n<p><span style=\"color: #000000;\">Festival de espect\u00e1culos &#8220;Lantaren&#8221; en Rotterdam, Pa\u00edses Bajos<\/span><\/p>\n<p><span style=\"color: #000000;\">&#8220;La Madone au Minitel ou les chiens ram\u00e8nent des puce&#8221;. Direcci\u00f3n ORLAN para Canal +, Audio Records Inter, 1985<\/span><\/p>\n","protected":false},"excerpt":{"rendered":"<p>ORLAN CV COMPLETO Ir a Discograf\u00eda FILMOGRAF\u00cdA Dirigida y producida por ORLAN &#8220;Experimental Game Play&#8221;, 4&#8217;42&#8221;, instalaci\u00f3n interactiva con pulseras Myo, 2015 &#8220;Masques, \u00d3pera de Pek\u00edn, dise\u00f1os enfrentados y realidad aumentada&#8221;, videoproyecci\u00f3n, 2014 &#8220;Hito(s) Mutante(s) 295&#8221;, v\u00eddeo, 2013 &#8220;Libertad y dos pieles ORLAN-BODY&#8221;, 28&#8217;32&#8221;, v\u00eddeo 3D, 2013 &#8220;Libertad despellejada tomando la posici\u00f3n de la Estatua [&hellip;]<\/p>\n","protected":false},"author":1,"featured_media":0,"parent":19789,"menu_order":7,"comment_status":"open","ping_status":"closed","template":"","meta":{"_eb_attr":"","_monsterinsights_skip_tracking":false,"_monsterinsights_sitenote_active":false,"_monsterinsights_sitenote_note":"","_monsterinsights_sitenote_category":0,"_s2mail":"","ngg_post_thumbnail":0,"footnotes":""},"class_list":["post-19689","page","type-page","status-publish","hentry"],"jetpack_sharing_enabled":true,"_links":{"self":[{"href":"https:\/\/www.orlan.eu\/es\/wp-json\/wp\/v2\/pages\/19689","targetHints":{"allow":["GET"]}}],"collection":[{"href":"https:\/\/www.orlan.eu\/es\/wp-json\/wp\/v2\/pages"}],"about":[{"href":"https:\/\/www.orlan.eu\/es\/wp-json\/wp\/v2\/types\/page"}],"author":[{"embeddable":true,"href":"https:\/\/www.orlan.eu\/es\/wp-json\/wp\/v2\/users\/1"}],"replies":[{"embeddable":true,"href":"https:\/\/www.orlan.eu\/es\/wp-json\/wp\/v2\/comments?post=19689"}],"version-history":[{"count":1,"href":"https:\/\/www.orlan.eu\/es\/wp-json\/wp\/v2\/pages\/19689\/revisions"}],"predecessor-version":[{"id":19795,"href":"https:\/\/www.orlan.eu\/es\/wp-json\/wp\/v2\/pages\/19689\/revisions\/19795"}],"up":[{"embeddable":true,"href":"https:\/\/www.orlan.eu\/es\/wp-json\/wp\/v2\/pages\/19789"}],"wp:attachment":[{"href":"https:\/\/www.orlan.eu\/es\/wp-json\/wp\/v2\/media?parent=19689"}],"curies":[{"name":"wp","href":"https:\/\/api.w.org\/{rel}","templated":true}]}}