{"id":19690,"date":"2010-03-19T18:19:13","date_gmt":"2010-03-19T18:19:13","guid":{"rendered":"https:\/\/www.orlan.eu\/contacto\/"},"modified":"2010-03-19T18:19:13","modified_gmt":"2010-03-19T18:19:13","slug":"contacto","status":"publish","type":"page","link":"https:\/\/www.orlan.eu\/es\/contacto\/","title":{"rendered":"CONTACTO"},"content":{"rendered":"<h3><span style=\"font-size: small;\"><strong><span class=\"txtgris\"><a href=\"http:\/\/www.orlan.eu\/5392-2\/\">\u00a1MANT\u00c9NGASE AL D\u00cdA CON LAS NOTICIAS DE ORLAN !<\/a><\/span><\/strong><\/span><\/h3>\n<p><span class=\"txtgris\">Para suscribirse a su bolet\u00edn, rellene el bloque del men\u00fa de la izquierda con su direcci\u00f3n de correo electr\u00f3nico.<\/span><\/p>\n<p>&nbsp;<\/p>\n<h3><strong>PARA CONTACTAR CON ORLAN :<\/strong><\/h3>\n<p><a style=\"text-decoration: none;\" href=\"mailto:orlanstudio@gmail.com\" target=\"_blank\" rel=\"noopener\"><span class=\"txtviolet\">orlanstudio@gmail.com<\/span><\/a><\/p>\n<p>&nbsp;<\/p>\n<p><strong>FACEBOOK: <a href=\"https:\/\/www.facebook.com\/ORLANofficiel\/\">https:\/\/www.facebook.com\/ORLANofficiel\/<\/a><\/strong><\/p>\n<p><strong>INSTAGRAM: <a href=\"https:\/\/www.instagram.com\/orlanofficial\/\">https:\/\/www.instagram.com\/orlanofficial\/<\/a><\/strong><\/p>\n<p>&nbsp;<\/p>\n<p>Las obras y fotograf\u00edas de ORLAN est\u00e1n <strong>protegidas por<\/strong> <a style=\"text-decoration: none;\" href=\"http:\/\/www.adagp.fr\/FR\/static_index.php\" target=\"_blank\" rel=\"noopener\"><br \/>\n  <span class=\"txtviolet\">ADAGP<\/span><br \/>\n<\/a>.<\/p>\n<p>Salvo autorizaci\u00f3n excepcional por escrito de ORLAN,<br \/>\n<strong>tienes que pagar los derechos de autor<\/strong> para usar o publicar sus fotos.<\/p>\n<p>&nbsp;<\/p>\n<h3><strong>ORLAN EST\u00c1 REPRESENTADO POR :<\/strong><\/h3>\n<p><a href=\"http:\/\/michelrein.com\/en\/artistes\/expositions\/12\/%20ORLAN\" target=\"_blank\" rel=\"noopener\"><img data-recalc-dims=\"1\" loading=\"lazy\" decoding=\"async\" src=\"https:\/\/i0.wp.com\/www.orlan.net\/images\/logos\/logo-michelrein.jpg?resize=150%2C18\" alt=\"\" width=\"150\" height=\"18\" border=\"0\"><\/a><\/p>\n<p>42 rue de Turenne, FR-75003 Par\u00eds |Tel : +33 1 42 72 68 13 |E-mail <a style=\"text-decoration: none;\" href=\"mailto:galerie@michelrein.com\"><br \/>\n  <span class=\"txtviolet\">correo electr\u00f3nico<\/span><br \/>\n<\/a><\/p>\n<p>______________________________________________________<\/p>\n<p><a href=\"http:\/\/www.prometeogallery.com\/orlan\/\" target=\"_blank\" rel=\"noopener\"><img data-recalc-dims=\"1\" loading=\"lazy\" decoding=\"async\" src=\"https:\/\/i0.wp.com\/www.orlan.net\/images\/logos\/logo-prometeo.png?resize=60%2C58\" alt=\"\" width=\"60\" height=\"58\" border=\"0\"><\/a><\/p>\n<p>Galer\u00eda Prometeo de Ida Pisani<br \/>\nVia Giovanni Ventura, 3<br \/>\n20134 Milano, Italia<br \/>\nTel\/Fax : +39 0226924450 | <a style=\"text-decoration: none;\" href=\"mailto:info@prometeogallery.com\"><br \/>\n  <span class=\"txtviolet\">correo electr\u00f3nico<\/span><br \/>\n<\/a><\/p>\n<p>______________________________________________________<\/p>\n<p><a href=\"http:\/\/www.galeriehelenelamarque.com\/orlan_miami.html\" target=\"_blank\" rel=\"noopener\"><img data-recalc-dims=\"1\" decoding=\"async\" src=\"https:\/\/i0.wp.com\/www.orlan.net\/images\/logos\/logo-helene_lamarque.jpg\" alt=\"\"><\/a><\/p>\n<p>125 NW 23rd Street<br \/>\nMiami FL 33127<br \/>\nTel.: +1 305 582 60 67 \/ +1 305 576 60 95 <a style=\"text-decoration: none;\" href=\"mailto:miami@galeriehelenelamarque.com\"><br \/>\n  <span class=\"txtviolet\">correo electr\u00f3nico<\/span><br \/>\n<\/a><\/p>\n<p>&nbsp;<\/p>\n<p>LAS OBRAS DE ORLAN TAMBI\u00c9N EST\u00c1N DISPONIBLES EN :<\/p>\n<p>&nbsp;<\/p>\n<p>Galer\u00eda Axel Vervoordt<br \/>\nAmberes (B\u00e9lgica) +32 477 88 80 60 <a style=\"text-decoration: none;\" href=\"mailto:info@axelvervoordtgallery.com\"><br \/>\n  <span class=\"txtviolet\">correo electr\u00f3nico<\/span><br \/>\n<\/a><\/p>\n<p>______________________________________________________<\/p>\n<p><a href=\"http:\/\/www.guypietersgallery.com\/fr\/knokke-kustlaan\" target=\"_blank\" rel=\"noopener\"><img data-recalc-dims=\"1\" loading=\"lazy\" decoding=\"async\" src=\"https:\/\/i0.wp.com\/www.gallery-locator.com\/logos\/4\/8\/4\/1\/1484\/logo_1484.jpg?resize=150%2C35\" alt=\"\" width=\"150\" height=\"35\" border=\"0\"><\/a><\/p>\n<p>Knokke-Heist, B\u00e9lgica +32 50 612 800 <a style=\"text-decoration: none;\" href=\"mailto:knokke@guypietersgallery.com\"><br \/>\n  <span class=\"txtviolet\">correo electr\u00f3nico<\/span><br \/>\n<\/a><br \/>\n______________________________________________________<\/p>\n<p><a href=\"http:\/\/www.stuxgallery.com\/site\/\" target=\"_blank\" rel=\"noopener\"><img data-recalc-dims=\"1\" loading=\"lazy\" decoding=\"async\" src=\"https:\/\/i0.wp.com\/www.orlan.net\/images\/logos\/logo-stux.jpg?resize=123%2C18\" alt=\"\" width=\"123\" height=\"18\" border=\"0\"><\/a><\/p>\n<p>Nueva York, EE.UU. +1 212 352 1600 <a style=\"text-decoration: none;\" href=\"mailto:stux@stuxgallery.com\"><br \/>\n  <span class=\"txtviolet\">correo electr\u00f3nico<\/span><br \/>\n<\/a><\/p>\n<p>Galerie ferm\u00e9e | Galer\u00eda cerrada<\/p>\n<p>______________________________________________________<\/p>\n<p><a href=\"http:\/\/www.acegallery.net\/live.php\" target=\"_blank\" rel=\"noopener\"><img data-recalc-dims=\"1\" loading=\"lazy\" decoding=\"async\" src=\"https:\/\/i0.wp.com\/www.orlan.net\/images\/logos\/ace%20logo.jpg?resize=67%2C28\" alt=\"\" width=\"67\" height=\"28\" border=\"0\"><\/a><br \/>\nLos \u00c1ngeles, EE.UU. | +1 323 935 4411 <span class=\"txtviolet\"><br \/>\n  <a style=\"text-decoration: none;\" href=\"mailto:acegallery@acegallery.net\"><br \/>\n    <span class=\"txtviolet\">correo electr\u00f3nico<\/span><br \/>\n  <\/a><br \/>\n<\/span><\/p>\n<p>______________________________________________________<\/p>\n<p><a href=\"http:\/\/www.sejul.com\/index.htm\" target=\"_blank\" rel=\"noopener\"><img data-recalc-dims=\"1\" loading=\"lazy\" decoding=\"async\" src=\"https:\/\/i0.wp.com\/www.orlan.net\/images\/logos\/logo-sejul.jpg?resize=150%2C22\" alt=\"\" width=\"150\" height=\"22\" border=\"0\"><\/a><\/p>\n<p>Se\u00fal, Corea | +82 2 391 9171 <a style=\"text-decoration: none;\" href=\"mailto:sejulgallery@yahoo.co.kr\"><br \/>\n  <span class=\"txtviolet\">correo electr\u00f3nico<\/span><br \/>\n<\/a><\/p>\n<p>______________________________________________________<\/p>\n<p><a href=\"http:\/\/www.holmesacourtgallery.com.au\/\" target=\"_blank\" rel=\"noopener\"><img data-recalc-dims=\"1\" loading=\"lazy\" decoding=\"async\" src=\"https:\/\/i0.wp.com\/www.orlan.net\/images\/logos\/logo-holmes.jpg?resize=150%2C35\" alt=\"\" width=\"150\" height=\"35\" border=\"2\"><\/a><\/p>\n<p>Perth (Australia) +61 8 9218 4540 <a style=\"text-decoration: none;\" href=\"mailto:hacgallery@heytesbury.com.au\"><br \/>\n  <span class=\"txtviolet\">correo electr\u00f3nico<\/span><br \/>\n<\/a><br \/>\n______________________________________________________<\/p>\n<p>&nbsp;<\/p>\n<p>Las <strong>im\u00e1genes<\/strong> de ORLAN son distribuidas por<\/p>\n<p>Estudio ORLAN : <a style=\"text-decoration: none;\" href=\"mailto:orlanstudio@gmail.com\" target=\"_blank\" rel=\"noopener\"><br \/>\n  <span class=\"txtviolet\">correo electr\u00f3nico<\/span><br \/>\n<\/a><a class=\"txt\" href=\"mailto:orlanstudio@gmail.com\" target=\"_blank\" rel=\"noopener\"><br \/>\n<\/a><a class=\"txt\" style=\"text-decoration: none;\" href=\"http:\/\/www.michelrein.com\/Artist.php?Artist=ORLAN\">Galer\u00eda Michel Rein<\/a>: +33 1 42 72 68 13 | <a class=\"txt\" style=\"text-decoration: none;\" href=\"http:\/\/www.michelrein.com\/Artist.php?Artist=ORLAN\">Galer\u00eda Michel Rein<\/a>: +33 1 42 72 68 13 | <a class=\"txt\" style=\"text-decoration: none;\" href=\"http:\/\/www.michelrein.com\/Artist.php?Artist=ORLAN\">Galer\u00eda Michel Rein<\/a>: +33 1 42 72 68 13 | <a class=\"txt\" style=\"text-decoration: none;\" href=\"http:\/\/www.michelrein.com\/Artist.php?Artist=ORLAN\">Galerie Michel Rein<\/a> <a class=\"txt\" href=\"http:\/\/www.sipa.com\/index_fr.html\" target=\"_blank\" rel=\"noopener\"> <span class=\"txtviolet\">correo electr\u00f3nico<\/span><\/a><br \/>\n <a class=\"txt\" href=\"http:\/\/www.sipa.com\/index_fr.html\" target=\"_blank\" rel=\"noopener\"> Sipa Press<\/a> (excepto para fotograf\u00eda art\u00edstica) : +33 1 47 43 47 43 | <a style=\"text-decoration: none;\" href=\"mailto:info@sipa.com\"><br \/>\n  <span class=\"txtviolet\">correo electr\u00f3nico<\/span><br \/>\n<\/a><\/p>\n<p>&nbsp;<\/p>\n<p>Los <strong>v\u00eddeos<\/strong> de ORLAN son distribuidos por<\/p>\n<p>Estudio ORLAN : <a style=\"text-decoration: none;\" href=\"mailto:orlanstudio@gmail.com\"><br \/>\n  <span class=\"txtviolet\">correo electr\u00f3nico<\/span><br \/>\n<\/a><br \/>\nPara subtitular : <a style=\"text-decoration: none;\" href=\"http:\/\/www.lepeuplequimanque.org\/\" target=\"_blank\" rel=\"noopener\"><br \/>\n  <span class=\"txtviolet\">Los desaparecidos<\/span><br \/>\n<\/a><span class=\"txtviolet\" style=\"text-decoration: none;\"><a style=\"text-decoration: none;\" href=\"mailto:lepeuplequimanque@gmail.com\">(email<\/a>)<\/span><\/p>\n","protected":false},"excerpt":{"rendered":"<p>\u00a1MANT\u00c9NGASE AL D\u00cdA CON LAS NOTICIAS DE ORLAN ! Para suscribirse a su bolet\u00edn, rellene el bloque del men\u00fa de la izquierda con su direcci\u00f3n de correo electr\u00f3nico. &nbsp; PARA CONTACTAR CON ORLAN : orlanstudio@gmail.com &nbsp; FACEBOOK: https:\/\/www.facebook.com\/ORLANofficiel\/ INSTAGRAM: https:\/\/www.instagram.com\/orlanofficial\/ &nbsp; Las obras y fotograf\u00edas de ORLAN est\u00e1n protegidas por ADAGP . Salvo autorizaci\u00f3n excepcional [&hellip;]<\/p>\n","protected":false},"author":1,"featured_media":0,"parent":0,"menu_order":11,"comment_status":"open","ping_status":"open","template":"","meta":{"_eb_attr":"","_monsterinsights_skip_tracking":false,"_monsterinsights_sitenote_active":false,"_monsterinsights_sitenote_note":"","_monsterinsights_sitenote_category":0,"_s2mail":"","ngg_post_thumbnail":0,"footnotes":""},"class_list":["post-19690","page","type-page","status-publish","hentry"],"jetpack_sharing_enabled":true,"_links":{"self":[{"href":"https:\/\/www.orlan.eu\/es\/wp-json\/wp\/v2\/pages\/19690","targetHints":{"allow":["GET"]}}],"collection":[{"href":"https:\/\/www.orlan.eu\/es\/wp-json\/wp\/v2\/pages"}],"about":[{"href":"https:\/\/www.orlan.eu\/es\/wp-json\/wp\/v2\/types\/page"}],"author":[{"embeddable":true,"href":"https:\/\/www.orlan.eu\/es\/wp-json\/wp\/v2\/users\/1"}],"replies":[{"embeddable":true,"href":"https:\/\/www.orlan.eu\/es\/wp-json\/wp\/v2\/comments?post=19690"}],"version-history":[{"count":0,"href":"https:\/\/www.orlan.eu\/es\/wp-json\/wp\/v2\/pages\/19690\/revisions"}],"wp:attachment":[{"href":"https:\/\/www.orlan.eu\/es\/wp-json\/wp\/v2\/media?parent=19690"}],"curies":[{"name":"wp","href":"https:\/\/api.w.org\/{rel}","templated":true}]}}