{"id":19787,"date":"2010-03-19T18:17:08","date_gmt":"2010-03-19T18:17:08","guid":{"rendered":"https:\/\/www.orlan.eu\/exposiciones\/"},"modified":"2010-03-19T18:17:08","modified_gmt":"2010-03-19T18:17:08","slug":"exposiciones","status":"publish","type":"page","link":"https:\/\/www.orlan.eu\/es\/exposiciones\/","title":{"rendered":"EXPOSICIONES"},"content":{"rendered":"<h2><strong>PRINCIPALES RETROSPECTIVAS<\/strong><\/h2>\n<p><strong>Se han dedicado varias retrospectivas a ORLAN:<\/strong><\/p>\n<p>Maison Europ\u00e9enne de la Photographie, ORLAN EN CAPITALES, comisariada por J\u00e9rome Neutres (2017)<\/p>\n<p>Museo de Arte Sungkok, Retrospectiva ORLAN-Techno-Body en Se\u00fal (Rep\u00fablica de Corea), comisariada por Soukyoun Lee (2016).<\/p>\n<p>FRAC Basse-Normandie e Iglesia Saint-Sauveur, ORLAN HOY en Caen (Francia), comisariada por Sylvie Froux (2016).<\/p>\n<p>Museo de Antioquia, ORLAN \/ Arte Carnal y cuerpo en questi\u00f3n en Medell\u00edn (Colombia) comisariado por Ricardo Arcos-Palma (2012)<\/p>\n<p>Museo de Arte Moderno de Bogot\u00e1, ORLAN \/ Hibridaciones y Refiguraciones, comisariado por Ricardo Arcos-Palma (2012)<\/p>\n<p>Museum van Hedendaagse Kunst, M HKA,&nbsp;MesuRages (1968-2012) Acci\u00f3n: ORLAN-body en Amberes (B\u00e9lgica) comisariada por Bart de Baere (2012)<\/p>\n<p>Prometeogallery di Ida Pisani en Mil\u00e1n y Lucca (Italia), comisariada por Eugenio Viola (2010).<\/p>\n<p>Tallina Kunstihoone en Tallin (Estonia), comisariada por Eugenio Viola (2008).<\/p>\n<p>Museo de Arte Moderno de Saint-\u00c9tienne (Francia), comisariado por Lorand Hegyi (2007).<\/p>\n<p>CCC (Centre de Cr\u00e9ation Contemporaine) de Tours (Francia), comisariada por Alain Julien-Laferri\u00e8re (2004).<\/p>\n<p>Centre National de la Photographie de Par\u00eds (Francia), comisariada por Regis Durand, asistido por Claire Guezengar (2004).<\/p>\n<p>FRAC (Fond R\u00e9gional d&#8217;Art Contemporain) Pays de la Loire (Francia), comisariada por Jean Fran\u00e7ois Taddei (2002).<\/p>\n<p>Centro de Fotograf\u00eda de Salamanca y Centro-Museo Vasco de Arte Contempor\u00e1neo Artium Artium de Victoria (Espa\u00f1a), comisariada por Olga Guinot y Jan Guardiola (2002).<\/p>\n<h2><strong>BIENALES<\/strong><\/h2>\n<p><strong>La obra de ORLAN ha participado en varias Bienales de Arte Contempor\u00e1neo:<\/strong><\/p>\n<p><span style=\"font-weight: 400;\">En Venecia, en la Bienal Internacional de Arte de Venecia (2022)  <\/span><\/p>\n<p>En Pek\u00edn, ORLAN representa a Francia en el Pabell\u00f3n Europeo de la Bienal de Pek\u00edn (2022)<\/p>\n<p>En Pakist\u00e1n, en la Bienal de Karachi (2017);<\/p>\n<p>En Per\u00fa en la Bienal de Lima (2016);<\/p>\n<p>En Senegal en la Bienal de Dakar (2016);<\/p>\n<p>En Mali, en la Bienal de Bamako (2015);<\/p>\n<p>En Italia, en la Bienal de Venecia (1986, 1993, 1997, 2007, 2009, 2013);<\/p>\n<p>En Grecia, en la Bienal de Sal\u00f3nica (2011);<\/p>\n<p>En Rusia, en la Bienal de Mosc\u00fa (2004, 2009);<\/p>\n<p>En Polonia, en la Bienal de Poznan (2008);<\/p>\n<p>En Corea del Sur, en la Bienal de Busan (2016, 2008) y en la Bienal de Changwon (2016);<\/p>\n<p>In Australie en la Bienal de S\u00eddney (1992); Bienal de Artes Electr\u00f3nicas Perth Stillness (2007);<\/p>\n<p>En Espa\u00f1a, en la Bienal de Valencia (2003);<\/p>\n<p>En Turqu\u00eda, en la Bienal de Estambul (2001);<\/p>\n<p>En Francia, en la Bienal FIAC de Par\u00eds (1975, 1980), Bienal de Niza (1981)<\/p>\n<p>En Francia, en la Bienal de Lyon (1995, 2000);<\/p>\n<p>En Yugoslavia, en la Bienal de Liubliana (1987).<\/p>\n<h2><strong>LUGARES DE EXPOSICI\u00d3N<\/strong><\/h2>\n<p><strong>La obra de ORLAN ha participado en varias exposiciones en todo el mundo.  <\/strong><\/p>\n<p><strong>En Francia :<\/strong>&nbsp;La Topographie de l&#8217;Art, Ch\u00e2teau du Rivau, Centre Georges Pompidou, Palais de Tokyo, Mus\u00e9e d&#8217;Orsay, Maison Europ\u00e9enne de la Photographie, Centre National de la Photographie, Mus\u00e9e Bourdelle (Par\u00eds), Centre de Cr\u00e9ation Contemporaine (CCC) de Tours, Mus\u00e9e d&#8217;art contemporain de Marseille, Mus\u00e9e des Beaux-Arts de Nantes, Mus\u00e9e du Nouveau Monde La Rochelle, Mus\u00e9e d&#8217;Art Moderne de Saint-\u00c9tienne, Villa Arson, Niza, etc&#8230;<\/p>\n<p><strong>En EE.UU.:<\/strong> Andy Warhol Museum, Pittsburgh, PA; LACMA y MOCA, Los \u00c1ngeles, CA; PS1, Nueva York, NY; Bass Museum, Miami, FL; Schmidt Center Gallery Public Space of Florida Atlantic University, Boca Rat\u00f3n, FL; Mildred Lane Kemper Art Museum, Saint-Louis, MO; Sheldon Museum, Lincoln, NE, etc&#8230;<\/p>\n<p><strong>En Canad\u00e1:<\/strong> Art Galerie de Vancouver, Le lieu, Quebec, MacLuhan Science Center, Toronto.<\/p>\n<p><strong>En Colombia :<\/strong> Museo de Arte Moderno de Bogot\u00e1; Academia Superior de Artes de Bogot\u00e1; Museo de Antioquia, Medell\u00edn<\/p>\n<p><strong>En B\u00e9lgica:<\/strong> Museum aan der Stroom, Amberes; M HKA Museum, Amberes; Mus\u00e9e d&#8217;Art et d&#8217;histoire de Lessines.<\/p>\n<p><strong>En Italia:<\/strong> Museo MADRE, N\u00e1poles; Palazzo Strozzi, Florencia; Palazzo delle Esposizioni, Roma; Palazzo Grassi y Palazzo Franchetti, Venecia; Museo D&#8217;Arte Moderna e Contemporanea di Trento e Rovereto, Rovereto.<\/p>\n<p><strong>En Alemania:<\/strong> Gem\u00e4ldegalerie, Berl\u00edn; Kunstmuseum, Ahlen; Instituto KW de Arte Contempor\u00e1neo, Berl\u00edn; St\u00e4dtische Galerie, Karlsruhe; Kunstraum Dreieich, Fr\u00e1ncfort.<\/p>\n<p><strong>En Austria:<\/strong> Kunsthalle y MAK, Viena.<\/p>\n<p><strong>En Luxemburgo:<\/strong> Casino Luxembourg.<\/p>\n<p><strong>En Espa\u00f1a:<\/strong> Fundaci\u00f3n Joan Mir\u00f3, Barcelona; Museo Artium, Vitoria; Museo de la Fotograf\u00eda, Salamanca; MACBA, Madrid.<\/p>\n<p><strong>En Suiza:<\/strong> Mus\u00e9e de l&#8217;Elys\u00e9e, Lausana.<\/p>\n<p><strong>En Rusia:<\/strong> Maison de la Photographie, Laboratoria Art&amp;Science Space y Manege, Mosc\u00fa.<\/p>\n<p><strong>En Corea del Sur&nbsp;<\/strong>: Museo Nacional de Arte Contempor\u00e1neo, Se\u00fal; Museo de Busan, Busan ; Museo de Arte de Daejeon, Daejeon; Museo Sungkok, Se\u00fal.<\/p>\n<p><strong>En Jap\u00f3n:<\/strong> Red Brick Warehouse, Yokohama; Museo Nacional de Arte, Osaka.<\/p>\n","protected":false},"excerpt":{"rendered":"<p>PRINCIPALES RETROSPECTIVAS Se han dedicado varias retrospectivas a ORLAN: Maison Europ\u00e9enne de la Photographie, ORLAN EN CAPITALES, comisariada por J\u00e9rome Neutres (2017) Museo de Arte Sungkok, Retrospectiva ORLAN-Techno-Body en Se\u00fal (Rep\u00fablica de Corea), comisariada por Soukyoun Lee (2016). FRAC Basse-Normandie e Iglesia Saint-Sauveur, ORLAN HOY en Caen (Francia), comisariada por Sylvie Froux (2016). Museo de [&hellip;]<\/p>\n","protected":false},"author":1,"featured_media":0,"parent":0,"menu_order":4,"comment_status":"open","ping_status":"closed","template":"","meta":{"_eb_attr":"","_monsterinsights_skip_tracking":false,"_monsterinsights_sitenote_active":false,"_monsterinsights_sitenote_note":"","_monsterinsights_sitenote_category":0,"_s2mail":"","ngg_post_thumbnail":0,"footnotes":""},"class_list":["post-19787","page","type-page","status-publish","hentry"],"jetpack_sharing_enabled":true,"_links":{"self":[{"href":"https:\/\/www.orlan.eu\/es\/wp-json\/wp\/v2\/pages\/19787","targetHints":{"allow":["GET"]}}],"collection":[{"href":"https:\/\/www.orlan.eu\/es\/wp-json\/wp\/v2\/pages"}],"about":[{"href":"https:\/\/www.orlan.eu\/es\/wp-json\/wp\/v2\/types\/page"}],"author":[{"embeddable":true,"href":"https:\/\/www.orlan.eu\/es\/wp-json\/wp\/v2\/users\/1"}],"replies":[{"embeddable":true,"href":"https:\/\/www.orlan.eu\/es\/wp-json\/wp\/v2\/comments?post=19787"}],"version-history":[{"count":0,"href":"https:\/\/www.orlan.eu\/es\/wp-json\/wp\/v2\/pages\/19787\/revisions"}],"wp:attachment":[{"href":"https:\/\/www.orlan.eu\/es\/wp-json\/wp\/v2\/media?parent=19787"}],"curies":[{"name":"wp","href":"https:\/\/api.w.org\/{rel}","templated":true}]}}